{"id":104,"date":"2023-08-17T20:44:36","date_gmt":"2023-08-17T18:44:36","guid":{"rendered":"https:\/\/www.alloflife.at\/pulse\/?page_id=104"},"modified":"2025-07-16T21:31:15","modified_gmt":"2025-07-16T19:31:15","slug":"about","status":"publish","type":"page","link":"https:\/\/www.alloflife.at\/pulse\/?page_id=104","title":{"rendered":"About"},"content":{"rendered":"<p>[et_pb_section fb_built=&#8221;1&#8243; _builder_version=&#8221;4.23.1&#8243; _module_preset=&#8221;8fa0e031-3d04-4133-9456-582c369c8b50&#8243; background_image=&#8221;https:\/\/www.alloflife.at\/pulse\/wp-content\/uploads\/2023\/09\/DSC00658_web.jpg&#8221; background_position=&#8221;top_center&#8221; background_vertical_offset=&#8221;37%&#8221; global_colors_info=&#8221;{}&#8221;][\/et_pb_section][et_pb_section fb_built=&#8221;1&#8243; _builder_version=&#8221;4.21.0&#8243; _module_preset=&#8221;default&#8221; global_colors_info=&#8221;{}&#8221;][et_pb_row _builder_version=&#8221;4.21.0&#8243; _module_preset=&#8221;c4d09efa-fbc5-49e5-b49c-80d1a863f78e&#8221; custom_padding=&#8221;||52px|||&#8221; global_colors_info=&#8221;{}&#8221;][et_pb_column type=&#8221;4_4&#8243; _builder_version=&#8221;4.21.0&#8243; _module_preset=&#8221;default&#8221; global_colors_info=&#8221;{}&#8221;][et_pb_text _builder_version=&#8221;4.23.1&#8243; _module_preset=&#8221;f7b5e3c0-da15-4252-990f-39452f373601&#8243; header_4_line_height=&#8221;1.5em&#8221; global_colors_info=&#8221;{}&#8221;]<\/p>\n<h1>ueber mich<\/h1>\n<h4>Sei immer liebevoll, achtsam und respektvoll mit DIR \u2013 die wichtigste und l\u00e4ngste Beziehung deines Lebens, ist die mit dir selbst!<\/h4>\n<p>&nbsp;<\/p>\n<p style=\"text-align: left;\">In diesem Moment wo ich diese Zeilen schreibe, g\u00f6nnen sich mein Mann Erich und ich eine dieser bestimmten kurzen Auszeiten, die so unglaublich wichtig sind und jeden von uns helfen, wieder in unsere volle Kraft und zu unserem vollen Potential zu kommen\u2026 aber mal der Reihe nach \ud83d\ude42<\/p>\n<p style=\"text-align: left;\">Geboren wurde ich am 1. Mai 1973 und kam in eine Familie mit jungen unerfahrenen Eltern und einer zwei Jahre \u00e4lteren Schwester. Ich hatte eine tolle Kindheit, war viel in der Natur und hab schnell gemerkt das Tiere ein wichtiger Teil meines Lebens sind. Meine Eltern und meine Schwester haben ihr damals bestm\u00f6gliches getan \u2013 das wei\u00df ich heute und daf\u00fcr bin ich auch unglaublich dankbar!<\/p>\n<p style=\"text-align: left;\">Ich ging den klassischen Weg mit Handelsschule und einer Berufswahl die nie in die Kategorie \u201eTraumjob\u201c geh\u00f6rte (den ich aber immer gerne gemacht habe!) , und als Buchhalter\/Lohnverrechner, Assistenz der GF und M\u00e4dchen f\u00fcr alles, konnte ich meinen selbstauferlegten Drang zum Perfektionismus und meine Definition \u00fcber Leistung voll ausleben. Zuerst einige Jahre in Wien und danach 24 Jahre f\u00fcr eine Firma in Grambach\/Stmk. Ich danke auch diesen beiden Firmen, die mich aufgenommen und f\u00fcr drei Jahrzehnte gut gen\u00e4hrt haben \u2013 viele Reisen, Umbauten und ein unbeschwertes Leben (zumindest finanziell) war mir lange Zeit dadurch m\u00f6glich \u2013 auch euch ein gro\u00dfes Danke!<\/p>\n<h5 style=\"text-align: left;\"><\/h5>\n<p>[\/et_pb_text][\/et_pb_column][\/et_pb_row][et_pb_row _builder_version=&#8221;4.21.0&#8243; _module_preset=&#8221;8cfc5dd8-d8e7-4913-bb88-10ad01941913&#8243; custom_padding=&#8221;0px||0px||false|false&#8221; border_radii=&#8221;on|25px|25px|25px|25px&#8221; global_colors_info=&#8221;{}&#8221;][et_pb_column type=&#8221;4_4&#8243; _builder_version=&#8221;4.21.0&#8243; _module_preset=&#8221;default&#8221; global_colors_info=&#8221;{}&#8221;][et_pb_slider show_arrows=&#8221;off&#8221; _builder_version=&#8221;4.23.1&#8243; _module_preset=&#8221;default&#8221; max_width=&#8221;1080px&#8221; module_alignment=&#8221;center&#8221; min_height=&#8221;50vh&#8221; height=&#8221;500px&#8221; auto=&#8221;on&#8221; auto_speed=&#8221;5000&#8243; hover_enabled=&#8221;0&#8243; global_colors_info=&#8221;{}&#8221; sticky_enabled=&#8221;0&#8243;][et_pb_slide _builder_version=&#8221;4.23.1&#8243; _module_preset=&#8221;default&#8221; background_color=&#8221;RGBA(255,255,255,0)&#8221; background_enable_color=&#8221;on&#8221; background_image=&#8221;https:\/\/www.alloflife.at\/pulse\/wp-content\/uploads\/2024\/01\/DSC00340-Bearbeitet-scaled.jpg&#8221; background_enable_image=&#8221;on&#8221; background_position=&#8221;top_center&#8221; global_colors_info=&#8221;{}&#8221; sticky_transition=&#8221;on&#8221;][\/et_pb_slide][et_pb_slide _builder_version=&#8221;4.23.1&#8243; _module_preset=&#8221;default&#8221; background_color=&#8221;RGBA(255,255,255,0)&#8221; background_enable_color=&#8221;on&#8221; background_image=&#8221;https:\/\/www.alloflife.at\/pulse\/wp-content\/uploads\/2024\/01\/IMG_20230607_083440-scaled.jpg&#8221; background_enable_image=&#8221;on&#8221; global_colors_info=&#8221;{}&#8221; sticky_transition=&#8221;on&#8221;][\/et_pb_slide][et_pb_slide _builder_version=&#8221;4.23.1&#8243; _module_preset=&#8221;default&#8221; background_color=&#8221;RGBA(255,255,255,0)&#8221; background_enable_color=&#8221;on&#8221; background_image=&#8221;https:\/\/www.alloflife.at\/pulse\/wp-content\/uploads\/2024\/01\/DSC00247-4-scaled.jpg&#8221; background_enable_image=&#8221;on&#8221; hover_enabled=&#8221;0&#8243; global_colors_info=&#8221;{}&#8221; sticky_transition=&#8221;on&#8221; sticky_enabled=&#8221;0&#8243;][\/et_pb_slide][et_pb_slide _builder_version=&#8221;4.23.1&#8243; _module_preset=&#8221;default&#8221; background_color=&#8221;RGBA(255,255,255,0)&#8221; background_enable_color=&#8221;on&#8221; background_image=&#8221;https:\/\/www.alloflife.at\/pulse\/wp-content\/uploads\/2024\/02\/DSC00473-Bearbeitet-2-scaled.jpg&#8221; background_enable_image=&#8221;on&#8221; hover_enabled=&#8221;0&#8243; global_colors_info=&#8221;{}&#8221; sticky_transition=&#8221;on&#8221; sticky_enabled=&#8221;0&#8243; title_text=&#8221;DSC00473-Bearbeitet-2&#8243;][\/et_pb_slide][et_pb_slide _builder_version=&#8221;4.23.1&#8243; _module_preset=&#8221;default&#8221; background_color=&#8221;RGBA(255,255,255,0)&#8221; background_enable_color=&#8221;on&#8221; background_image=&#8221;https:\/\/www.alloflife.at\/pulse\/wp-content\/uploads\/2025\/07\/alloflife072025-95-von-110-3-scaled.jpg&#8221; background_enable_image=&#8221;on&#8221; hover_enabled=&#8221;0&#8243; global_colors_info=&#8221;{}&#8221; sticky_transition=&#8221;on&#8221; sticky_enabled=&#8221;0&#8243; title_text=&#8221;alloflife072025 (95 von 110)-3&#8243;][\/et_pb_slide][\/et_pb_slider][\/et_pb_column][\/et_pb_row][\/et_pb_section][et_pb_section fb_built=&#8221;1&#8243; _builder_version=&#8221;4.21.0&#8243; _module_preset=&#8221;default&#8221; custom_padding=&#8221;0px|||||&#8221; global_colors_info=&#8221;{}&#8221;][et_pb_row _builder_version=&#8221;4.21.0&#8243; _module_preset=&#8221;8cfc5dd8-d8e7-4913-bb88-10ad01941913&#8243; custom_margin=&#8221;1px|auto||auto||&#8221; global_colors_info=&#8221;{}&#8221;][et_pb_column type=&#8221;4_4&#8243; _builder_version=&#8221;4.21.0&#8243; _module_preset=&#8221;default&#8221; global_colors_info=&#8221;{}&#8221;][et_pb_text _builder_version=&#8221;4.23.1&#8243; _module_preset=&#8221;f7b5e3c0-da15-4252-990f-39452f373601&#8243; header_4_line_height=&#8221;1.5em&#8221; global_colors_info=&#8221;{}&#8221;]<\/p>\n<h5 style=\"text-align: left;\"><span style=\"font-size: 16px;\">\u201eDas mutigste was ich je in meinem Leben gemacht habe? &#8211; die Komfortzone verlassen und in die VER\u00c4NDERUNG vertraut!<\/span><\/h5>\n<p style=\"text-align: left;\">Im Jahr 2017 hatte ich bereits mehrere Monate burn out Vorzeichen, die ich immer wieder bewusst verdr\u00e4ngt habe: \u201eWenn die Bilanz mal fertig ist\u201c \u201eWenn der Umbau mal abgeschlossen ist\u201c \u201ewenn meine Mama ihre Krebserkrankung \u00fcberstanden hat\u201c etc., hab ich immer auf eine Zeit gewartet, in der es mal ruhiger oder weniger energieraubend wird\u2026 Das wird es aber nicht, wenn man sich nicht BEWUSST daf\u00fcr entscheidet!<\/p>\n<p style=\"text-align: left;\">Anfang 2018 kam dann der totale Zusammenbruch \u2013 mein K\u00f6rper, mein Geist und meine Seele haben mir die Entscheidung abgenommen und es ging mal gar nichts mehr\u2026 Diese Phase meines Prozesses beschreibe ich als meine dunkelste, tiefgehenste, angsteinfl\u00f6\u00dfenste und zeitgleich aber wichtigste und bereichenste Phase meines Lebens! ICH W\u00c4RE HEUTE NICHT ICH, WENN ICH DAS ALLES NICHT ERLEBEN H\u00c4TTE D\u00dcRFEN!!<\/p>\n<p style=\"text-align: left;\">An dieser Stelle m\u00f6chte ich meinem Seelenpartner Erich von ganzem Herzen danken, das er schon seit dem Jahr 2000 an meiner Seite ist und er auch in dieser schlimmsten Phase immer f\u00fcr mich da war, das er den ganzen Laden geschupft hat (mit Job, Haushalt, 2 Hunden, 10 Katzen, 4 Hasen\u2026) ohne mit der Wimper zu zucken und nie auch nur ansatzweise daran gezweifelt hat, das wir das GEMEINSAM schaffen! Danke mein Schatz \u2013 unser Leben bleibt spannend \ud83d\ude42<\/p>\n<p style=\"text-align: left;\">Mein burn out hat eine neue Lebensphase gestartet (trotz Weiterarbeiten im alten Job) \u2013 die Wertigkeiten in unserem Leben haben sich total ver\u00e4ndert und ich wusste pl\u00f6tzlich, das ICH mich VER\u00c4NDERN muss, das das Leben wie es war zwar sehr bequem und sicher ist, aber das es nicht mehr das ist, was meine Seele braucht\u2026. Ich habe angefangen viel und intensiv mit mir zu arbeiten (Yoga, geistiges Familienstellen, Meditation, Holistic pulsing, Access bars,\u2026) und habe mir Hilfe gesucht und angenommen (einer der schwierigsten Aufgaben f\u00fcr mich\u2026) &#8211; auch hier ein riesiges Danke an all jene Menschen, die mich in diesen Zeiten so unterst\u00fctzt haben und mir immer wieder den WEG gezeigt haben \u2013 ABER GEHEN MUSSTE ICH IHN SELBER!<\/p>\n<p style=\"text-align: left;\">Und jetzt bin ich hier \u2013 st\u00e4rker, liebevoller, ehrlicher und dankbarer mit mir selbst! Erich und ich haben die VER\u00c4NDERUNG gewagt, haben unsere gut bezahlten Jobs gek\u00fcndigt und haben seit Dezember 2022 unsere Leidenschaften zu unserem Beruf gemacht. Und seitdem f\u00fchlt sich \u201eArbeit\u201c nicht mehr wie \u201eArbeit\u201c an &#8211; alles was man mit Liebe und Leidenschaft macht, geht leicht von der Hand und bringt dich einem erf\u00fcllten Leben auf allen Ebenen einen Schritt weiter!<\/p>\n<p style=\"text-align: left;\">Ich freue mich, wenn ich DICH dabei unterst\u00fctzen kann, auch Deinen Seelenwunsch herauszufinden, dein Potential zu entfalten und vor allem in DEINE SELBSTHEILUNG zu gehen \u2013 alles was DU brauchst, hast du bereits in DIR! Vertraue auf die VER\u00c4NDERUNG \u2013 Vertraue Deiner KRAFT und Intuition \u2013 Vertraue Deinem LEBEN!<\/p>\n<p style=\"text-align: left;\">Alles Liebe, Gabi<\/p>\n<p style=\"text-align: left;\"><strong>Weiterbildungen bisher<\/strong><br \/>2020 geistiges Familienstellen, mehr Klarheit und Freiheit im t\u00e4gllichen Leben<br \/>2021 Holistic Pulsing \u2013 K\u00f6rperpulsing &amp; Masterclass<br \/>2021 Entspannte Wirbels\u00e4ule und innere Ausrichtung<br \/>2021 Wim Hof Fundamental Workshop<br \/>2022 Access Bars \u00ae Practitioner<br \/>2022 Flow Yogalehrer (mit Zertifizierung)<br \/>2023 Meridian Yoga<br \/>2023 Nuad Thai Yoga Bodyworker \u2013 Level I<br \/>2023 Fuss-, Hand- und Ohrreflexzonen<br \/>2023 Yoga, TCM und Akkupressur f\u00fcr die Frau<\/p>\n<p style=\"text-align: left;\">2025 Kieferbalance<\/p>\n<p>[\/et_pb_text][\/et_pb_column][\/et_pb_row][\/et_pb_section]<\/p>\n","protected":false},"excerpt":{"rendered":"<p>pulse of life &#8211; \u00dcber mich &#8211; Gabi Stricker<br \/>\nSei immer liebevoll, achtsam und respektvoll mit DIR \u2013 die wichtigste und l\u00e4ngste Beziehung deines Lebens, ist die mit dir selbst!<\/p>\n","protected":false},"author":1,"featured_media":0,"parent":0,"menu_order":0,"comment_status":"closed","ping_status":"closed","template":"","meta":{"_et_pb_use_builder":"on","_et_pb_old_content":"","_et_gb_content_width":"","footnotes":""},"class_list":["post-104","page","type-page","status-publish","hentry"],"_links":{"self":[{"href":"https:\/\/www.alloflife.at\/pulse\/index.php?rest_route=\/wp\/v2\/pages\/104","targetHints":{"allow":["GET"]}}],"collection":[{"href":"https:\/\/www.alloflife.at\/pulse\/index.php?rest_route=\/wp\/v2\/pages"}],"about":[{"href":"https:\/\/www.alloflife.at\/pulse\/index.php?rest_route=\/wp\/v2\/types\/page"}],"author":[{"embeddable":true,"href":"https:\/\/www.alloflife.at\/pulse\/index.php?rest_route=\/wp\/v2\/users\/1"}],"replies":[{"embeddable":true,"href":"https:\/\/www.alloflife.at\/pulse\/index.php?rest_route=%2Fwp%2Fv2%2Fcomments&post=104"}],"version-history":[{"count":21,"href":"https:\/\/www.alloflife.at\/pulse\/index.php?rest_route=\/wp\/v2\/pages\/104\/revisions"}],"predecessor-version":[{"id":912,"href":"https:\/\/www.alloflife.at\/pulse\/index.php?rest_route=\/wp\/v2\/pages\/104\/revisions\/912"}],"wp:attachment":[{"href":"https:\/\/www.alloflife.at\/pulse\/index.php?rest_route=%2Fwp%2Fv2%2Fmedia&parent=104"}],"curies":[{"name":"wp","href":"https:\/\/api.w.org\/{rel}","templated":true}]}}