{"id":283,"date":"2023-08-22T12:42:29","date_gmt":"2023-08-22T10:42:29","guid":{"rendered":"https:\/\/www.alloflife.at\/pulse\/?page_id=283"},"modified":"2025-07-16T18:58:11","modified_gmt":"2025-07-16T16:58:11","slug":"access-bars","status":"publish","type":"page","link":"https:\/\/www.alloflife.at\/pulse\/?page_id=283","title":{"rendered":"Access Bars\u00ae"},"content":{"rendered":"<p>[et_pb_section fb_built=&#8221;1&#8243; _builder_version=&#8221;4.23.1&#8243; _module_preset=&#8221;8fa0e031-3d04-4133-9456-582c369c8b50&#8243; background_image=&#8221;https:\/\/www.alloflife.at\/pulse\/wp-content\/uploads\/2024\/01\/DSC00445-Bearbeitet-scaled.jpg&#8221; global_colors_info=&#8221;{}&#8221;][\/et_pb_section][et_pb_section fb_built=&#8221;1&#8243; _builder_version=&#8221;4.21.0&#8243; _module_preset=&#8221;default&#8221; custom_padding=&#8221;20px||23px||false|false&#8221; global_colors_info=&#8221;{}&#8221;][et_pb_row _builder_version=&#8221;4.21.0&#8243; _module_preset=&#8221;8cfc5dd8-d8e7-4913-bb88-10ad01941913&#8243; global_colors_info=&#8221;{}&#8221;][et_pb_column type=&#8221;4_4&#8243; _builder_version=&#8221;4.21.0&#8243; _module_preset=&#8221;default&#8221; global_colors_info=&#8221;{}&#8221;][et_pb_text _builder_version=&#8221;4.21.0&#8243; _module_preset=&#8221;f7b5e3c0-da15-4252-990f-39452f373601&#8243; custom_margin=&#8221;||71px|||&#8221; global_colors_info=&#8221;{}&#8221;]<\/p>\n<h1>access bars\u00ae<\/h1>\n<h4>Alles im Leben kommt zu mir mit Leichtigkeit, Freude und Herrlichkeit<\/h4>\n<p style=\"text-align: left;\">Bei Access Bars\u00ae werden 32 Energiepunkte am Kopf sanft ber\u00fchrt \u2013 diese Energiepunkte \u201ebars\u201c werden verschiedenen Lebensthemen, wie Heilung, Kontrolle, Geld, Kreativit\u00e4t, Wahrnehmung, Trauer, Alterung uvm. zugeordnet &#8211; und bilden eine Verbindung zu alten Glaubenss\u00e4tzen, Erfahrungen, Wertvorstellungen und Traumas.<\/p>\n<p style=\"text-align: left;\">Die bars liegen \u00fcber den Gehirnarealen, in denen unsere Gedanken, Gef\u00fchle und Emotionen dieser Lebensbereiche mittels elektrischen Impulsen verarbeitet werden. Wenn wir gestresst sind, uns Dinge belasten, wir uns mit st\u00e4ndigen Gedankenkarussellen besch\u00e4ftigen oder unser Leben nicht unseren Wunschvorstellungen entspricht, dann arbeitet unser Gehirn in einem sehr hohen Frequenzbereich.<\/p>\n<p style=\"text-align: left;\">Meist sind es genau diesen alten \u00fcbernommenen Glaubenss\u00e4tze, Wertvorstellungen und gespeicherte Begrenzungen, die uns davon abhalten unser Leben so zu gestalten und zu erfahren, wie wir es eigentlich w\u00fcnschen.<\/p>\n<p style=\"text-align: left;\">Durch die Ber\u00fchrung verlangsamen sich die Gehirnstr\u00f6me, du kommst zur Ruhe und einfach und ohne Anstrengung werden die Gedanken, Ideen, Glaubenss\u00e4tze, Emotionen und \u00dcberlegungen freigesetzt, die dich davon abhalten, ein Leben zu kreieren das du liebst &#8211; dadurch k\u00f6nnen sich diese alte Gedankenmuster, begrenzende Ansichten und Bewertungen oder auch verletzende Emotionen l\u00f6sen, und man hat endlich wieder mehr Raum und Energie f\u00fcr eine neue Lebensgestaltung.<\/p>\n<p style=\"text-align: left;\">Dauer: 90 &#8211; 120 min<br \/>Deine Investition in Dich: Euro 120,-<br \/>Auch Paarsitzungen m\u00f6glich (Preis pro Person)<\/p>\n<p>[\/et_pb_text][et_pb_button button_url=&#8221;mailto:gabi@alloflife.at&#8221; button_text=&#8221;jetzt Termin vereinbaren&#8221; button_alignment=&#8221;center&#8221; _builder_version=&#8221;4.21.0&#8243; _module_preset=&#8221;d0e81c5a-a015-4d89-9ed4-5714a2309c35&#8243; button_text_color=&#8221;#FFFFFF&#8221; button_bg_color=&#8221;#9ACA3C&#8221; global_colors_info=&#8221;{}&#8221; button_text_color__hover_enabled=&#8221;on|hover&#8221; button_text_color__hover=&#8221;#939393&#8243; button_bg_color__hover=&#8221;RGBA(255,255,255,0)&#8221;][\/et_pb_button][\/et_pb_column][\/et_pb_row][\/et_pb_section][et_pb_section fb_built=&#8221;1&#8243; _builder_version=&#8221;4.21.0&#8243; _module_preset=&#8221;default&#8221; custom_padding=&#8221;33px||86px|||&#8221; global_colors_info=&#8221;{}&#8221;][et_pb_row _builder_version=&#8221;4.21.0&#8243; _module_preset=&#8221;8cfc5dd8-d8e7-4913-bb88-10ad01941913&#8243; custom_padding=&#8221;0px||0px||false|false&#8221; global_colors_info=&#8221;{}&#8221;][et_pb_column type=&#8221;4_4&#8243; _builder_version=&#8221;4.21.0&#8243; _module_preset=&#8221;default&#8221; global_colors_info=&#8221;{}&#8221;][et_pb_text _builder_version=&#8221;4.21.0&#8243; _module_preset=&#8221;f7b5e3c0-da15-4252-990f-39452f373601&#8243; header_5_font=&#8221;||on||||||&#8221; header_5_font_size=&#8221;26px&#8221; header_5_line_height=&#8221;1.5em&#8221; header_5_line_height_tablet=&#8221;1.5em&#8221; header_5_line_height_phone=&#8221;1.5em&#8221; header_5_line_height_last_edited=&#8221;on|desktop&#8221; global_colors_info=&#8221;{}&#8221;]<\/p>\n<h5>&#8220;Das Schlimmste, was dir nach einer Bars-Session passieren kann, ist dass du dich f\u00fchlst, als h\u00e4ttest du gerade eine gute Kopfmassage bekommen. Im besten Fall ver\u00e4ndert sich dein ganzes Leben.&#8221;<\/h5>\n<p>Gary Douglas (Gr\u00fcnder Access Consciousness\u00ae)[\/et_pb_text][\/et_pb_column][\/et_pb_row][\/et_pb_section][et_pb_section fb_built=&#8221;1&#8243; _builder_version=&#8221;4.21.0&#8243; _module_preset=&#8221;default&#8221; custom_margin=&#8221;0px||0px||false|false&#8221; custom_padding=&#8221;0px||0px||false|false&#8221; global_colors_info=&#8221;{}&#8221;][et_pb_row _builder_version=&#8221;4.21.0&#8243; _module_preset=&#8221;8cfc5dd8-d8e7-4913-bb88-10ad01941913&#8243; custom_padding=&#8221;0px||0px||false|false&#8221; border_radii=&#8221;on|25px|25px|25px|25px&#8221; global_colors_info=&#8221;{}&#8221;][et_pb_column type=&#8221;4_4&#8243; _builder_version=&#8221;4.21.0&#8243; _module_preset=&#8221;default&#8221; global_colors_info=&#8221;{}&#8221;][et_pb_slider show_arrows=&#8221;off&#8221; _builder_version=&#8221;4.23.1&#8243; _module_preset=&#8221;default&#8221; max_width=&#8221;1080px&#8221; module_alignment=&#8221;center&#8221; min_height=&#8221;50vh&#8221; height=&#8221;500px&#8221; auto=&#8221;on&#8221; auto_speed=&#8221;4000&#8243; hover_enabled=&#8221;0&#8243; global_colors_info=&#8221;{}&#8221; sticky_enabled=&#8221;0&#8243;][et_pb_slide _builder_version=&#8221;4.21.0&#8243; _module_preset=&#8221;default&#8221; background_color=&#8221;RGBA(255,255,255,0)&#8221; background_enable_color=&#8221;on&#8221; background_image=&#8221;https:\/\/www.alloflife.at\/pulse\/wp-content\/uploads\/2023\/08\/DSC06332-Bearbeitet_web.jpg&#8221; background_enable_image=&#8221;on&#8221; global_colors_info=&#8221;{}&#8221; sticky_transition=&#8221;on&#8221;][\/et_pb_slide][et_pb_slide _builder_version=&#8221;4.21.0&#8243; _module_preset=&#8221;default&#8221; background_color=&#8221;RGBA(255,255,255,0)&#8221; background_enable_color=&#8221;on&#8221; background_image=&#8221;https:\/\/www.alloflife.at\/pulse\/wp-content\/uploads\/2023\/08\/unbenannt-1-457_web.jpg&#8221; background_enable_image=&#8221;on&#8221; global_colors_info=&#8221;{}&#8221; sticky_transition=&#8221;on&#8221;][\/et_pb_slide][et_pb_slide _builder_version=&#8221;4.23.1&#8243; _module_preset=&#8221;default&#8221; background_color=&#8221;RGBA(255,255,255,0)&#8221; background_enable_color=&#8221;on&#8221; background_image=&#8221;https:\/\/www.alloflife.at\/pulse\/wp-content\/uploads\/2024\/01\/unbenannt-1-449-scaled.jpg&#8221; background_enable_image=&#8221;on&#8221; background_position=&#8221;top_center&#8221; global_colors_info=&#8221;{}&#8221; sticky_transition=&#8221;on&#8221;][\/et_pb_slide][et_pb_slide _builder_version=&#8221;4.23.1&#8243; _module_preset=&#8221;default&#8221; background_color=&#8221;RGBA(255,255,255,0)&#8221; background_enable_color=&#8221;on&#8221; background_image=&#8221;https:\/\/www.alloflife.at\/pulse\/wp-content\/uploads\/2025\/07\/alloflife072025-13-von-110-scaled.jpg&#8221; background_enable_image=&#8221;on&#8221; background_position=&#8221;bottom_center&#8221; hover_enabled=&#8221;0&#8243; global_colors_info=&#8221;{}&#8221; sticky_transition=&#8221;on&#8221; title_text=&#8221;alloflife072025 (13 von 110)&#8221; sticky_enabled=&#8221;0&#8243;][\/et_pb_slide][\/et_pb_slider][\/et_pb_column][\/et_pb_row][\/et_pb_section]<\/p>\n","protected":false},"excerpt":{"rendered":"<p>Bei Access Bars\u00ae werden 32 Energiepunkte am Kopf sanft ber\u00fchrt. Durch die Ber\u00fchrung verlangsamen sich die Gehirnstr\u00f6me, du kommst zur Ruhe.<\/p>\n","protected":false},"author":1,"featured_media":0,"parent":0,"menu_order":0,"comment_status":"closed","ping_status":"closed","template":"","meta":{"_et_pb_use_builder":"on","_et_pb_old_content":"","_et_gb_content_width":"","footnotes":""},"class_list":["post-283","page","type-page","status-publish","hentry"],"_links":{"self":[{"href":"https:\/\/www.alloflife.at\/pulse\/index.php?rest_route=\/wp\/v2\/pages\/283","targetHints":{"allow":["GET"]}}],"collection":[{"href":"https:\/\/www.alloflife.at\/pulse\/index.php?rest_route=\/wp\/v2\/pages"}],"about":[{"href":"https:\/\/www.alloflife.at\/pulse\/index.php?rest_route=\/wp\/v2\/types\/page"}],"author":[{"embeddable":true,"href":"https:\/\/www.alloflife.at\/pulse\/index.php?rest_route=\/wp\/v2\/users\/1"}],"replies":[{"embeddable":true,"href":"https:\/\/www.alloflife.at\/pulse\/index.php?rest_route=%2Fwp%2Fv2%2Fcomments&post=283"}],"version-history":[{"count":10,"href":"https:\/\/www.alloflife.at\/pulse\/index.php?rest_route=\/wp\/v2\/pages\/283\/revisions"}],"predecessor-version":[{"id":873,"href":"https:\/\/www.alloflife.at\/pulse\/index.php?rest_route=\/wp\/v2\/pages\/283\/revisions\/873"}],"wp:attachment":[{"href":"https:\/\/www.alloflife.at\/pulse\/index.php?rest_route=%2Fwp%2Fv2%2Fmedia&parent=283"}],"curies":[{"name":"wp","href":"https:\/\/api.w.org\/{rel}","templated":true}]}}