{"id":363,"date":"2023-09-11T10:05:28","date_gmt":"2023-09-11T08:05:28","guid":{"rendered":"https:\/\/www.alloflife.at\/pulse\/?page_id=363"},"modified":"2025-07-16T20:17:34","modified_gmt":"2025-07-16T18:17:34","slug":"deep-relax","status":"publish","type":"page","link":"https:\/\/www.alloflife.at\/pulse\/?page_id=363","title":{"rendered":"Feel Good"},"content":{"rendered":"<p>[et_pb_section fb_built=&#8221;1&#8243; _builder_version=&#8221;4.23.1&#8243; _module_preset=&#8221;dae5a8d7-025f-4465-a008-6a53eaa34690&#8243; background_image=&#8221;https:\/\/www.alloflife.at\/pulse\/wp-content\/uploads\/2024\/01\/IMG_20210806_055259-scaled.jpg&#8221; background_position=&#8221;bottom_center&#8221; background_vertical_offset=&#8221;13%&#8221; height_phone=&#8221;36vh&#8221; hover_enabled=&#8221;0&#8243; global_colors_info=&#8221;{}&#8221; sticky_enabled=&#8221;0&#8243; title_text=&#8221;IMG_20210806_055259&#8243;][\/et_pb_section][et_pb_section fb_built=&#8221;1&#8243; _builder_version=&#8221;4.21.0&#8243; _module_preset=&#8221;fff207df-70ba-4b5d-b16a-f8d82176f38e&#8221; custom_padding=&#8221;20px||23px||false|false&#8221; global_colors_info=&#8221;{}&#8221;][et_pb_row _builder_version=&#8221;4.21.0&#8243; _module_preset=&#8221;258aa423-766e-468e-b08b-eff568205d40&#8243; global_colors_info=&#8221;{}&#8221;][et_pb_column type=&#8221;4_4&#8243; _builder_version=&#8221;4.21.0&#8243; _module_preset=&#8221;default&#8221; global_colors_info=&#8221;{}&#8221;][et_pb_text _builder_version=&#8221;4.23.1&#8243; _module_preset=&#8221;f7b5e3c0-da15-4252-990f-39452f373601&#8243; custom_margin=&#8221;||71px|||&#8221; header_2_font_size_tablet=&#8221;79px&#8221; header_4_line_height_tablet=&#8221;2.1em&#8221; global_colors_info=&#8221;{}&#8221;]<\/p>\n<h1>feel good<\/h1>\n<h4>eine Entspannungsreise f\u00fcr Deine F\u00fc\u00dfe, H\u00e4nde und Ohren<\/h4>\n<p style=\"text-align: left;\">Bei Feel Good widmen wir uns K\u00f6rperregionen, die von uns meist vernachl\u00e4ssigt werden bzw. selten von anderen Menschen ber\u00fchrt werden. Hauptaugenmerk liegt auf unseren F\u00fc\u00dfen, H\u00e4nden und Ohren \u2013 nach einem kurzen Fu\u00dfbad zum Ankommen ziehst du intuitiv ein \u00e4therisches \u00d6l das in Kombination mit reinen Mandel\u00f6l auf die F\u00fc\u00dfe aufgetragen wird. Angelehnt an die Fu\u00dfreflexzonen werden die Energiebahnen aktiviert, Gelenke gelockert und durch sanftes Dr\u00fccken, Streichen und Ziehen so richtig durch bewegt. Dies f\u00fchrt zu einer totalen Entspannung und gleichzeitig bekommen Deine F\u00fc\u00dfe auch mal die Anerkennung, die ihnen zusteht \u2013 sie tragen dich ganz selbstverst\u00e4ndlich durch den Tag \u2013 beim Gehen, Laufen, Stehen, etc. &#8211; und das maximale an Aufmerksamkeit, das wir ihnen schenken, ist hin und wieder mal eine Fu\u00dfpflege oder wenn sie schmerzen\u2026 und so muss es nicht sein \u2013 g\u00f6nne ihnen und Dir diese Auszeit \u2013 sie haben es verdient! \ud83d\ude42<\/p>\n<p style=\"text-align: left;\">Danach widmen wir uns deinen H\u00e4nden und Ohren \u2013 deine H\u00e4nde sind ebenso wertvolle Werkzeuge im allt\u00e4glichen Leben \u2013 mit Ihnen greifen, sp\u00fcren und ber\u00fchren wir!<br \/>Den Abschluss dieser Entspannungsreise bilden Deine Ohren: In unseren Ohren verlaufen wie in den F\u00fc\u00dfen und H\u00e4nden viele Energiebahnen und in einigen Lehren wird das Ohr als der Spiegel der Gesamtheit von K\u00f6rper, Geist und Seele angesehen.<\/p>\n<p style=\"text-align: left;\">Tauche in die angenehmen Atmosph\u00e4re ein, lass alles los was Du im Moment nicht brauchst, und lass dich auf diese zum Teil ungewohnten Ber\u00fchrungen bzw. Regionen ein und genie\u00dfe diese Entspannungsreise der etwas anderen Art<\/p>\n<p style=\"text-align: left;\">Dauer: 75 min<br \/>Deine Investition in Dich: EUR 75,-<\/p>\n<p>[\/et_pb_text][et_pb_button button_url=&#8221;mailto:gabi@alloflife.at&#8221; button_text=&#8221;jetzt Termin vereinbaren&#8221; button_alignment=&#8221;center&#8221; button_alignment_tablet=&#8221;center&#8221; _builder_version=&#8221;4.21.0&#8243; _module_preset=&#8221;5c584931-5f3e-423f-95b7-06d19ff84051&#8243; button_text_color=&#8221;#FFFFFF&#8221; button_bg_color=&#8221;#9ACA3C&#8221; custom_margin=&#8221;||63px||false|false&#8221; global_colors_info=&#8221;{}&#8221; button_bg_color__hover=&#8221;RGBA(255,255,255,0)&#8221; button_text_color__hover=&#8221;#939393&#8243; button_text_color__hover_enabled=&#8221;on|hover&#8221;][\/et_pb_button][et_pb_text _builder_version=&#8221;4.23.1&#8243; _module_preset=&#8221;f7b5e3c0-da15-4252-990f-39452f373601&#8243; header_5_font=&#8221;||on||||||&#8221; header_5_font_size=&#8221;26px&#8221; header_5_line_height=&#8221;1.5em&#8221; min_height=&#8221;151.8px&#8221; custom_padding=&#8221;20px||20px||true|false&#8221; custom_padding_tablet=&#8221;10px||0px||false|false&#8221; custom_padding_phone=&#8221;10px||0px||false|false&#8221; custom_padding_last_edited=&#8221;on|phone&#8221; header_2_font_size_tablet=&#8221;79px&#8221; header_4_line_height_tablet=&#8221;2.1em&#8221; header_5_line_height_tablet=&#8221;1.5em&#8221; header_5_line_height_phone=&#8221;1.5em&#8221; header_5_line_height_last_edited=&#8221;on|desktop&#8221; global_colors_info=&#8221;{}&#8221;]<\/p>\n<h5>&#8220;Gib den F\u00fc\u00dfen Ruhe, aber auch dem Herzen&#8221;<\/h5>\n<p>Sprichwort<\/p>\n<p>[\/et_pb_text][\/et_pb_column][\/et_pb_row][et_pb_row _builder_version=&#8221;4.21.0&#8243; _module_preset=&#8221;f13a1461-5b4c-4109-8aae-af8959296a16&#8243; custom_padding=&#8221;0px||0px||false|false&#8221; border_radii=&#8221;on|25px|25px|25px|25px&#8221; global_colors_info=&#8221;{}&#8221;][et_pb_column type=&#8221;4_4&#8243; _builder_version=&#8221;4.21.0&#8243; _module_preset=&#8221;default&#8221; global_colors_info=&#8221;{}&#8221;][et_pb_slider show_arrows=&#8221;off&#8221; _builder_version=&#8221;4.23.1&#8243; _module_preset=&#8221;default&#8221; max_width=&#8221;1080px&#8221; module_alignment=&#8221;center&#8221; min_height=&#8221;50vh&#8221; height=&#8221;500px&#8221; auto=&#8221;on&#8221; auto_speed=&#8221;5000&#8243; hover_enabled=&#8221;0&#8243; global_colors_info=&#8221;{}&#8221; sticky_enabled=&#8221;0&#8243;][et_pb_slide _builder_version=&#8221;4.23.1&#8243; _module_preset=&#8221;default&#8221; background_color=&#8221;RGBA(255,255,255,0)&#8221; background_enable_color=&#8221;on&#8221; background_image=&#8221;https:\/\/www.alloflife.at\/pulse\/wp-content\/uploads\/2023\/09\/DSC00545-4._webjpg.jpg&#8221; background_enable_image=&#8221;on&#8221; global_colors_info=&#8221;{}&#8221; sticky_transition=&#8221;on&#8221;][\/et_pb_slide][et_pb_slide _builder_version=&#8221;4.23.1&#8243; _module_preset=&#8221;default&#8221; background_color=&#8221;RGBA(255,255,255,0)&#8221; background_enable_color=&#8221;on&#8221; background_image=&#8221;https:\/\/www.alloflife.at\/pulse\/wp-content\/uploads\/2025\/07\/alloflife072025-15-von-110-3-scaled.jpg&#8221; background_enable_image=&#8221;on&#8221; global_colors_info=&#8221;{}&#8221; sticky_transition=&#8221;on&#8221;][\/et_pb_slide][et_pb_slide _builder_version=&#8221;4.23.1&#8243; _module_preset=&#8221;default&#8221; background_color=&#8221;RGBA(255,255,255,0)&#8221; background_enable_color=&#8221;on&#8221; background_image=&#8221;https:\/\/www.alloflife.at\/pulse\/wp-content\/uploads\/2025\/07\/alloflife072025-24-von-110-scaled.jpg&#8221; background_enable_image=&#8221;on&#8221; background_position=&#8221;top_center&#8221; global_colors_info=&#8221;{}&#8221; sticky_transition=&#8221;on&#8221;][\/et_pb_slide][et_pb_slide _builder_version=&#8221;4.23.1&#8243; _module_preset=&#8221;default&#8221; background_color=&#8221;RGBA(255,255,255,0)&#8221; background_enable_color=&#8221;on&#8221; background_image=&#8221;https:\/\/www.alloflife.at\/pulse\/wp-content\/uploads\/2025\/07\/alloflife072025-26-von-110-scaled.jpg&#8221; background_enable_image=&#8221;on&#8221; background_position=&#8221;top_center&#8221; global_colors_info=&#8221;{}&#8221; sticky_transition=&#8221;on&#8221;][\/et_pb_slide][et_pb_slide _builder_version=&#8221;4.23.1&#8243; _module_preset=&#8221;default&#8221; background_color=&#8221;RGBA(255,255,255,0)&#8221; background_enable_color=&#8221;on&#8221; background_image=&#8221;https:\/\/www.alloflife.at\/pulse\/wp-content\/uploads\/2025\/07\/alloflife072025-35-von-110-scaled.jpg&#8221; background_enable_image=&#8221;on&#8221; background_position=&#8221;bottom_right&#8221; hover_enabled=&#8221;0&#8243; global_colors_info=&#8221;{}&#8221; sticky_transition=&#8221;on&#8221; title_text=&#8221;alloflife072025 (35 von 110)&#8221; background_vertical_offset=&#8221;17%&#8221; background_horizontal_offset=&#8221;27%&#8221; sticky_enabled=&#8221;0&#8243;][\/et_pb_slide][\/et_pb_slider][\/et_pb_column][\/et_pb_row][\/et_pb_section][et_pb_section fb_built=&#8221;1&#8243; _builder_version=&#8221;4.21.0&#8243; _module_preset=&#8221;fff207df-70ba-4b5d-b16a-f8d82176f38e&#8221; custom_margin=&#8221;0px||0px||false|false&#8221; custom_padding=&#8221;0px||0px||false|false&#8221; global_colors_info=&#8221;{}&#8221;][\/et_pb_section]<\/p>\n","protected":false},"excerpt":{"rendered":"<p>G\u00f6nne deinen F\u00fc\u00dfen, H\u00e4nden und Ohren eine ganz besondere Entspannungsreise. Deine Auszeit um in eine angenehme Atmosph\u00e4re einzutauchen und alles loszulassen was du im Moment nicht brauchst. <\/p>\n","protected":false},"author":1,"featured_media":0,"parent":0,"menu_order":0,"comment_status":"closed","ping_status":"closed","template":"","meta":{"_et_pb_use_builder":"on","_et_pb_old_content":"","_et_gb_content_width":"","footnotes":""},"class_list":["post-363","page","type-page","status-publish","hentry"],"_links":{"self":[{"href":"https:\/\/www.alloflife.at\/pulse\/index.php?rest_route=\/wp\/v2\/pages\/363","targetHints":{"allow":["GET"]}}],"collection":[{"href":"https:\/\/www.alloflife.at\/pulse\/index.php?rest_route=\/wp\/v2\/pages"}],"about":[{"href":"https:\/\/www.alloflife.at\/pulse\/index.php?rest_route=\/wp\/v2\/types\/page"}],"author":[{"embeddable":true,"href":"https:\/\/www.alloflife.at\/pulse\/index.php?rest_route=\/wp\/v2\/users\/1"}],"replies":[{"embeddable":true,"href":"https:\/\/www.alloflife.at\/pulse\/index.php?rest_route=%2Fwp%2Fv2%2Fcomments&post=363"}],"version-history":[{"count":18,"href":"https:\/\/www.alloflife.at\/pulse\/index.php?rest_route=\/wp\/v2\/pages\/363\/revisions"}],"predecessor-version":[{"id":908,"href":"https:\/\/www.alloflife.at\/pulse\/index.php?rest_route=\/wp\/v2\/pages\/363\/revisions\/908"}],"wp:attachment":[{"href":"https:\/\/www.alloflife.at\/pulse\/index.php?rest_route=%2Fwp%2Fv2%2Fmedia&parent=363"}],"curies":[{"name":"wp","href":"https:\/\/api.w.org\/{rel}","templated":true}]}}