{"id":786,"date":"2025-05-13T06:31:25","date_gmt":"2025-05-13T04:31:25","guid":{"rendered":"https:\/\/www.alloflife.at\/pulse\/?page_id=786"},"modified":"2025-07-16T19:58:40","modified_gmt":"2025-07-16T17:58:40","slug":"786-2","status":"publish","type":"page","link":"https:\/\/www.alloflife.at\/pulse\/?page_id=786","title":{"rendered":"Klarheit ist Freiheit"},"content":{"rendered":"<p>[et_pb_section fb_built=&#8221;1&#8243; _builder_version=&#8221;4.23.1&#8243; _module_preset=&#8221;dae5a8d7-025f-4465-a008-6a53eaa34690&#8243; background_image=&#8221;https:\/\/www.alloflife.at\/pulse\/wp-content\/uploads\/2024\/01\/DSC00410-4-scaled.jpg&#8221; background_position=&#8221;top_center&#8221; background_vertical_offset=&#8221;42%&#8221; height_phone=&#8221;36vh&#8221; global_colors_info=&#8221;{}&#8221;][\/et_pb_section][et_pb_section fb_built=&#8221;1&#8243; _builder_version=&#8221;4.21.0&#8243; _module_preset=&#8221;fff207df-70ba-4b5d-b16a-f8d82176f38e&#8221; custom_padding=&#8221;20px||23px||false|false&#8221; global_colors_info=&#8221;{}&#8221;][et_pb_row _builder_version=&#8221;4.21.0&#8243; _module_preset=&#8221;258aa423-766e-468e-b08b-eff568205d40&#8243; global_colors_info=&#8221;{}&#8221;][et_pb_column type=&#8221;4_4&#8243; _builder_version=&#8221;4.21.0&#8243; _module_preset=&#8221;default&#8221; global_colors_info=&#8221;{}&#8221;][et_pb_text _builder_version=&#8221;4.23.1&#8243; _module_preset=&#8221;f7b5e3c0-da15-4252-990f-39452f373601&#8243; custom_margin=&#8221;||71px|||&#8221; header_2_font_size_tablet=&#8221;79px&#8221; header_4_line_height_tablet=&#8221;2.1em&#8221; global_colors_info=&#8221;{}&#8221;]<\/p>\n<h1>Klarheit ist Freiheit<\/h1>\n<h4><span data-huuid=\"16053785724786934701\">Wenn deine Sicht klar ist, kannst du deine Freiheit sehen<\/span><\/h4>\n<p style=\"text-align: left;\">Kennst du das auch &#8211; du steckst immer wieder in demselben Gedankenkarussell, Zukunfts\u00e4ngste oder Verletzungen aus der Vergangenheit hindern dich daran, Ver\u00e4nderungen zu wagen?<\/p>\n<p style=\"text-align: left;\">Alte Glaubensmuster, Verstrickungen und deine Erziehung erlauben es dir nicht in deine Kraft zu kommen und neue Wege einzuschlagen?<\/p>\n<p style=\"text-align: left;\">Was blockiert dich immer wieder oder h\u00e4lt dich zur\u00fcck um dich in Liebe von ungesunden Beziehungen, Jobs oder Freundschaften zu l\u00f6sen?<\/p>\n<p style=\"text-align: left;\">In welchen Situationen f\u00fchlst du dich immer wieder nicht &#8220;gut genug&#8221; nicht &#8220;stark genug&#8221; nicht &#8220;gesund genug&#8221; nicht &#8220;sch\u00f6n genug&#8221;? Ohne zu wissen, dass du hier unbewusst Werte aus deiner Familie oder Ahnenreihe \u00fcbernommen hast, die aber nicht DEINE Werte sind?<\/p>\n<p style=\"text-align: left;\">Ich k\u00f6nnte noch vieles an Fragen stellen, die auch alle mal meine Fragen, Zweifel und \u00c4ngste waren&#8230; Wir sind ja alle nur das Ergebnis unserer Erziehung, Erfahrungen und Bewertungen aber sobald mich mein K\u00f6rper und mein Geist gezwungen hatten genau hinzuschauen, konnte ich feststellen, dass so vieles gar nicht (mehr) meine Ansichten, Muster und Gedanken waren.\u00a0<\/p>\n<p style=\"text-align: left;\">Genau da hat f\u00fcr mich Klarheit begonnen und die Freiheit war in greifbarer N\u00e4he!\u00a0<\/p>\n<p style=\"text-align: left;\">Lass uns in einem gemeinsamen Gespr\u00e4ch einen Blick auf deine \u00dcberzeugungen, Glaubenss\u00e4tzen und Bewertungen werfen, in einem vertrauensvollen gesch\u00fctzten Rahmen und auf Augenh\u00f6he! Glaub mir mein Weg war auch nicht leicht, aber mit dem Bewusstsein, dass wir IMMER die Wahl haben und mit den richtigen Werkzeugen schaffen wir es gemeinsam auch deine Sicht zu kl\u00e4ren damit auch du DEINE FREIHEIT sehen kannst! Voller Liebe und Vertrauen!<\/p>\n<p style=\"text-align: left;\">Ich freu mich auf DICH!<\/p>\n<p style=\"text-align: left;\">Dauer: 90 min<\/p>\n<p style=\"text-align: left;\">Deine Investition in Dich: EUR 95,-<\/p>\n<p style=\"text-align: left;\">Diese Sitzung kann auch mit Access Bars oder Holistic Pulsing kombiniert werden (Kombipreis nach Absprache) zuerst erfolgt die Energiearbeit und danach gehen wir behutsam den Dingen auf den Grund.<\/p>\n<p style=\"text-align: left;\">[\/et_pb_text][et_pb_button button_url=&#8221;mailto:gabi@alloflife.at&#8221; button_text=&#8221;jetzt Termin vereinbaren&#8221; button_alignment=&#8221;center&#8221; button_alignment_tablet=&#8221;center&#8221; _builder_version=&#8221;4.21.0&#8243; _module_preset=&#8221;5c584931-5f3e-423f-95b7-06d19ff84051&#8243; button_text_color=&#8221;#FFFFFF&#8221; button_bg_color=&#8221;#9ACA3C&#8221; custom_margin=&#8221;||63px||false|false&#8221; global_colors_info=&#8221;{}&#8221; button_bg_color__hover=&#8221;RGBA(255,255,255,0)&#8221; button_text_color__hover=&#8221;#939393&#8243; button_text_color__hover_enabled=&#8221;on|hover&#8221;][\/et_pb_button][et_pb_text _builder_version=&#8221;4.23.1&#8243; _module_preset=&#8221;f7b5e3c0-da15-4252-990f-39452f373601&#8243; header_5_font=&#8221;||on||||||&#8221; header_5_font_size=&#8221;26px&#8221; header_5_line_height=&#8221;1.5em&#8221; min_height=&#8221;151.8px&#8221; custom_padding=&#8221;20px||20px||true|false&#8221; custom_padding_tablet=&#8221;10px||0px||false|false&#8221; custom_padding_phone=&#8221;10px||0px||false|false&#8221; custom_padding_last_edited=&#8221;on|phone&#8221; header_2_font_size_tablet=&#8221;79px&#8221; header_4_line_height_tablet=&#8221;2.1em&#8221; header_5_line_height_tablet=&#8221;1.5em&#8221; header_5_line_height_phone=&#8221;1.5em&#8221; header_5_line_height_last_edited=&#8221;on|desktop&#8221; global_colors_info=&#8221;{}&#8221;]<\/p>\n<h5>&#8220;<span data-huuid=\"13088917899838038276\">Klarheit ist die Freiheit des Geistes, die es uns erm\u00f6glicht, die Welt mit offenen Augen zu sehen und unser Leben selbstbestimmt zu gestalten.&#8221;<span jscontroller=\"JHnpme\" class=\"pjBG2e\" data-cid=\"6bfab5be-c0c4-4d1b-bd1b-32e43cc197bc\" data-ih=\"\" jsaction=\"rcuQ6b:npT2md\" style=\"visibility: hidden; opacity: 0;\"><span class=\"UV3uM\"><\/span><\/span><\/span><\/h5>\n<div class=\"NPrrbc\" data-cid=\"6bfab5be-c0c4-4d1b-bd1b-32e43cc197bc\" data-uuids=\"13088917899838038276\">\n<div jsname=\"HtgYJd\" class=\"BMebGe btku5b fCrZyc LwdV0e FR7ZSc OJeuxf\" aria-label=\"Weitere Informationen anzeigen\" role=\"button\" jsaction=\"KjsqPd\" data-hveid=\"CAIQAQ\" data-ved=\"2ahUKEwiW3dr3pcGOAxUQ7AIHHX1MIh4Q3fYKegQIAhAB\" tabindex=\"0\">\n<div class=\"niO4u\">\n<div class=\"kHtcsd\"><\/div>\n<\/div>\n<\/div>\n<\/div>\n<p>Sprichwort<\/p>\n<p>[\/et_pb_text][\/et_pb_column][\/et_pb_row][et_pb_row _builder_version=&#8221;4.21.0&#8243; _module_preset=&#8221;f13a1461-5b4c-4109-8aae-af8959296a16&#8243; custom_padding=&#8221;0px||0px||false|false&#8221; border_radii=&#8221;on|25px|25px|25px|25px&#8221; global_colors_info=&#8221;{}&#8221;][et_pb_column type=&#8221;4_4&#8243; _builder_version=&#8221;4.21.0&#8243; _module_preset=&#8221;default&#8221; global_colors_info=&#8221;{}&#8221;][et_pb_slider show_arrows=&#8221;off&#8221; _builder_version=&#8221;4.23.1&#8243; _module_preset=&#8221;default&#8221; max_width=&#8221;1080px&#8221; module_alignment=&#8221;center&#8221; min_height=&#8221;50vh&#8221; height=&#8221;500px&#8221; auto=&#8221;on&#8221; auto_speed=&#8221;5000&#8243; hover_enabled=&#8221;0&#8243; global_colors_info=&#8221;{}&#8221; sticky_enabled=&#8221;0&#8243;][et_pb_slide _builder_version=&#8221;4.23.1&#8243; _module_preset=&#8221;default&#8221; background_color=&#8221;RGBA(255,255,255,0)&#8221; background_enable_color=&#8221;on&#8221; background_image=&#8221;https:\/\/www.alloflife.at\/pulse\/wp-content\/uploads\/2025\/07\/alloflife072025-93-von-110-scaled.jpg&#8221; background_enable_image=&#8221;on&#8221; hover_enabled=&#8221;0&#8243; global_colors_info=&#8221;{}&#8221; sticky_transition=&#8221;on&#8221; sticky_enabled=&#8221;0&#8243;][\/et_pb_slide][et_pb_slide _builder_version=&#8221;4.23.1&#8243; _module_preset=&#8221;default&#8221; background_color=&#8221;RGBA(255,255,255,0)&#8221; background_enable_color=&#8221;on&#8221; background_image=&#8221;https:\/\/www.alloflife.at\/pulse\/wp-content\/uploads\/2023\/09\/unbenannt-1-453_web.jpg&#8221; background_enable_image=&#8221;on&#8221; hover_enabled=&#8221;0&#8243; global_colors_info=&#8221;{}&#8221; sticky_transition=&#8221;on&#8221; title_text=&#8221;unbenannt-1-453_web&#8221; sticky_enabled=&#8221;0&#8243;][\/et_pb_slide][et_pb_slide _builder_version=&#8221;4.23.1&#8243; _module_preset=&#8221;default&#8221; background_color=&#8221;RGBA(255,255,255,0)&#8221; background_enable_color=&#8221;on&#8221; background_image=&#8221;https:\/\/www.alloflife.at\/pulse\/wp-content\/uploads\/2025\/07\/alloflife072025-89-von-110-scaled.jpg&#8221; background_enable_image=&#8221;on&#8221; hover_enabled=&#8221;0&#8243; global_colors_info=&#8221;{}&#8221; sticky_transition=&#8221;on&#8221; title_text=&#8221;alloflife072025 (89 von 110)&#8221; sticky_enabled=&#8221;0&#8243;][\/et_pb_slide][et_pb_slide _builder_version=&#8221;4.23.1&#8243; _module_preset=&#8221;default&#8221; background_color=&#8221;RGBA(255,255,255,0)&#8221; background_enable_color=&#8221;on&#8221; background_image=&#8221;https:\/\/www.alloflife.at\/pulse\/wp-content\/uploads\/2023\/08\/DSC06298_web.jpg&#8221; background_enable_image=&#8221;on&#8221; hover_enabled=&#8221;0&#8243; global_colors_info=&#8221;{}&#8221; sticky_transition=&#8221;on&#8221; title_text=&#8221;DSC06298_web&#8221; sticky_enabled=&#8221;0&#8243;][\/et_pb_slide][\/et_pb_slider][\/et_pb_column][\/et_pb_row][\/et_pb_section][et_pb_section fb_built=&#8221;1&#8243; _builder_version=&#8221;4.21.0&#8243; _module_preset=&#8221;fff207df-70ba-4b5d-b16a-f8d82176f38e&#8221; custom_margin=&#8221;0px||0px||false|false&#8221; custom_padding=&#8221;0px||0px||false|false&#8221; global_colors_info=&#8221;{}&#8221;][\/et_pb_section]<\/p>\n","protected":false},"excerpt":{"rendered":"<p>Klarheit ist Freiheit Wenn deine Sicht klar ist, kannst du deine Freiheit sehen Kennst du das auch &#8211; du steckst immer wieder in demselben Gedankenkarussell, Zukunfts\u00e4ngste oder Verletzungen aus der Vergangenheit hindern dich daran, Ver\u00e4nderungen zu wagen? Alte Glaubensmuster, Verstrickungen und deine Erziehung erlauben es dir nicht in deine Kraft zu kommen und neue Wege [&hellip;]<\/p>\n","protected":false},"author":1,"featured_media":0,"parent":0,"menu_order":0,"comment_status":"closed","ping_status":"closed","template":"","meta":{"_et_pb_use_builder":"on","_et_pb_old_content":"","_et_gb_content_width":"","footnotes":""},"class_list":["post-786","page","type-page","status-publish","hentry"],"_links":{"self":[{"href":"https:\/\/www.alloflife.at\/pulse\/index.php?rest_route=\/wp\/v2\/pages\/786","targetHints":{"allow":["GET"]}}],"collection":[{"href":"https:\/\/www.alloflife.at\/pulse\/index.php?rest_route=\/wp\/v2\/pages"}],"about":[{"href":"https:\/\/www.alloflife.at\/pulse\/index.php?rest_route=\/wp\/v2\/types\/page"}],"author":[{"embeddable":true,"href":"https:\/\/www.alloflife.at\/pulse\/index.php?rest_route=\/wp\/v2\/users\/1"}],"replies":[{"embeddable":true,"href":"https:\/\/www.alloflife.at\/pulse\/index.php?rest_route=%2Fwp%2Fv2%2Fcomments&post=786"}],"version-history":[{"count":9,"href":"https:\/\/www.alloflife.at\/pulse\/index.php?rest_route=\/wp\/v2\/pages\/786\/revisions"}],"predecessor-version":[{"id":900,"href":"https:\/\/www.alloflife.at\/pulse\/index.php?rest_route=\/wp\/v2\/pages\/786\/revisions\/900"}],"wp:attachment":[{"href":"https:\/\/www.alloflife.at\/pulse\/index.php?rest_route=%2Fwp%2Fv2%2Fmedia&parent=786"}],"curies":[{"name":"wp","href":"https:\/\/api.w.org\/{rel}","templated":true}]}}