{"id":89,"date":"2023-08-17T19:34:56","date_gmt":"2023-08-17T17:34:56","guid":{"rendered":"https:\/\/www.alloflife.at\/pulse\/?page_id=89"},"modified":"2024-01-08T11:50:23","modified_gmt":"2024-01-08T10:50:23","slug":"89-2","status":"publish","type":"page","link":"https:\/\/www.alloflife.at\/pulse\/?page_id=89","title":{"rendered":"Holistic pulsing"},"content":{"rendered":"<p>[et_pb_section fb_built=&#8221;1&#8243; _builder_version=&#8221;4.23.1&#8243; _module_preset=&#8221;8fa0e031-3d04-4133-9456-582c369c8b50&#8243; background_image=&#8221;https:\/\/www.alloflife.at\/pulse\/wp-content\/uploads\/2024\/01\/IMG_20220711_100548-scaled.jpg&#8221; background_position=&#8221;top_center&#8221; background_vertical_offset=&#8221;40%&#8221; global_colors_info=&#8221;{}&#8221;][\/et_pb_section][et_pb_section fb_built=&#8221;1&#8243; _builder_version=&#8221;4.21.0&#8243; _module_preset=&#8221;default&#8221; custom_padding=&#8221;20px||23px||false|false&#8221; global_colors_info=&#8221;{}&#8221;][et_pb_row _builder_version=&#8221;4.21.0&#8243; _module_preset=&#8221;8cfc5dd8-d8e7-4913-bb88-10ad01941913&#8243; global_colors_info=&#8221;{}&#8221;][et_pb_column type=&#8221;4_4&#8243; _builder_version=&#8221;4.21.0&#8243; _module_preset=&#8221;default&#8221; global_colors_info=&#8221;{}&#8221;][et_pb_text _builder_version=&#8221;4.23.1&#8243; _module_preset=&#8221;f7b5e3c0-da15-4252-990f-39452f373601&#8243; custom_margin=&#8221;||71px|||&#8221; global_colors_info=&#8221;{}&#8221;]<\/p>\n<h1>Holistic pulsing<\/h1>\n<h4>die heilsame Kraft der Ber\u00fchrungen<\/h4>\n<p style=\"text-align: left;\">HP ist eine sanfte, ganzheitliche K\u00f6rperarbeit bei der der K\u00f6rper mit speziellen Griffen in wiegender \/ pulsierender Bewegungen gehalten wird, was zu einer tiefen Entspannung f\u00fchrt und den Menschen wieder in seinen \u201eUrsprungszustand\u201c zur\u00fcck f\u00fchrt \u2013 mit Gl\u00fcck, Lebensfreude, Selbstliebe, Selbstakzeptanz, Selbstvertrauen und Frieden mit sich selbst.<\/p>\n<p style=\"text-align: left;\">Jeder Mensch hat seine eigene K\u00f6rperschwingung, seinen eigenen UR-Rhythmus in dem er geboren wurde, aber durch bewussten und unbewussten Stress, negativen Glaubenss\u00e4tzen und ungesunden Verhaltensweisen entstehen Verspannungen und Blockaden die unsere k\u00f6rpereigene Schwingung und somit den Energiefluss st\u00f6ren oder blockieren. Als Kind haben wir uns intuitiv bewegt und oft selbst geschaukelt und somit eingebettet in diesen UR-Rhythmus.<\/p>\n<p style=\"text-align: left;\">HP wirkt in der Tiefe des K\u00f6rpers, alle Zellen erinnern sich wieder an diese UR-Schwingung und das kann helfen in seine eigene K\u00f6rperschwingung zu kommen und somit den Energiefluss wieder frei flie\u00dfen zu lassen, Blockaden zu l\u00f6sen, Stress abzubauen, tiefe Ruhe und Entspannung zu erfahren, Selbstheilungskr\u00e4fte zu aktivieren, Wahrnehmung der eigenen Gef\u00fchle, positive Ver\u00e4nderung der Grundstimmung, mehr Energie zu haben und mehr Gelassenheit im Alltag zu erfahren.<\/p>\n<p style=\"text-align: left;\">Gepulst wird in bequemer Kleidung in Bauch- R\u00fccken- oder Seitenlage<\/p>\n<p style=\"text-align: left;\">Dauer: 75 min<br \/>Deine Investition in Dich: Euro 75,-<\/p>\n<p>[\/et_pb_text][et_pb_button button_url=&#8221;mailto:gabi@alloflife.at&#8221; button_text=&#8221;jetzt Termin vereinbaren&#8221; button_alignment=&#8221;center&#8221; _builder_version=&#8221;4.21.0&#8243; _module_preset=&#8221;d0e81c5a-a015-4d89-9ed4-5714a2309c35&#8243; button_text_color=&#8221;#FFFFFF&#8221; button_bg_color=&#8221;#9ACA3C&#8221; global_colors_info=&#8221;{}&#8221; button_text_color__hover_enabled=&#8221;on|hover&#8221; button_text_color__hover=&#8221;#939393&#8243; button_bg_color__hover=&#8221;RGBA(255,255,255,0)&#8221;][\/et_pb_button][\/et_pb_column][\/et_pb_row][\/et_pb_section][et_pb_section fb_built=&#8221;1&#8243; _builder_version=&#8221;4.21.0&#8243; _module_preset=&#8221;default&#8221; global_colors_info=&#8221;{}&#8221;][et_pb_row _builder_version=&#8221;4.21.0&#8243; _module_preset=&#8221;8cfc5dd8-d8e7-4913-bb88-10ad01941913&#8243; custom_padding=&#8221;0px||0px||false|false&#8221; global_colors_info=&#8221;{}&#8221;][et_pb_column type=&#8221;4_4&#8243; _builder_version=&#8221;4.21.0&#8243; _module_preset=&#8221;default&#8221; global_colors_info=&#8221;{}&#8221;][et_pb_text _builder_version=&#8221;4.21.0&#8243; _module_preset=&#8221;f7b5e3c0-da15-4252-990f-39452f373601&#8243; header_5_font=&#8221;||on||||||&#8221; header_5_font_size=&#8221;26px&#8221; header_5_line_height=&#8221;1.5em&#8221; header_5_line_height_tablet=&#8221;1.5em&#8221; header_5_line_height_phone=&#8221;1.5em&#8221; header_5_line_height_last_edited=&#8221;on|desktop&#8221; global_colors_info=&#8221;{}&#8221;]<\/p>\n<h5>&#8220;Alles ist Schwingung &#8211; \u00e4ndere Deine Schwingung und es \u00e4ndert sich Dein Leben!&#8221;<\/h5>\n<p>Phytagoras<\/p>\n<p>[\/et_pb_text][\/et_pb_column][\/et_pb_row][\/et_pb_section][et_pb_section fb_built=&#8221;1&#8243; _builder_version=&#8221;4.21.0&#8243; _module_preset=&#8221;default&#8221; custom_margin=&#8221;0px||0px||false|false&#8221; custom_padding=&#8221;0px||0px||false|false&#8221; global_colors_info=&#8221;{}&#8221;][et_pb_row _builder_version=&#8221;4.21.0&#8243; _module_preset=&#8221;8cfc5dd8-d8e7-4913-bb88-10ad01941913&#8243; custom_padding=&#8221;0px||0px||false|false&#8221; border_radii=&#8221;on|25px|25px|25px|25px&#8221; global_colors_info=&#8221;{}&#8221;][et_pb_column type=&#8221;4_4&#8243; _builder_version=&#8221;4.21.0&#8243; _module_preset=&#8221;default&#8221; global_colors_info=&#8221;{}&#8221;][et_pb_slider show_arrows=&#8221;off&#8221; _builder_version=&#8221;4.23.1&#8243; _module_preset=&#8221;default&#8221; background_image=&#8221;https:\/\/www.alloflife.at\/pulse\/wp-content\/uploads\/2023\/08\/DSC06354-Bearbeitet_web-scaled.jpg&#8221; background_position=&#8221;top_center&#8221; background_vertical_offset=&#8221;70%&#8221; max_width=&#8221;1080px&#8221; module_alignment=&#8221;center&#8221; min_height=&#8221;50vh&#8221; height=&#8221;500px&#8221; auto=&#8221;on&#8221; auto_speed=&#8221;5000&#8243; hover_enabled=&#8221;0&#8243; global_colors_info=&#8221;{}&#8221; sticky_enabled=&#8221;0&#8243;][et_pb_slide _builder_version=&#8221;4.23.1&#8243; _module_preset=&#8221;default&#8221; background_color=&#8221;RGBA(255,255,255,0)&#8221; background_enable_color=&#8221;on&#8221; background_image=&#8221;https:\/\/www.alloflife.at\/pulse\/wp-content\/uploads\/2024\/01\/unbenannt-1-465-scaled.jpg&#8221; background_enable_image=&#8221;on&#8221; background_position=&#8221;center_right&#8221; hover_enabled=&#8221;0&#8243; global_colors_info=&#8221;{}&#8221; sticky_transition=&#8221;on&#8221; title_text=&#8221;unbenannt-1-465&#8243; sticky_enabled=&#8221;0&#8243;][\/et_pb_slide][et_pb_slide _builder_version=&#8221;4.23.1&#8243; _module_preset=&#8221;default&#8221; background_color=&#8221;RGBA(255,255,255,0)&#8221; background_enable_color=&#8221;on&#8221; background_image=&#8221;https:\/\/www.alloflife.at\/pulse\/wp-content\/uploads\/2023\/08\/DSC06298_web.jpg&#8221; background_enable_image=&#8221;on&#8221; background_position=&#8221;center_right&#8221; hover_enabled=&#8221;0&#8243; global_colors_info=&#8221;{}&#8221; sticky_transition=&#8221;on&#8221; title_text=&#8221;DSC06298_web&#8221; sticky_enabled=&#8221;0&#8243;][\/et_pb_slide][et_pb_slide _builder_version=&#8221;4.23.1&#8243; _module_preset=&#8221;default&#8221; background_color=&#8221;RGBA(255,255,255,0)&#8221; background_enable_color=&#8221;on&#8221; background_image=&#8221;https:\/\/www.alloflife.at\/pulse\/wp-content\/uploads\/2023\/09\/unbenannt-1-471_web.jpg&#8221; background_enable_image=&#8221;on&#8221; hover_enabled=&#8221;0&#8243; global_colors_info=&#8221;{}&#8221; sticky_transition=&#8221;on&#8221; title_text=&#8221;unbenannt-1-471_web&#8221; sticky_enabled=&#8221;0&#8243;][\/et_pb_slide][\/et_pb_slider][\/et_pb_column][\/et_pb_row][\/et_pb_section]<\/p>\n","protected":false},"excerpt":{"rendered":"<p>Erfahre selbst die heilsame Kraft der Ber\u00fchrungen.<\/p>\n","protected":false},"author":1,"featured_media":0,"parent":0,"menu_order":0,"comment_status":"closed","ping_status":"closed","template":"","meta":{"_et_pb_use_builder":"on","_et_pb_old_content":"","_et_gb_content_width":"","footnotes":""},"class_list":["post-89","page","type-page","status-publish","hentry"],"_links":{"self":[{"href":"https:\/\/www.alloflife.at\/pulse\/index.php?rest_route=\/wp\/v2\/pages\/89","targetHints":{"allow":["GET"]}}],"collection":[{"href":"https:\/\/www.alloflife.at\/pulse\/index.php?rest_route=\/wp\/v2\/pages"}],"about":[{"href":"https:\/\/www.alloflife.at\/pulse\/index.php?rest_route=\/wp\/v2\/types\/page"}],"author":[{"embeddable":true,"href":"https:\/\/www.alloflife.at\/pulse\/index.php?rest_route=\/wp\/v2\/users\/1"}],"replies":[{"embeddable":true,"href":"https:\/\/www.alloflife.at\/pulse\/index.php?rest_route=%2Fwp%2Fv2%2Fcomments&post=89"}],"version-history":[{"count":23,"href":"https:\/\/www.alloflife.at\/pulse\/index.php?rest_route=\/wp\/v2\/pages\/89\/revisions"}],"predecessor-version":[{"id":517,"href":"https:\/\/www.alloflife.at\/pulse\/index.php?rest_route=\/wp\/v2\/pages\/89\/revisions\/517"}],"wp:attachment":[{"href":"https:\/\/www.alloflife.at\/pulse\/index.php?rest_route=%2Fwp%2Fv2%2Fmedia&parent=89"}],"curies":[{"name":"wp","href":"https:\/\/api.w.org\/{rel}","templated":true}]}}