{"id":9,"date":"2023-08-17T10:46:57","date_gmt":"2023-08-17T08:46:57","guid":{"rendered":"https:\/\/www.alloflife.at\/pulse\/?page_id=9"},"modified":"2026-01-14T19:43:01","modified_gmt":"2026-01-14T18:43:01","slug":"home","status":"publish","type":"page","link":"https:\/\/www.alloflife.at\/pulse\/","title":{"rendered":"home"},"content":{"rendered":"<p>[et_pb_section fb_built=&#8221;1&#8243; _builder_version=&#8221;4.21.0&#8243; _module_preset=&#8221;8fa0e031-3d04-4133-9456-582c369c8b50&#8243; global_colors_info=&#8221;{}&#8221;][\/et_pb_section][et_pb_section fb_built=&#8221;1&#8243; _builder_version=&#8221;4.21.0&#8243; _module_preset=&#8221;default&#8221; global_colors_info=&#8221;{}&#8221;][et_pb_row _builder_version=&#8221;4.21.0&#8243; _module_preset=&#8221;c4d09efa-fbc5-49e5-b49c-80d1a863f78e&#8221; custom_padding=&#8221;||8px|||&#8221; global_colors_info=&#8221;{}&#8221;][et_pb_column type=&#8221;4_4&#8243; _builder_version=&#8221;4.21.0&#8243; _module_preset=&#8221;default&#8221; global_colors_info=&#8221;{}&#8221;][et_pb_text _builder_version=&#8221;4.23.1&#8243; _module_preset=&#8221;f7b5e3c0-da15-4252-990f-39452f373601&#8243; global_colors_info=&#8221;{}&#8221;]<\/p>\n<h1>Hallo du wunderbare Seele!<\/h1>\n<h4>Herzlich Willkommen bei pulse of life<\/h4>\n<p>In unseren behaglichen \u201eAuszeit R\u00e4umen\u201c bieten wir Dir etwas so wertvolles:<br \/><strong>Zeit f\u00fcr DICH!<\/strong> Zeit f\u00fcr Entspannung und Erholung, Zeit zum Innehalten, Reflektieren und Neu-kreieren, Zeit zum Ankommen, Loslassen und Wohlf\u00fchlen.<\/p>\n<p>Zeit um Klarheit zu finden, denn Klarheit ist Freiheit auf allen Ebenen!<\/p>\n<p>[\/et_pb_text][et_pb_text _builder_version=&#8221;4.21.0&#8243; _module_preset=&#8221;f7b5e3c0-da15-4252-990f-39452f373601&#8243; header_5_font=&#8221;||on||||||&#8221; header_5_font_size=&#8221;26px&#8221; header_5_line_height=&#8221;1.5em&#8221; custom_padding=&#8221;120px||50px||false|false&#8221; custom_padding_tablet=&#8221;120px||50px||false|false&#8221; custom_padding_phone=&#8221;120px||50px||false|false&#8221; custom_padding_last_edited=&#8221;on|tablet&#8221; header_5_line_height_tablet=&#8221;1.5em&#8221; header_5_line_height_phone=&#8221;1.5em&#8221; header_5_line_height_last_edited=&#8221;on|desktop&#8221; locked=&#8221;off&#8221; global_colors_info=&#8221;{}&#8221;]<\/p>\n<h5>\u201eWir m\u00fcssen von Zeit zu Zeit eine Rast einlegen und warten, bis unsere Seelen uns wieder eingeholt haben.\u201c<\/h5>\n<p>Indianische Weisheit<\/p>\n<p>[\/et_pb_text][et_pb_text _builder_version=&#8221;4.21.0&#8243; _module_preset=&#8221;f7b5e3c0-da15-4252-990f-39452f373601&#8243; custom_padding=&#8221;50px||||false|false&#8221; global_colors_info=&#8221;{}&#8221;]<\/p>\n<h1>deine Auszeit<\/h1>\n<p>[\/et_pb_text][\/et_pb_column][\/et_pb_row][et_pb_row column_structure=&#8221;1_4,1_4,1_4,1_4&#8243; custom_padding_last_edited=&#8221;on|phone&#8221; _builder_version=&#8221;4.21.0&#8243; _module_preset=&#8221;8cfc5dd8-d8e7-4913-bb88-10ad01941913&#8243; width=&#8221;85%&#8221; width_tablet=&#8221;74%&#8221; max_width=&#8221;1500px&#8221; custom_margin=&#8221;22px|auto||auto|false|false&#8221; custom_margin_tablet=&#8221;20px||||false|false&#8221; custom_margin_phone=&#8221;0px||||false|false&#8221; custom_margin_last_edited=&#8221;on|desktop&#8221; custom_padding=&#8221;||||false|false&#8221; custom_padding_tablet=&#8221;||||false|false&#8221; custom_padding_phone=&#8221;||||false|false&#8221; global_colors_info=&#8221;{}&#8221;][et_pb_column type=&#8221;1_4&#8243; _builder_version=&#8221;4.21.0&#8243; _module_preset=&#8221;default&#8221; global_colors_info=&#8221;{}&#8221;][et_pb_image src=&#8221;https:\/\/www.alloflife.at\/pulse\/wp-content\/uploads\/2024\/01\/home_5.jpg&#8221; title_text=&#8221;home_5&#8243; align=&#8221;center&#8221; _builder_version=&#8221;4.23.1&#8243; _module_preset=&#8221;default&#8221; width=&#8221;80%&#8221; module_alignment=&#8221;center&#8221; border_radii=&#8221;on|25px|25px|25px|25px&#8221; global_colors_info=&#8221;{}&#8221;][\/et_pb_image][et_pb_text _builder_version=&#8221;4.22.1&#8243; _module_preset=&#8221;f7b5e3c0-da15-4252-990f-39452f373601&#8243; global_colors_info=&#8221;{}&#8221;]<\/p>\n<h4>Holistic Pulsing<\/h4>\n<p>die heilsame Kraft<br \/>der Ber\u00fchrung<\/p>\n<p>[\/et_pb_text][et_pb_button button_url=&#8221;https:\/\/www.alloflife.at\/pulse\/?page_id=89&#8243; button_text=&#8221;mehr&#8221; button_alignment=&#8221;center&#8221; _builder_version=&#8221;4.21.0&#8243; _module_preset=&#8221;d0e81c5a-a015-4d89-9ed4-5714a2309c35&#8243; global_colors_info=&#8221;{}&#8221;][\/et_pb_button][\/et_pb_column][et_pb_column type=&#8221;1_4&#8243; _builder_version=&#8221;4.21.0&#8243; _module_preset=&#8221;default&#8221; global_colors_info=&#8221;{}&#8221;][et_pb_image src=&#8221;https:\/\/www.alloflife.at\/pulse\/wp-content\/uploads\/2023\/08\/home_4.jpg&#8221; title_text=&#8221;home_4&#8243; align=&#8221;center&#8221; _builder_version=&#8221;4.23.1&#8243; _module_preset=&#8221;default&#8221; width=&#8221;80%&#8221; module_alignment=&#8221;center&#8221; border_radii=&#8221;on|25px|25px|25px|25px&#8221; global_colors_info=&#8221;{}&#8221;][\/et_pb_image][et_pb_text _builder_version=&#8221;4.21.0&#8243; _module_preset=&#8221;f7b5e3c0-da15-4252-990f-39452f373601&#8243; global_colors_info=&#8221;{}&#8221;]<\/p>\n<h4>Access Bars\u00ae<\/h4>\n<p>f\u00fcr mehr Leichtigkeit <br \/>und Klarheit im Leben<\/p>\n<p>[\/et_pb_text][et_pb_button button_url=&#8221;https:\/\/www.alloflife.at\/pulse\/?page_id=283&#8243; button_text=&#8221;mehr&#8221; button_alignment=&#8221;center&#8221; _builder_version=&#8221;4.21.0&#8243; _module_preset=&#8221;d0e81c5a-a015-4d89-9ed4-5714a2309c35&#8243; global_colors_info=&#8221;{}&#8221;][\/et_pb_button][\/et_pb_column][et_pb_column type=&#8221;1_4&#8243; _builder_version=&#8221;4.21.0&#8243; _module_preset=&#8221;default&#8221; global_colors_info=&#8221;{}&#8221;][et_pb_image src=&#8221;https:\/\/www.alloflife.at\/pulse\/wp-content\/uploads\/2025\/07\/alloflife072025-77-von-110-scaled.jpg&#8221; title_text=&#8221;alloflife072025 (77 von 110)&#8221; align=&#8221;center&#8221; _builder_version=&#8221;4.23.1&#8243; _module_preset=&#8221;default&#8221; width=&#8221;80%&#8221; module_alignment=&#8221;center&#8221; min_height=&#8221;100px&#8221; height=&#8221;253px&#8221; border_radii=&#8221;on|25px|25px|25px|25px&#8221; global_colors_info=&#8221;{}&#8221;][\/et_pb_image][et_pb_text _builder_version=&#8221;4.21.0&#8243; _module_preset=&#8221;f7b5e3c0-da15-4252-990f-39452f373601&#8243; global_colors_info=&#8221;{}&#8221;]<\/p>\n<h4>Deep Relax<\/h4>\n<p>gib Kontrolle ab und erfahre <br \/>tiefste Entspannung<\/p>\n<p>[\/et_pb_text][et_pb_button button_url=&#8221;https:\/\/alloflife.at\/pulse\/?page_id=371&#8243; button_text=&#8221;mehr&#8221; button_alignment=&#8221;center&#8221; _builder_version=&#8221;4.21.0&#8243; _module_preset=&#8221;d0e81c5a-a015-4d89-9ed4-5714a2309c35&#8243; global_colors_info=&#8221;{}&#8221;][\/et_pb_button][\/et_pb_column][et_pb_column type=&#8221;1_4&#8243; _builder_version=&#8221;4.21.0&#8243; _module_preset=&#8221;default&#8221; global_colors_info=&#8221;{}&#8221;][et_pb_image src=&#8221;https:\/\/www.alloflife.at\/pulse\/wp-content\/uploads\/2025\/07\/alloflife072025-5-von-110-scaled.jpg&#8221; title_text=&#8221;alloflife072025 (5 von 110)&#8221; align=&#8221;center&#8221; _builder_version=&#8221;4.23.1&#8243; _module_preset=&#8221;default&#8221; width=&#8221;100%&#8221; max_width=&#8221;86%&#8221; module_alignment=&#8221;center&#8221; min_height=&#8221;253px&#8221; height=&#8221;100px&#8221; max_height=&#8221;303px&#8221; border_radii=&#8221;on|25px|25px|25px|25px&#8221; global_colors_info=&#8221;{}&#8221;][\/et_pb_image][et_pb_text _builder_version=&#8221;4.23.1&#8243; _module_preset=&#8221;f7b5e3c0-da15-4252-990f-39452f373601&#8243; global_colors_info=&#8221;{}&#8221;]<\/p>\n<h4><\/h4>\n<h4>Kieferbalance<\/h4>\n<p>Ausgeglichener Kiefer &#8211; ausgeglichener K\u00f6rper <\/p>\n<p>[\/et_pb_text][et_pb_button button_url=&#8221;https:\/\/www.alloflife.at\/pulse\/?page_id=780&#8243; button_text=&#8221;mehr&#8221; button_alignment=&#8221;center&#8221; _builder_version=&#8221;4.23.1&#8243; _module_preset=&#8221;d0e81c5a-a015-4d89-9ed4-5714a2309c35&#8243; global_colors_info=&#8221;{}&#8221;][\/et_pb_button][\/et_pb_column][\/et_pb_row][et_pb_row column_structure=&#8221;1_3,1_3,1_3&#8243; custom_padding_last_edited=&#8221;on|phone&#8221; _builder_version=&#8221;4.23.1&#8243; _module_preset=&#8221;8cfc5dd8-d8e7-4913-bb88-10ad01941913&#8243; width=&#8221;60%&#8221; width_tablet=&#8221;74%&#8221; width_phone=&#8221;74%&#8221; width_last_edited=&#8221;on|desktop&#8221; max_width=&#8221;1500px&#8221; custom_margin=&#8221;22px|auto||auto|false|false&#8221; custom_margin_tablet=&#8221;20px||||false|false&#8221; custom_margin_phone=&#8221;0px||||false|false&#8221; custom_margin_last_edited=&#8221;on|desktop&#8221; custom_padding=&#8221;||||false|false&#8221; custom_padding_tablet=&#8221;||||false|false&#8221; custom_padding_phone=&#8221;||||false|false&#8221; global_colors_info=&#8221;{}&#8221;][et_pb_column type=&#8221;1_3&#8243; _builder_version=&#8221;4.21.0&#8243; _module_preset=&#8221;default&#8221; global_colors_info=&#8221;{}&#8221;][et_pb_image src=&#8221;https:\/\/www.alloflife.at\/pulse\/wp-content\/uploads\/2025\/07\/alloflife072025-17-von-110-scaled.jpg&#8221; title_text=&#8221;alloflife072025 (17 von 110)&#8221; align=&#8221;center&#8221; _builder_version=&#8221;4.23.1&#8243; _module_preset=&#8221;default&#8221; width=&#8221;80%&#8221; module_alignment=&#8221;center&#8221; border_radii=&#8221;on|25px|25px|25px|25px&#8221; global_colors_info=&#8221;{}&#8221;][\/et_pb_image][et_pb_text _builder_version=&#8221;4.21.0&#8243; _module_preset=&#8221;f7b5e3c0-da15-4252-990f-39452f373601&#8243; global_colors_info=&#8221;{}&#8221;]<\/p>\n<h4>Feel Good<\/h4>\n<p>eine Entspannungsreise der etwas anderen Art<\/p>\n<p>[\/et_pb_text][et_pb_button button_url=&#8221;https:\/\/www.alloflife.at\/pulse\/?page_id=363&#8243; button_text=&#8221;mehr&#8221; button_alignment=&#8221;center&#8221; _builder_version=&#8221;4.21.0&#8243; _module_preset=&#8221;d0e81c5a-a015-4d89-9ed4-5714a2309c35&#8243; global_colors_info=&#8221;{}&#8221;][\/et_pb_button][\/et_pb_column][et_pb_column type=&#8221;1_3&#8243; _builder_version=&#8221;4.21.0&#8243; _module_preset=&#8221;default&#8221; global_colors_info=&#8221;{}&#8221;][et_pb_image src=&#8221;https:\/\/www.alloflife.at\/pulse\/wp-content\/uploads\/2024\/01\/home_6.jpg&#8221; title_text=&#8221;home_6&#8243; align=&#8221;center&#8221; _builder_version=&#8221;4.23.1&#8243; _module_preset=&#8221;default&#8221; width=&#8221;80%&#8221; module_alignment=&#8221;center&#8221; border_radii=&#8221;on|25px|25px|25px|25px&#8221; global_colors_info=&#8221;{}&#8221;][\/et_pb_image][et_pb_text _builder_version=&#8221;4.21.0&#8243; _module_preset=&#8221;f7b5e3c0-da15-4252-990f-39452f373601&#8243; global_colors_info=&#8221;{}&#8221;]<\/p>\n<h4>Yoga<\/h4>\n<p>eine Meditation <br \/>in Bewegung<\/p>\n<p>[\/et_pb_text][et_pb_button button_url=&#8221;https:\/\/www.alloflife.at\/pulse\/?page_id=200&#8243; button_text=&#8221;mehr&#8221; button_alignment=&#8221;center&#8221; _builder_version=&#8221;4.21.0&#8243; _module_preset=&#8221;d0e81c5a-a015-4d89-9ed4-5714a2309c35&#8243; global_colors_info=&#8221;{}&#8221;][\/et_pb_button][\/et_pb_column][et_pb_column type=&#8221;1_3&#8243; _builder_version=&#8221;4.21.0&#8243; _module_preset=&#8221;default&#8221; global_colors_info=&#8221;{}&#8221;][et_pb_image src=&#8221;https:\/\/www.alloflife.at\/pulse\/wp-content\/uploads\/2025\/07\/DSC05313-Bearbeitet-2-scaled.jpg&#8221; title_text=&#8221;DSC05313-Bearbeitet-2&#8243; align=&#8221;center&#8221; _builder_version=&#8221;4.23.1&#8243; _module_preset=&#8221;default&#8221; width=&#8221;80%&#8221; max_width=&#8221;100%&#8221; module_alignment=&#8221;center&#8221; min_height=&#8221;253px&#8221; height=&#8221;228px&#8221; max_height=&#8221;441px&#8221; border_radii=&#8221;on|25px|25px|25px|25px&#8221; global_colors_info=&#8221;{}&#8221;][\/et_pb_image][et_pb_text _builder_version=&#8221;4.23.1&#8243; _module_preset=&#8221;f7b5e3c0-da15-4252-990f-39452f373601&#8243; hover_enabled=&#8221;0&#8243; global_colors_info=&#8221;{}&#8221; sticky_enabled=&#8221;0&#8243;]<\/p>\n<h4>Klarheit ist Freiheit<\/h4>\n<p><span class=\"wpaicg-chat-message\" id=\"wpaicg-chat-message-72193\">Wenn deine Sicht klar ist, kannst du deine Freiheit erkennen<\/span>[\/et_pb_text][et_pb_button button_url=&#8221;https:\/\/www.alloflife.at\/pulse\/?page_id=786&#8243; button_text=&#8221;mehr&#8221; button_alignment=&#8221;center&#8221; _builder_version=&#8221;4.23.1&#8243; _module_preset=&#8221;d0e81c5a-a015-4d89-9ed4-5714a2309c35&#8243; global_colors_info=&#8221;{}&#8221;][\/et_pb_button][\/et_pb_column][\/et_pb_row][et_pb_row _builder_version=&#8221;4.22.1&#8243; _module_preset=&#8221;c4d09efa-fbc5-49e5-b49c-80d1a863f78e&#8221; custom_margin=&#8221;0px||0px||false|false&#8221; custom_padding=&#8221;0px||0px||false|false&#8221; global_colors_info=&#8221;{}&#8221;][et_pb_column type=&#8221;4_4&#8243; _builder_version=&#8221;4.21.0&#8243; _module_preset=&#8221;default&#8221; global_colors_info=&#8221;{}&#8221;][et_pb_text _builder_version=&#8221;4.23.1&#8243; _module_preset=&#8221;f7b5e3c0-da15-4252-990f-39452f373601&#8243; header_5_font=&#8221;||on||||||&#8221; header_5_font_size=&#8221;26px&#8221; header_5_line_height=&#8221;1.5em&#8221; custom_padding=&#8221;20px||50px||false|false&#8221; custom_padding_tablet=&#8221;120px||50px||false|false&#8221; custom_padding_phone=&#8221;120px||50px||false|false&#8221; custom_padding_last_edited=&#8221;on|tablet&#8221; header_5_line_height_tablet=&#8221;1.5em&#8221; header_5_line_height_phone=&#8221;1.5em&#8221; header_5_line_height_last_edited=&#8221;on|desktop&#8221; locked=&#8221;off&#8221; global_colors_info=&#8221;{}&#8221;]<\/p>\n<h5>\u201eWas hinter uns liegt und was vor uns liegt, sind winzige Dinge im Vergleich zu dem,<\/h5>\n<h5>was in uns liegt\u201c<\/h5>\n<p>Ralph Waldo Emerson<\/p>\n<p>[\/et_pb_text][\/et_pb_column][\/et_pb_row][\/et_pb_section][et_pb_section fb_built=&#8221;1&#8243; _builder_version=&#8221;4.21.0&#8243; _module_preset=&#8221;default&#8221; custom_margin=&#8221;0px||0px||false|false&#8221; custom_padding=&#8221;0px||0px||false|false&#8221; global_colors_info=&#8221;{}&#8221;][et_pb_row _builder_version=&#8221;4.21.0&#8243; _module_preset=&#8221;default&#8221; width=&#8221;100%&#8221; max_width=&#8221;2560px&#8221; module_alignment=&#8221;center&#8221; custom_margin=&#8221;4vh||4vh||true|false&#8221; global_colors_info=&#8221;{}&#8221;][et_pb_column type=&#8221;4_4&#8243; _builder_version=&#8221;4.21.0&#8243; _module_preset=&#8221;default&#8221; global_colors_info=&#8221;{}&#8221;][et_pb_slider show_arrows=&#8221;off&#8221; _builder_version=&#8221;4.23.1&#8243; _module_preset=&#8221;default&#8221; min_height=&#8221;600px&#8221; min_height_tablet=&#8221;60vh&#8221; min_height_phone=&#8221;50vh&#8221; min_height_last_edited=&#8221;on|phone&#8221; custom_padding=&#8221;||45px|||&#8221; animation_style=&#8221;fade&#8221; animation_duration=&#8221;1500ms&#8221; animation_starting_opacity=&#8221;100%&#8221; animation_repeat=&#8221;loop&#8221; auto=&#8221;on&#8221; auto_speed=&#8221;4000&#8243; hover_transition_speed_curve=&#8221;ease-in-out&#8221; global_colors_info=&#8221;{}&#8221;][et_pb_slide _builder_version=&#8221;4.23.1&#8243; _module_preset=&#8221;default&#8221; background_color=&#8221;RGBA(255,255,255,0)&#8221; background_enable_color=&#8221;on&#8221; background_image=&#8221;https:\/\/www.alloflife.at\/pulse\/wp-content\/uploads\/2024\/01\/DSC00592-3-scaled.jpg&#8221; background_enable_image=&#8221;on&#8221; global_colors_info=&#8221;{}&#8221; sticky_transition=&#8221;on&#8221;][\/et_pb_slide][et_pb_slide _builder_version=&#8221;4.23.1&#8243; _module_preset=&#8221;default&#8221; background_color=&#8221;RGBA(255,255,255,0)&#8221; background_enable_color=&#8221;on&#8221; background_image=&#8221;https:\/\/www.alloflife.at\/pulse\/wp-content\/uploads\/2024\/01\/DSC00196-Bearbeitet-Bearbeitet-4-scaled.jpg&#8221; background_enable_image=&#8221;on&#8221; global_colors_info=&#8221;{}&#8221; sticky_transition=&#8221;on&#8221;][\/et_pb_slide][et_pb_slide _builder_version=&#8221;4.23.1&#8243; _module_preset=&#8221;default&#8221; background_color=&#8221;RGBA(255,255,255,0)&#8221; background_enable_color=&#8221;on&#8221; background_image=&#8221;https:\/\/www.alloflife.at\/pulse\/wp-content\/uploads\/2024\/01\/IMG_20210810_174153-scaled.jpg&#8221; background_enable_image=&#8221;on&#8221; global_colors_info=&#8221;{}&#8221; sticky_transition=&#8221;on&#8221;][\/et_pb_slide][et_pb_slide _builder_version=&#8221;4.23.1&#8243; _module_preset=&#8221;default&#8221; background_color=&#8221;RGBA(255,255,255,0)&#8221; background_enable_color=&#8221;on&#8221; background_image=&#8221;https:\/\/www.alloflife.at\/pulse\/wp-content\/uploads\/2025\/07\/alloflife072025-84-von-110-scaled.jpg&#8221; background_enable_image=&#8221;on&#8221; background_position=&#8221;top_center&#8221; global_colors_info=&#8221;{}&#8221; sticky_transition=&#8221;on&#8221;][\/et_pb_slide][et_pb_slide _builder_version=&#8221;4.23.1&#8243; _module_preset=&#8221;default&#8221; background_color=&#8221;RGBA(255,255,255,0)&#8221; background_enable_color=&#8221;on&#8221; background_image=&#8221;https:\/\/www.alloflife.at\/pulse\/wp-content\/uploads\/2025\/07\/alloflife072025-105-von-110-3.jpg&#8221; background_enable_image=&#8221;on&#8221; background_position=&#8221;top_center&#8221; global_colors_info=&#8221;{}&#8221; sticky_transition=&#8221;on&#8221;][\/et_pb_slide][et_pb_slide _builder_version=&#8221;4.23.1&#8243; _module_preset=&#8221;default&#8221; background_color=&#8221;RGBA(255,255,255,0)&#8221; background_enable_color=&#8221;on&#8221; background_image=&#8221;https:\/\/www.alloflife.at\/pulse\/wp-content\/uploads\/2025\/07\/alloflife072025-109-von-110-3-scaled.jpg&#8221; background_enable_image=&#8221;on&#8221; global_colors_info=&#8221;{}&#8221; sticky_transition=&#8221;on&#8221;][\/et_pb_slide][\/et_pb_slider][\/et_pb_column][\/et_pb_row][\/et_pb_section][et_pb_section fb_built=&#8221;1&#8243; custom_padding_last_edited=&#8221;on|phone&#8221; _builder_version=&#8221;4.21.0&#8243; _module_preset=&#8221;default&#8221; custom_padding=&#8221;20vh||20vh||true|false&#8221; custom_padding_tablet=&#8221;130px||130px||false|false&#8221; custom_padding_phone=&#8221;0vh||6vh||false|false&#8221; global_colors_info=&#8221;{}&#8221;][et_pb_row column_structure=&#8221;1_2,1_2&#8243; _builder_version=&#8221;4.21.0&#8243; _module_preset=&#8221;e241321f-f92f-42db-a2b4-439104925d29&#8243; width=&#8221;60%&#8221; width_tablet=&#8221;60%&#8221; width_phone=&#8221;90%&#8221; custom_margin=&#8221;0px|auto|0px|auto|false|false&#8221; custom_padding=&#8221;0px|0px|0px|0px|false|false&#8221; global_colors_info=&#8221;{}&#8221;][et_pb_column type=&#8221;1_2&#8243; _builder_version=&#8221;4.21.0&#8243; _module_preset=&#8221;default&#8221; global_colors_info=&#8221;{}&#8221;][et_pb_image src=&#8221;https:\/\/www.alloflife.at\/pulse\/wp-content\/uploads\/2023\/08\/gabi_profil.jpg&#8221; alt=&#8221;Gabi Stricker&#8221; title_text=&#8221;gabi_profil&#8221; _builder_version=&#8221;4.21.0&#8243; _module_preset=&#8221;default&#8221; border_radii=&#8221;on|39px|39px|39px|39px&#8221; global_colors_info=&#8221;{}&#8221;][\/et_pb_image][\/et_pb_column][et_pb_column type=&#8221;1_2&#8243; _builder_version=&#8221;4.21.0&#8243; _module_preset=&#8221;default&#8221; global_colors_info=&#8221;{}&#8221;][et_pb_text _builder_version=&#8221;4.23.1&#8243; _module_preset=&#8221;f7b5e3c0-da15-4252-990f-39452f373601&#8243; header_2_text_align=&#8221;left&#8221; width_tablet=&#8221;&#8221; width_phone=&#8221;&#8221; width_last_edited=&#8221;on|phone&#8221; custom_margin=&#8221;||72px||false|false&#8221; custom_margin_tablet=&#8221;||80px||false|false&#8221; custom_margin_phone=&#8221;||40px||false|false&#8221; custom_margin_last_edited=&#8221;on|tablet&#8221; custom_padding=&#8221;||0px||false|false&#8221; header_2_text_align_tablet=&#8221;left&#8221; header_2_text_align_phone=&#8221;center&#8221; header_2_text_align_last_edited=&#8221;on|phone&#8221; text_orientation_tablet=&#8221;left&#8221; text_orientation_phone=&#8221;left&#8221; text_orientation_last_edited=&#8221;on|phone&#8221; global_colors_info=&#8221;{}&#8221;]<\/p>\n<h2>ich bin gabi<\/h2>\n<p>&nbsp;<\/p>\n<p style=\"text-align: left;\">ich bin Yogalehrer mit ganz viel Herz &amp; Leidenschaft und habe mich auch ganz der Humanenergetik verschrieben und biete neben Holistic Pulsing, Kieferblance und Access Bars auch eine tief entspannende K\u00f6rperarbeit namens Deep Relax und Feel Good an.<\/p>\n<p>[\/et_pb_text][et_pb_button button_url=&#8221;https:\/\/www.alloflife.at\/pulse\/?page_id=104&#8243; url_new_window=&#8221;on&#8221; button_text=&#8221;mehr \u00fcber mich&#8221; _builder_version=&#8221;4.21.0&#8243; _module_preset=&#8221;20d13bc3-40bf-41b7-9a45-1fecc2b1142b&#8221; button_border_color=&#8221;#9ACA3C&#8221; global_colors_info=&#8221;{}&#8221; button_bg_color__hover=&#8221;#9ACA3C&#8221; button_bg_enable_color__hover=&#8221;on&#8221; button_bg_color__hover_enabled=&#8221;on|desktop&#8221;][\/et_pb_button][\/et_pb_column][\/et_pb_row][\/et_pb_section][et_pb_section fb_built=&#8221;1&#8243; custom_padding_last_edited=&#8221;on|tablet&#8221; _builder_version=&#8221;4.21.0&#8243; _module_preset=&#8221;default&#8221; custom_padding_tablet=&#8221;||0px||false|false&#8221; custom_padding_phone=&#8221;||0px||false|false&#8221; global_colors_info=&#8221;{}&#8221;][et_pb_row _builder_version=&#8221;4.21.0&#8243; _module_preset=&#8221;6198b9d4-b0dc-45fa-8b4c-b0ab9a6b6877&#8243; global_colors_info=&#8221;{}&#8221;][et_pb_column type=&#8221;4_4&#8243; _builder_version=&#8221;4.21.0&#8243; _module_preset=&#8221;default&#8221; global_colors_info=&#8221;{}&#8221;][et_pb_text _builder_version=&#8221;4.21.0&#8243; _module_preset=&#8221;f7b5e3c0-da15-4252-990f-39452f373601&#8243; global_colors_info=&#8221;{}&#8221;]<\/p>\n<h1>aktuelle events<\/h1>\n<p>[\/et_pb_text][\/et_pb_column][\/et_pb_row][et_pb_row _builder_version=&#8221;4.21.0&#8243; _module_preset=&#8221;6198b9d4-b0dc-45fa-8b4c-b0ab9a6b6877&#8243; global_colors_info=&#8221;{}&#8221;][et_pb_column type=&#8221;4_4&#8243; _builder_version=&#8221;4.21.0&#8243; _module_preset=&#8221;default&#8221; global_colors_info=&#8221;{}&#8221;][et_pb_gallery gallery_ids=&#8221;636,646,750,924,954,955,956,957,958,959,961,962&#8243; fullwidth=&#8221;on&#8221; _builder_version=&#8221;4.23.1&#8243; _module_preset=&#8221;default&#8221; text_orientation=&#8221;center&#8221; width=&#8221;58%&#8221; width_tablet=&#8221;90%&#8221; width_phone=&#8221;100%&#8221; width_last_edited=&#8221;on|phone&#8221; module_alignment=&#8221;center&#8221; auto=&#8221;on&#8221; hover_enabled=&#8221;0&#8243; border_radii=&#8221;on|25px|25px|25px|25px&#8221; global_colors_info=&#8221;{}&#8221; sticky_enabled=&#8221;0&#8243;][\/et_pb_gallery][et_pb_button button_url=&#8221;mailto:gabi@alloflife.at&#8221; button_text=&#8221;zu einem Event anmelden&#8221; _builder_version=&#8221;4.23.1&#8243; _module_preset=&#8221;c9555c5c-65fa-4a08-93db-6f33c64472ce&#8221; custom_margin=&#8221;7vh||||false|false&#8221; global_colors_info=&#8221;{}&#8221;][\/et_pb_button][\/et_pb_column][\/et_pb_row][\/et_pb_section]<\/p>\n","protected":false},"excerpt":{"rendered":"<p>Hallo du wunderbare Seele! Herzlich Willkommen bei pulse of life In unseren behaglichen \u201eAuszeit R\u00e4umen\u201c bieten wir Dir etwas so wertvolles:Zeit f\u00fcr DICH! Zeit f\u00fcr Entspannung und Erholung, Zeit zum Innehalten, Reflektieren und Neu-kreieren, Zeit zum Ankommen, Loslassen und Wohlf\u00fchlen. Zeit um Klarheit zu finden, denn Klarheit ist Freiheit auf allen Ebenen!\u201eWir m\u00fcssen von Zeit [&hellip;]<\/p>\n","protected":false},"author":1,"featured_media":0,"parent":0,"menu_order":0,"comment_status":"closed","ping_status":"closed","template":"","meta":{"_et_pb_use_builder":"on","_et_pb_old_content":"","_et_gb_content_width":"","footnotes":""},"class_list":["post-9","page","type-page","status-publish","hentry"],"_links":{"self":[{"href":"https:\/\/www.alloflife.at\/pulse\/index.php?rest_route=\/wp\/v2\/pages\/9","targetHints":{"allow":["GET"]}}],"collection":[{"href":"https:\/\/www.alloflife.at\/pulse\/index.php?rest_route=\/wp\/v2\/pages"}],"about":[{"href":"https:\/\/www.alloflife.at\/pulse\/index.php?rest_route=\/wp\/v2\/types\/page"}],"author":[{"embeddable":true,"href":"https:\/\/www.alloflife.at\/pulse\/index.php?rest_route=\/wp\/v2\/users\/1"}],"replies":[{"embeddable":true,"href":"https:\/\/www.alloflife.at\/pulse\/index.php?rest_route=%2Fwp%2Fv2%2Fcomments&post=9"}],"version-history":[{"count":90,"href":"https:\/\/www.alloflife.at\/pulse\/index.php?rest_route=\/wp\/v2\/pages\/9\/revisions"}],"predecessor-version":[{"id":963,"href":"https:\/\/www.alloflife.at\/pulse\/index.php?rest_route=\/wp\/v2\/pages\/9\/revisions\/963"}],"wp:attachment":[{"href":"https:\/\/www.alloflife.at\/pulse\/index.php?rest_route=%2Fwp%2Fv2%2Fmedia&parent=9"}],"curies":[{"name":"wp","href":"https:\/\/api.w.org\/{rel}","templated":true}]}}