{"id":2,"date":"2022-12-09T09:14:16","date_gmt":"2022-12-09T08:14:16","guid":{"rendered":""},"modified":"2025-09-17T13:11:51","modified_gmt":"2025-09-17T11:11:51","slug":"beispiel-seite","status":"publish","type":"page","link":"https:\/\/www.alloflife.at\/seeds\/","title":{"rendered":"home"},"content":{"rendered":"<p>[et_pb_section fb_built=&#8220;1&#8243; _builder_version=&#8220;4.21.0&#8243; _module_preset=&#8220;4c6eb534-2e98-458f-afbb-81ed982f9245&#8243; background_image=&#8220;https:\/\/www.alloflife.at\/seeds\/wp-content\/uploads\/2023\/08\/DSC06085-Bearbeitet.jpg&#8220; background_position=&#8220;top_center&#8220; background_vertical_offset=&#8220;31%&#8220; custom_padding=&#8220;|0px||||&#8220; global_colors_info=&#8220;{}&#8220;][\/et_pb_section][et_pb_section fb_built=&#8220;1&#8243; _builder_version=&#8220;4.21.0&#8243; _module_preset=&#8220;default&#8220; global_colors_info=&#8220;{}&#8220;][et_pb_row _builder_version=&#8220;4.21.0&#8243; _module_preset=&#8220;10739690-d0ed-4699-a0a2-68b17bdafe28&#8243; custom_margin=&#8220;|auto|93px|auto||&#8220; custom_padding=&#8220;||8px|||&#8220; global_colors_info=&#8220;{}&#8220;][et_pb_column type=&#8220;4_4&#8243; _builder_version=&#8220;4.21.0&#8243; _module_preset=&#8220;default&#8220; global_colors_info=&#8220;{}&#8220;][et_pb_text _builder_version=&#8220;4.23.1&#8243; _module_preset=&#8220;08a4efe4-5a37-4580-bf5e-0f7f09c26d77&#8243; global_colors_info=&#8220;{}&#8220;]<\/p>\n<h1>genuss mit herz und seele<\/h1>\n<h4>Hallo du lieber Mensch! Herzlich Willkommen bei seeds of life<\/h4>\n<p>dein Ort f\u00fcr echt ehrliche Superfoods, gesundheitsorientiertes Yoga mit Leichtigkeit und Freude, Musik von Herzen und tiefenentspannende Ber\u00fchrung.<\/p>\n<p>[\/et_pb_text][\/et_pb_column][\/et_pb_row][et_pb_row column_structure=&#8220;1_5,1_5,1_5,1_5,1_5&#8243; custom_padding_last_edited=&#8220;on|phone&#8220; _builder_version=&#8220;4.21.0&#8243; _module_preset=&#8220;10739690-d0ed-4699-a0a2-68b17bdafe28&#8243; width=&#8220;85%&#8220; width_tablet=&#8220;74%&#8220; max_width=&#8220;1500px&#8220; custom_margin=&#8220;22px|auto||auto|false|false&#8220; custom_margin_tablet=&#8220;20px||||false|false&#8220; custom_margin_phone=&#8220;0px||||false|false&#8220; custom_margin_last_edited=&#8220;on|desktop&#8220; custom_padding=&#8220;||||false|false&#8220; custom_padding_tablet=&#8220;||||false|false&#8220; custom_padding_phone=&#8220;||||false|false&#8220; global_colors_info=&#8220;{}&#8220;][et_pb_column type=&#8220;1_5&#8243; _builder_version=&#8220;4.21.0&#8243; _module_preset=&#8220;default&#8220; global_colors_info=&#8220;{}&#8220;][et_pb_image src=&#8220;https:\/\/www.alloflife.at\/seeds\/wp-content\/uploads\/2023\/08\/home_shots.jpg&#8220; title_text=&#8220;home_shots&#8220; align=&#8220;center&#8220; _builder_version=&#8220;4.21.0&#8243; _module_preset=&#8220;default&#8220; width=&#8220;80%&#8220; module_alignment=&#8220;center&#8220; border_radii=&#8220;on|25px|25px|25px|25px&#8220; global_colors_info=&#8220;{}&#8220;][\/et_pb_image][et_pb_text _builder_version=&#8220;4.23.1&#8243; _module_preset=&#8220;d70c465d-d061-4a82-887c-ca84b4af45c4&#8243; header_4_line_height_tablet=&#8220;1.4em&#8220; header_4_line_height_phone=&#8220;&#8220; header_4_line_height_last_edited=&#8220;on|tablet&#8220; global_colors_info=&#8220;{}&#8220;]<\/p>\n<h4>[g\u00b4sunde shots]<\/h4>\n<p>hol dir den Frischekick f\u00fcr den ganzen Tag, mit Biozutaten und ganz viel Liebe gemacht. Verschiedene Sorten erh\u00e4ltlich.<\/p>\n<p>[\/et_pb_text][et_pb_button button_url=&#8220;https:\/\/www.alloflife.at\/seeds\/?page_id=224&#8243; button_text=&#8220;mehr&#8220; button_alignment=&#8220;center&#8220; _builder_version=&#8220;4.21.0&#8243; _module_preset=&#8220;3b74d8f4-2a84-4737-883c-f829c3040869&#8243; global_colors_info=&#8220;{}&#8220;][\/et_pb_button][\/et_pb_column][et_pb_column type=&#8220;1_5&#8243; _builder_version=&#8220;4.21.0&#8243; _module_preset=&#8220;default&#8220; global_colors_info=&#8220;{}&#8220;][et_pb_image src=&#8220;https:\/\/www.alloflife.at\/seeds\/wp-content\/uploads\/2025\/04\/DSC05886-scaled.jpg&#8220; title_text=&#8220;DSC05886&#8243; align=&#8220;center&#8220; _builder_version=&#8220;4.23.1&#8243; _module_preset=&#8220;default&#8220; width=&#8220;80%&#8220; module_alignment=&#8220;center&#8220; max_height=&#8220;1000px&#8220; border_radii=&#8220;on|25px|25px|25px|25px&#8220; global_colors_info=&#8220;{}&#8220;][\/et_pb_image][et_pb_image src=&#8220;https:\/\/www.alloflife.at\/seeds\/wp-content\/uploads\/2025\/04\/IMG_20231101_092833_hazelhoff.png&#8220; title_text=&#8220;IMG_20231101_092833_hazelhoff&#8220; align=&#8220;center&#8220; _builder_version=&#8220;4.23.1&#8243; _module_preset=&#8220;default&#8220; width=&#8220;80%&#8220; module_alignment=&#8220;center&#8220; max_height=&#8220;1000px&#8220; border_radii=&#8220;on|25px|25px|25px|25px&#8220; global_colors_info=&#8220;{}&#8220;][\/et_pb_image][et_pb_text _builder_version=&#8220;4.23.1&#8243; _module_preset=&#8220;08a4efe4-5a37-4580-bf5e-0f7f09c26d77&#8243; global_colors_info=&#8220;{}&#8220;]<\/p>\n<h4>[g\u00b4sunde schmankerl]<\/h4>\n<p>gesunde hochwertige Zutaten vereinen sich zu einer liebevollen Genussquelle \u2013 denn Genuss muss keine S\u00fcnde sein \ud83d\ude42<\/p>\n<p>[\/et_pb_text][et_pb_button button_url=&#8220;https:\/\/www.alloflife.at\/seeds\/gsunde-schmankerl\/&#8220; button_text=&#8220;mehr&#8220; button_alignment=&#8220;center&#8220; _builder_version=&#8220;4.23.1&#8243; _module_preset=&#8220;6c309bbd-7bbb-46ba-b2b9-566293575f24&#8243; global_colors_info=&#8220;{}&#8220;][\/et_pb_button][\/et_pb_column][et_pb_column type=&#8220;1_5&#8243; _builder_version=&#8220;4.21.0&#8243; _module_preset=&#8220;default&#8220; global_colors_info=&#8220;{}&#8220;][et_pb_image src=&#8220;https:\/\/www.alloflife.at\/seeds\/wp-content\/uploads\/2024\/01\/home_7.jpg&#8220; title_text=&#8220;home_7&#8243; align=&#8220;center&#8220; _builder_version=&#8220;4.23.1&#8243; _module_preset=&#8220;default&#8220; width=&#8220;80%&#8220; module_alignment=&#8220;center&#8220; border_radii=&#8220;on|25px|25px|25px|25px&#8220; global_colors_info=&#8220;{}&#8220;][\/et_pb_image][et_pb_text _builder_version=&#8220;4.21.0&#8243; _module_preset=&#8220;08a4efe4-5a37-4580-bf5e-0f7f09c26d77&#8243; global_colors_info=&#8220;{}&#8220;]<\/p>\n<h4>Yoga<\/h4>\n<p>eine Meditation <br \/>in Bewegung<\/p>\n<p>[\/et_pb_text][et_pb_button button_url=&#8220;https:\/\/www.alloflife.at\/seeds\/?page_id=55&#8243; button_text=&#8220;mehr&#8220; button_alignment=&#8220;center&#8220; _builder_version=&#8220;4.21.0&#8243; _module_preset=&#8220;6c309bbd-7bbb-46ba-b2b9-566293575f24&#8243; global_colors_info=&#8220;{}&#8220;][\/et_pb_button][\/et_pb_column][et_pb_column type=&#8220;1_5&#8243; _builder_version=&#8220;4.21.0&#8243; _module_preset=&#8220;default&#8220; global_colors_info=&#8220;{}&#8220;][et_pb_image src=&#8220;https:\/\/www.alloflife.at\/seeds\/wp-content\/uploads\/2024\/02\/DSC00142-scaled.jpg&#8220; title_text=&#8220;DSC00142&#8243; align=&#8220;center&#8220; _builder_version=&#8220;4.23.1&#8243; _module_preset=&#8220;default&#8220; width=&#8220;80%&#8220; module_alignment=&#8220;center&#8220; border_radii=&#8220;on|25px|25px|25px|25px&#8220; global_colors_info=&#8220;{}&#8220;][\/et_pb_image][et_pb_text _builder_version=&#8220;4.23.1&#8243; _module_preset=&#8220;08a4efe4-5a37-4580-bf5e-0f7f09c26d77&#8243; global_colors_info=&#8220;{}&#8220;]<\/p>\n<h4>Musik<\/h4>\n<p>tiefgehende Melodien und gef\u00fchlvolle Worte kreieren meine Musik \u2013 ehrlich , authentisch und aus dem Leben geschrieben &#8211; <strong>music is my life<\/strong><\/p>\n<p>[\/et_pb_text][et_pb_button button_url=&#8220;https:\/\/www.alloflife.at\/seeds\/?page_id=332&#8243; button_text=&#8220;mehr&#8220; button_alignment=&#8220;center&#8220; _builder_version=&#8220;4.21.0&#8243; _module_preset=&#8220;6c309bbd-7bbb-46ba-b2b9-566293575f24&#8243; global_colors_info=&#8220;{}&#8220;][\/et_pb_button][\/et_pb_column][et_pb_column type=&#8220;1_5&#8243; _builder_version=&#8220;4.21.0&#8243; _module_preset=&#8220;default&#8220; global_colors_info=&#8220;{}&#8220;][et_pb_image src=&#8220;https:\/\/www.alloflife.at\/seeds\/wp-content\/uploads\/2025\/09\/alloflife072025-49-von-110-scaled.jpg&#8220; title_text=&#8220;alloflife072025 (49 von 110)&#8220; align=&#8220;center&#8220; _builder_version=&#8220;4.23.1&#8243; _module_preset=&#8220;default&#8220; width=&#8220;80%&#8220; module_alignment=&#8220;center&#8220; hover_enabled=&#8220;0&#8243; border_radii=&#8220;on|25px|25px|25px|25px&#8220; global_colors_info=&#8220;{}&#8220; sticky_enabled=&#8220;0&#8243;][\/et_pb_image][et_pb_text _builder_version=&#8220;4.21.0&#8243; _module_preset=&#8220;08a4efe4-5a37-4580-bf5e-0f7f09c26d77&#8243; global_colors_info=&#8220;{}&#8220;]<\/p>\n<h4>deep relax<\/h4>\n<p>gib Kontrolle ab und erfahre tiefste Entspannung<\/p>\n<p>[\/et_pb_text][et_pb_button button_url=&#8220;https:\/\/www.alloflife.at\/seeds\/?page_id=362&#8243; button_text=&#8220;mehr&#8220; button_alignment=&#8220;center&#8220; _builder_version=&#8220;4.21.0&#8243; _module_preset=&#8220;6c309bbd-7bbb-46ba-b2b9-566293575f24&#8243; global_colors_info=&#8220;{}&#8220;][\/et_pb_button][\/et_pb_column][\/et_pb_row][et_pb_row column_structure=&#8220;1_2,1_2&#8243; use_custom_gutter=&#8220;on&#8220; gutter_width=&#8220;1&#8243; make_equal=&#8220;on&#8220; _builder_version=&#8220;4.23.1&#8243; _module_preset=&#8220;10739690-d0ed-4699-a0a2-68b17bdafe28&#8243; custom_padding=&#8220;0px|0px|0px|0px|false|false&#8220; border_radii=&#8220;on|25px|25px|25px|25px&#8220; global_colors_info=&#8220;{}&#8220;][et_pb_column type=&#8220;1_2&#8243; _builder_version=&#8220;4.23.1&#8243; _module_preset=&#8220;default&#8220; background_enable_color=&#8220;off&#8220; background_image=&#8220;https:\/\/www.alloflife.at\/seeds\/wp-content\/uploads\/2024\/01\/DSC05872-Bearbeitet-scaled.jpg&#8220; background_size=&#8220;contain&#8220; custom_padding=&#8220;21.1%|7%|21.1%|7%|true|true&#8220; global_colors_info=&#8220;{}&#8220;][\/et_pb_column][et_pb_column type=&#8220;1_2&#8243; _builder_version=&#8220;4.23.1&#8243; _module_preset=&#8220;default&#8220; background_enable_color=&#8220;off&#8220; custom_padding=&#8220;7%|7%|7%|7%|true|true&#8220; global_colors_info=&#8220;{}&#8220;][et_pb_text _builder_version=&#8220;4.23.1&#8243; _module_preset=&#8220;d70c465d-d061-4a82-887c-ca84b4af45c4&#8243; custom_margin=&#8220;||50px||false|false&#8220; header_font_tablet=&#8220;&#8220; header_font_phone=&#8220;&#8220; header_font_last_edited=&#8220;on|desktop&#8220; global_colors_info=&#8220;{}&#8220;]<\/p>\n<h4 style=\"text-align: left;\">Kennst du auch schon unsere g\u00b4sunden Schmankerl?<\/h4>\n<p style=\"text-align: left;\">wir haben nicht nur g\u00b4sunde schoki sondern auch noch g\u00b4sunde schmankerl wie power riegel und verschiedene Pralinen im Sortiment.<\/p>\n<p style=\"text-align: left;\">Schau gleich mal rein in Ertschi\u00b4s g\u00b4sunde Genusswelt &#8211; snacks with benefits \ud83d\ude09<\/p>\n<p>[\/et_pb_text][et_pb_button button_url=&#8220;https:\/\/www.alloflife.at\/seeds\/gsunde-schmankerl\/&#8220; button_text=&#8220;zu den schmankerl&#8220; button_alignment=&#8220;left&#8220; _builder_version=&#8220;4.23.1&#8243; _module_preset=&#8220;906bcb98-0de7-42c1-8a99-2e670f25eeb1&#8243; button_text_color=&#8220;#FFFFFF&#8220; button_bg_color=&#8220;#542A7E&#8220; custom_margin_tablet=&#8220;&#8220; custom_margin_phone=&#8220;-16px||21px||false|false&#8220; custom_margin_last_edited=&#8220;on|tablet&#8220; custom_padding_tablet=&#8220;&#8220; custom_padding_phone=&#8220;&#8220; custom_padding_last_edited=&#8220;on|phone&#8220; global_colors_info=&#8220;{}&#8220; button_border_color__hover=&#8220;RGBA(255,255,255,0)&#8220; button_bg_color__hover=&#8220;#939393&#8243; button_bg_color__hover_enabled=&#8220;on|hover&#8220;][\/et_pb_button][\/et_pb_column][\/et_pb_row][et_pb_row _builder_version=&#8220;4.21.0&#8243; _module_preset=&#8220;10739690-d0ed-4699-a0a2-68b17bdafe28&#8243; custom_padding=&#8220;||8px|||&#8220; global_colors_info=&#8220;{}&#8220;][et_pb_column type=&#8220;4_4&#8243; _builder_version=&#8220;4.21.0&#8243; _module_preset=&#8220;default&#8220; global_colors_info=&#8220;{}&#8220;][et_pb_text _builder_version=&#8220;4.21.0&#8243; _module_preset=&#8220;08a4efe4-5a37-4580-bf5e-0f7f09c26d77&#8243; header_5_font=&#8220;||on||||||&#8220; header_5_font_size=&#8220;26px&#8220; header_5_line_height=&#8220;1.5em&#8220; custom_padding=&#8220;120px||50px||false|false&#8220; custom_padding_tablet=&#8220;120px||50px||false|false&#8220; custom_padding_phone=&#8220;120px||50px||false|false&#8220; custom_padding_last_edited=&#8220;on|tablet&#8220; header_5_line_height_tablet=&#8220;1.5em&#8220; header_5_line_height_phone=&#8220;1.5em&#8220; header_5_line_height_last_edited=&#8220;on|desktop&#8220; locked=&#8220;off&#8220; global_colors_info=&#8220;{}&#8220;]<\/p>\n<h5>\u201eBringe Leichtigkeit in DEIN Leben, und Du wirst alles erfahren, was Du wissen musst.\u201c<\/h5>\n<p>Erich Leitgeb[\/et_pb_text][\/et_pb_column][\/et_pb_row][et_pb_row column_structure=&#8220;1_2,1_2&#8243; make_equal=&#8220;on&#8220; custom_padding_last_edited=&#8220;on|desktop&#8220; _builder_version=&#8220;4.21.0&#8243; _module_preset=&#8220;db22ea3c-bfae-46ff-80d6-2687ad7eb743&#8243; background_color=&#8220;#EEEEEE&#8220; width=&#8220;100%&#8220; width_tablet=&#8220;100%&#8220; width_phone=&#8220;100%&#8220; width_last_edited=&#8220;on|tablet&#8220; max_width=&#8220;2000px&#8220; custom_margin=&#8220;12vh|auto||auto|false|false&#8220; custom_margin_tablet=&#8220;||0px||false|false&#8220; custom_margin_phone=&#8220;||0px||false|false&#8220; custom_margin_last_edited=&#8220;on|phone&#8220; custom_padding=&#8220;0px||0px||false|false&#8220; custom_padding_tablet=&#8220;55px||0px||false|false&#8220; custom_padding_phone=&#8220;55px||0px||false|false&#8220; custom_css_main_element=&#8220;align-items:center;||&#8220; global_colors_info=&#8220;{}&#8220;][et_pb_column type=&#8220;1_2&#8243; _builder_version=&#8220;4.21.0&#8243; _module_preset=&#8220;default&#8220; custom_padding=&#8220;|7%||10%|false|false&#8220; global_colors_info=&#8220;{}&#8220;][et_pb_text _builder_version=&#8220;4.23.1&#8243; _module_preset=&#8220;d70c465d-d061-4a82-887c-ca84b4af45c4&#8243; text_orientation=&#8220;left&#8220; width_tablet=&#8220;90%&#8220; width_phone=&#8220;89%&#8220; width_last_edited=&#8220;on|phone&#8220; global_colors_info=&#8220;{}&#8220;]<\/p>\n<h4 style=\"text-align: left;\">g\u00b4sunde Inhaltsstoffe<\/h4>\n<p>hier ein paar Infos \u00fcber die Bio Zutaten meiner shots und schoki, damit du ein besseres Bild bekommst, womit du DIR und DEINEM K\u00f6rper was Gutes tun kannst.<\/p>\n<p>Mit besten Zutaten und ohne unn\u00f6tigen Schnickschnack.<br \/>F\u00fcr den t\u00e4glichen Boost an Gesundheit und Energie.<\/p>\n<p>[\/et_pb_text][et_pb_button button_url=&#8220;https:\/\/www.alloflife.at\/seeds\/?page_id=322&#8243; button_text=&#8220;mehr \u00fcber die Inhaltsstoffe&#8220; button_alignment_tablet=&#8220;center&#8220; _builder_version=&#8220;4.21.0&#8243; _module_preset=&#8220;default&#8220; global_colors_info=&#8220;{}&#8220;][\/et_pb_button][\/et_pb_column][et_pb_column type=&#8220;1_2&#8243; _builder_version=&#8220;4.21.0&#8243; _module_preset=&#8220;default&#8220; global_colors_info=&#8220;{}&#8220;][et_pb_image src=&#8220;https:\/\/www.alloflife.at\/seeds\/wp-content\/uploads\/2024\/01\/DSC05658-scaled.jpg&#8220; title_text=&#8220;DSC05658&#8243; force_fullwidth=&#8220;on&#8220; _builder_version=&#8220;4.23.1&#8243; _module_preset=&#8220;default&#8220; global_colors_info=&#8220;{}&#8220;][\/et_pb_image][\/et_pb_column][\/et_pb_row][\/et_pb_section][et_pb_section fb_built=&#8220;1&#8243; custom_padding_last_edited=&#8220;on|phone&#8220; _builder_version=&#8220;4.21.0&#8243; _module_preset=&#8220;default&#8220; custom_padding=&#8220;20vh||20vh||true|false&#8220; custom_padding_tablet=&#8220;130px||130px||false|false&#8220; custom_padding_phone=&#8220;0vh||6vh||false|false&#8220; global_colors_info=&#8220;{}&#8220;][et_pb_row column_structure=&#8220;1_2,1_2&#8243; _builder_version=&#8220;4.21.0&#8243; _module_preset=&#8220;10739690-d0ed-4699-a0a2-68b17bdafe28&#8243; width=&#8220;60%&#8220; width_tablet=&#8220;60%&#8220; width_phone=&#8220;90%&#8220; custom_margin=&#8220;0px|auto|0px|auto|false|false&#8220; custom_padding=&#8220;0px|0px|0px|0px|false|false&#8220; global_colors_info=&#8220;{}&#8220;][et_pb_column type=&#8220;1_2&#8243; _builder_version=&#8220;4.21.0&#8243; _module_preset=&#8220;default&#8220; global_colors_info=&#8220;{}&#8220;][et_pb_image src=&#8220;https:\/\/www.alloflife.at\/seeds\/wp-content\/uploads\/2023\/08\/erich_profil_450x380px.jpg&#8220; alt=&#8220;Gabi Stricker&#8220; title_text=&#8220;erich_profil_450x380px&#8220; _builder_version=&#8220;4.21.0&#8243; _module_preset=&#8220;default&#8220; border_radii=&#8220;on|39px|39px|39px|39px&#8220; global_colors_info=&#8220;{}&#8220;][\/et_pb_image][\/et_pb_column][et_pb_column type=&#8220;1_2&#8243; _builder_version=&#8220;4.21.0&#8243; _module_preset=&#8220;default&#8220; global_colors_info=&#8220;{}&#8220;][et_pb_text _builder_version=&#8220;4.21.0&#8243; _module_preset=&#8220;d70c465d-d061-4a82-887c-ca84b4af45c4&#8243; header_2_text_align=&#8220;left&#8220; width_tablet=&#8220;&#8220; width_phone=&#8220;&#8220; width_last_edited=&#8220;on|phone&#8220; custom_margin=&#8220;||72px||false|false&#8220; custom_margin_tablet=&#8220;||80px||false|false&#8220; custom_margin_phone=&#8220;||40px||false|false&#8220; custom_margin_last_edited=&#8220;on|tablet&#8220; custom_padding=&#8220;||0px||false|false&#8220; header_2_text_align_tablet=&#8220;left&#8220; header_2_text_align_phone=&#8220;center&#8220; header_2_text_align_last_edited=&#8220;on|phone&#8220; text_orientation_tablet=&#8220;left&#8220; text_orientation_phone=&#8220;left&#8220; text_orientation_last_edited=&#8220;on|phone&#8220; global_colors_info=&#8220;{}&#8220;]<\/p>\n<h2>ich bin erich<\/h2>\n<p>&nbsp;<\/p>\n<p style=\"text-align: left;\">Sp\u00e4tberufener, Musiker aus Leidenschaft, Erfinder der Ertschingas  (Not macht erfinderisch :-), Yogalehrer mit Herz und \u00dcberzeugung, Euer Ansprechpartner f\u00fcr echt ehrliche Superfoods, und ich unterst\u00fctze Euch gerne bei Entspannungs- und Atemtechniken<\/p>\n<p>[\/et_pb_text][et_pb_button button_url=&#8220;https:\/\/www.alloflife.at\/seeds\/?page_id=205&#8243; url_new_window=&#8220;on&#8220; button_text=&#8220;mehr \u00fcber mich&#8220; _builder_version=&#8220;4.21.0&#8243; _module_preset=&#8220;5fdd9bd3-fdcd-413a-b85e-b69f2319c382&#8243; global_colors_info=&#8220;{}&#8220;][\/et_pb_button][\/et_pb_column][\/et_pb_row][\/et_pb_section][et_pb_section fb_built=&#8220;1&#8243; custom_padding_last_edited=&#8220;on|tablet&#8220; _builder_version=&#8220;4.21.0&#8243; _module_preset=&#8220;default&#8220; custom_padding_tablet=&#8220;||0px||false|false&#8220; custom_padding_phone=&#8220;||0px||false|false&#8220; global_colors_info=&#8220;{}&#8220;][et_pb_row _builder_version=&#8220;4.21.0&#8243; _module_preset=&#8220;10739690-d0ed-4699-a0a2-68b17bdafe28&#8243; global_colors_info=&#8220;{}&#8220;][et_pb_column type=&#8220;4_4&#8243; _builder_version=&#8220;4.21.0&#8243; _module_preset=&#8220;default&#8220; global_colors_info=&#8220;{}&#8220;][et_pb_text _builder_version=&#8220;4.21.0&#8243; _module_preset=&#8220;d70c465d-d061-4a82-887c-ca84b4af45c4&#8243; global_colors_info=&#8220;{}&#8220;]<\/p>\n<h1>bald wieder erh\u00e4ltlich!<\/h1>\n<p>[\/et_pb_text][\/et_pb_column][\/et_pb_row][et_pb_row column_structure=&#8220;1_2,1_2&#8243; use_custom_gutter=&#8220;on&#8220; gutter_width=&#8220;1&#8243; make_equal=&#8220;on&#8220; _builder_version=&#8220;4.23.1&#8243; _module_preset=&#8220;10739690-d0ed-4699-a0a2-68b17bdafe28&#8243; custom_padding=&#8220;0px|0px|0px|0px|false|false&#8220; border_radii=&#8220;on|25px|25px|25px|25px&#8220; global_colors_info=&#8220;{}&#8220;][et_pb_column type=&#8220;1_2&#8243; _builder_version=&#8220;4.23.1&#8243; _module_preset=&#8220;default&#8220; background_color=&#8220;#542A7E&#8220; background_image=&#8220;https:\/\/www.alloflife.at\/seeds\/wp-content\/uploads\/2024\/10\/vronimaroni-pic-scaled.jpg&#8220; custom_padding=&#8220;21.1%|7%|21.1%|7%|true|true&#8220; global_colors_info=&#8220;{}&#8220;][\/et_pb_column][et_pb_column type=&#8220;1_2&#8243; _builder_version=&#8220;4.21.0&#8243; _module_preset=&#8220;default&#8220; background_color=&#8220;#542A7E&#8220; custom_padding=&#8220;7%|7%|7%|7%|true|true&#8220; global_colors_info=&#8220;{}&#8220;][et_pb_text _builder_version=&#8220;4.23.1&#8243; _module_preset=&#8220;d70c465d-d061-4a82-887c-ca84b4af45c4&#8243; text_text_color=&#8220;#FFFFFF&#8220; header_font=&#8220;||||||||&#8220; header_4_text_color=&#8220;#FFFFFF&#8220; custom_margin=&#8220;||50px||false|false&#8220; global_colors_info=&#8220;{}&#8220;]<\/p>\n<h4 style=\"text-align: left;\">[vroni maroni Maronikugel mit und ohne schwips]<\/h4>\n<p class=\"p2\" style=\"text-align: left;\"><span class=\"s1\">welcome to the <\/span>g\u00b4sunde schmankerl family &#8211; unsere gesunden Maronikugeln mit Maroni, Datteln, Haferflocken &#8211; mit und ohne Alkohol (Maronilik\u00f6r) einfach himmlisch!<\/p>\n<p class=\"p2\" style=\"text-align: left;\">Wird gerade in unser Sortiment aufgenommen &#8211; meld dich gern zum newsletter an und bleib immer \u00fcber Neuigkeiten informiert<\/p>\n<p>[\/et_pb_text][et_pb_button button_url=&#8220;https:\/\/www.alloflife.at\/seeds\/gsunde-schoki\/&#8220; button_text=&#8220;alle schmankerl ansehen&#8220; button_alignment=&#8220;left&#8220; _builder_version=&#8220;4.23.1&#8243; _module_preset=&#8220;906bcb98-0de7-42c1-8a99-2e670f25eeb1&#8243; button_text_color=&#8220;#542A7E&#8220; button_bg_color=&#8220;#FFFFFF&#8220; custom_margin_tablet=&#8220;&#8220; custom_margin_phone=&#8220;-16px||21px||false|false&#8220; custom_margin_last_edited=&#8220;on|tablet&#8220; custom_padding_tablet=&#8220;&#8220; custom_padding_phone=&#8220;&#8220; custom_padding_last_edited=&#8220;on|phone&#8220; hover_enabled=&#8220;0&#8243; global_colors_info=&#8220;{}&#8220; button_border_color__hover=&#8220;RGBA(255,255,255,0)&#8220; button_bg_color__hover=&#8220;#EEEEEE&#8220; sticky_enabled=&#8220;0&#8243;][\/et_pb_button][\/et_pb_column][\/et_pb_row][\/et_pb_section]<\/p>\n","protected":false},"excerpt":{"rendered":"<p>genuss mit herz und seele Hallo du lieber Mensch! Herzlich Willkommen bei seeds of life dein Ort f\u00fcr echt ehrliche Superfoods, gesundheitsorientiertes Yoga mit Leichtigkeit und Freude, Musik von Herzen und tiefenentspannende Ber\u00fchrung.[g\u00b4sunde shots] hol dir den Frischekick f\u00fcr den ganzen Tag, mit Biozutaten und ganz viel Liebe gemacht. Verschiedene Sorten erh\u00e4ltlich.[g\u00b4sunde schmankerl] gesunde hochwertige [&hellip;]<\/p>\n","protected":false},"author":1,"featured_media":0,"parent":0,"menu_order":0,"comment_status":"closed","ping_status":"open","template":"","meta":{"_et_pb_use_builder":"on","_et_pb_old_content":"Dies ist eine Beispiel-Seite. Sie unterscheidet sich von Beitr\u00e4gen, da sie stets an der selben Stelle bleibt und (bei den meisten Themes) in der Navigation angezeigt wird. Die meisten Leute starten mit einem Impressum oder einer \u201e\u00dcber uns\u201c-Seite mit einer Vorstellung f\u00fcr m\u00f6gliche Besucher der Website. Dort k\u00f6nnte zum Beispiel stehen:\n<blockquote>Hallo! Tags\u00fcber arbeite ich als Fahrradkurier, nachts bin ich ein aufstrebender Schauspieler und dies hier ist meine Website. Ich lebe in Berlin, habe einen gro\u00dfen Hund namens Jack, mag Pi\u00f1a Coladas, jedoch weniger (ohne Schirm) im Regen stehen gelassen zu werden.<\/blockquote>\n...oder sowas wie:\n<blockquote>Unsere Firma XYZ wurde 1971 gegr\u00fcndet und hat seither eine Menge hochqualitativen ABC f\u00fcr die \u00d6ffentlichkeit produziert. Ans\u00e4ssig in Gotham City, hat XYZ mittlerweile \u00fcber 2.000 Mitarbeiter und entwickelt immer wieder gro\u00dfartige Dinge f\u00fcr die ganze Gotham-Gemeinschaft.<\/blockquote>\nAls neuer WordPress-Benutzer solltest du das Dashboard aufrufen, um diese Seite zu l\u00f6schen und statt dessen eine neue Seite mit deinen eigenen Inhalten erstellen. Viel Spa\u00df!","_et_gb_content_width":"","footnotes":""},"class_list":["post-2","page","type-page","status-publish","hentry"],"_links":{"self":[{"href":"https:\/\/www.alloflife.at\/seeds\/wp-json\/wp\/v2\/pages\/2","targetHints":{"allow":["GET"]}}],"collection":[{"href":"https:\/\/www.alloflife.at\/seeds\/wp-json\/wp\/v2\/pages"}],"about":[{"href":"https:\/\/www.alloflife.at\/seeds\/wp-json\/wp\/v2\/types\/page"}],"author":[{"embeddable":true,"href":"https:\/\/www.alloflife.at\/seeds\/wp-json\/wp\/v2\/users\/1"}],"replies":[{"embeddable":true,"href":"https:\/\/www.alloflife.at\/seeds\/wp-json\/wp\/v2\/comments?post=2"}],"version-history":[{"count":48,"href":"https:\/\/www.alloflife.at\/seeds\/wp-json\/wp\/v2\/pages\/2\/revisions"}],"predecessor-version":[{"id":239339,"href":"https:\/\/www.alloflife.at\/seeds\/wp-json\/wp\/v2\/pages\/2\/revisions\/239339"}],"wp:attachment":[{"href":"https:\/\/www.alloflife.at\/seeds\/wp-json\/wp\/v2\/media?parent=2"}],"curies":[{"name":"wp","href":"https:\/\/api.w.org\/{rel}","templated":true}]}}