{"id":205,"date":"2023-08-28T16:14:51","date_gmt":"2023-08-28T14:14:51","guid":{"rendered":"https:\/\/www.alloflife.at\/seeds\/?page_id=205"},"modified":"2024-09-13T16:28:39","modified_gmt":"2024-09-13T14:28:39","slug":"about","status":"publish","type":"page","link":"https:\/\/www.alloflife.at\/seeds\/about\/","title":{"rendered":"About"},"content":{"rendered":"<p>[et_pb_section fb_built=&#8220;1&#8243; _builder_version=&#8220;4.23.1&#8243; _module_preset=&#8220;4c6eb534-2e98-458f-afbb-81ed982f9245&#8243; background_image=&#8220;https:\/\/www.alloflife.at\/seeds\/wp-content\/uploads\/2024\/01\/DSC00662.jpg&#8220; height_phone=&#8220;36vh&#8220; global_colors_info=&#8220;{}&#8220;][\/et_pb_section][et_pb_section fb_built=&#8220;1&#8243; _builder_version=&#8220;4.21.0&#8243; _module_preset=&#8220;6d07f0d3-6ad2-4b09-bb94-90dc5b421c5c&#8220; global_colors_info=&#8220;{}&#8220;][et_pb_row _builder_version=&#8220;4.21.0&#8243; _module_preset=&#8220;ab77d7fd-1b6e-45b1-84d0-14a473441d36&#8243; width_phone=&#8220;90%&#8220; custom_padding=&#8220;||6px|||&#8220; global_colors_info=&#8220;{}&#8220;][et_pb_column type=&#8220;4_4&#8243; _builder_version=&#8220;4.21.0&#8243; _module_preset=&#8220;default&#8220; global_colors_info=&#8220;{}&#8220;][et_pb_text _builder_version=&#8220;4.21.0&#8243; _module_preset=&#8220;d70c465d-d061-4a82-887c-ca84b4af45c4&#8243; text_orientation=&#8220;left&#8220; global_colors_info=&#8220;{}&#8220;]<\/p>\n<h1>ueber mich<\/h1>\n<h4>H\u00f6r auf Dein Herz was es dir zu sagen hat, und du bist immer am richtigen Weg!<\/h4>\n<p>&nbsp;<\/p>\n<p>\u00a0Jahrgang 1980, um genau zu sein am 17. Juni, setzte ich meine F\u00fc\u00dfe in dieses Leben. Als Drittgeborener von vier Kindern, wuchs ich in Wiesen auf &#8211; besser bekannt als \u201eErdbeergemeinde\u201c oder auch bekannt durch das Festivalgel\u00e4nde. Mein Elternhaus ist in direkter in Waldlage, deshalb verbrachte ich viel Zeit im Wald und f\u00fchlte mich damals schon sehr mit der Natur verbunden \u2013 das hat sich mit den Jahren noch intensiviert.<\/p>\n<p>Meine Kindheit war sicher keine leichte, trotzdem fand ich es gut schon so fr\u00fch selbstst\u00e4ndig zu sein. Ich begann mit 15 Jahren meine Lehre als Dachspengler, was nicht gerade mein Traumberuf war \u2013 zumindest nicht gleich am Anfang. Erst einige Jahre sp\u00e4ter, durfte ich mich als Vorarbeiter so richtig austoben und meine Leidenschaft, Genauigkeit und Zuverl\u00e4ssigkeit unter Beweis stellen. Nach fast drei Jahrzehnten bei der gleichen Firma f\u00fchlte es sich nicht mehr stimmig an \u2013 ich spielte jedoch nie mit den Gedanken alles hinzuschmei\u00dfen \u2013 warum auch? Pension ist ja noch so weit weg und ich stellte mir immer \u00f6fter die Frage: Ist das der Sinn des Lebens? Warum kommt alles was ich gerne und mit Leidenschaft mache (Musik, Yoga, Familie etc) immer viel zu kurz, weil nach dem ganzen Druck und Stress am Tag auf den Baustellen einfach keine Kraft und Energie mehr \u00fcbrig war&#8230;<\/p>\n<p>Genau zu dieser Zeit fiel meine Frau Gabi in ein tiefes Burn out mit allen Begleiterscheinungen \u2013 sie musste akzeptieren das gar nichts mehr ging \u2013 und ich musste lernen pl\u00f6tzlich alles alleine zu stemmen (Fulltime Job, Haushalt, Tiere etc) \u2013 DAS hat unser beider Leben ver\u00e4ndert!<\/p>\n<p>Ich m\u00f6chte an dieser Stelle einhaken und sagen: Danke f\u00fcr dich mein Schatz, dass ich in den letzten 23 Jahren so viel von dir lernen durfte und du mir immer wieder gezeigt hast, wie es weitergehen kann. Du hast mich auch manchmal aus meiner Komfortzone locken m\u00fcssen um in meinem Leben zu wachsen.<\/p>\n<p>Und nach dieser sehr intensiven Phase mit vielen Selbsterkenntnissen, entschloss ich mich, dass es nun an der Zeit sei, dass zu machen was mir Spa\u00df macht \u2013 und mein Leben selbst in die H\u00e4nde zu nehmen (auch wenn nur mit 9,5 Finger :-))<\/p>\n<p>&nbsp;<\/p>\n<p>[\/et_pb_text][\/et_pb_column][\/et_pb_row][et_pb_row _builder_version=&#8220;4.21.0&#8243; _module_preset=&#8220;ab77d7fd-1b6e-45b1-84d0-14a473441d36&#8243; width_phone=&#8220;90%&#8220; custom_padding=&#8220;0px||0px||false|false&#8220; border_radii=&#8220;on|25px|25px|25px|25px&#8220; global_colors_info=&#8220;{}&#8220;][et_pb_column type=&#8220;4_4&#8243; _builder_version=&#8220;4.21.0&#8243; _module_preset=&#8220;default&#8220; global_colors_info=&#8220;{}&#8220;][et_pb_slider show_arrows=&#8220;off&#8220; _builder_version=&#8220;4.23.1&#8243; _module_preset=&#8220;default&#8220; max_width=&#8220;1080px&#8220; module_alignment=&#8220;center&#8220; min_height=&#8220;50vh&#8220; height=&#8220;500px&#8220; auto=&#8220;on&#8220; auto_speed=&#8220;5000&#8243; global_colors_info=&#8220;{}&#8220;][et_pb_slide _builder_version=&#8220;4.23.1&#8243; _module_preset=&#8220;default&#8220; background_color=&#8220;RGBA(255,255,255,0)&#8220; background_enable_color=&#8220;on&#8220; background_image=&#8220;https:\/\/www.alloflife.at\/seeds\/wp-content\/uploads\/2023\/09\/DSC00312-Bearbeitet_web.jpg&#8220; background_enable_image=&#8220;on&#8220; background_position=&#8220;top_center&#8220; global_colors_info=&#8220;{}&#8220; sticky_transition=&#8220;on&#8220;][\/et_pb_slide][et_pb_slide _builder_version=&#8220;4.21.0&#8243; _module_preset=&#8220;default&#8220; background_color=&#8220;RGBA(255,255,255,0)&#8220; background_enable_color=&#8220;on&#8220; background_image=&#8220;https:\/\/www.alloflife.at\/seeds\/wp-content\/uploads\/2023\/09\/IMG-20230625-WA0065_web.jpg&#8220; background_enable_image=&#8220;on&#8220; global_colors_info=&#8220;{}&#8220; sticky_transition=&#8220;on&#8220;][\/et_pb_slide][et_pb_slide _builder_version=&#8220;4.21.0&#8243; _module_preset=&#8220;default&#8220; background_color=&#8220;RGBA(255,255,255,0)&#8220; background_enable_color=&#8220;on&#8220; background_image=&#8220;https:\/\/www.alloflife.at\/seeds\/wp-content\/uploads\/2023\/09\/IMG-20220910-WA0025_web.jpg&#8220; background_enable_image=&#8220;on&#8220; background_position=&#8220;top_center&#8220; global_colors_info=&#8220;{}&#8220; sticky_transition=&#8220;on&#8220;][\/et_pb_slide][\/et_pb_slider][\/et_pb_column][\/et_pb_row][et_pb_row _builder_version=&#8220;4.21.0&#8243; _module_preset=&#8220;e9cabd9a-e930-4e79-9265-6014df6f2f40&#8243; global_colors_info=&#8220;{}&#8220;][et_pb_column type=&#8220;4_4&#8243; _builder_version=&#8220;4.21.0&#8243; _module_preset=&#8220;default&#8220; global_colors_info=&#8220;{}&#8220;][et_pb_text _builder_version=&#8220;4.23.1&#8243; _module_preset=&#8220;d70c465d-d061-4a82-887c-ca84b4af45c4&#8243; global_colors_info=&#8220;{}&#8220;]<\/p>\n<h5 style=\"text-align: left;\">Der Anfang von etwas ganz Gro\u00dfem<\/h5>\n<p style=\"text-align: left;\">Im Jahr 2021 entschieden wir uns beide f\u00fcr eine Yogalehrer Ausbildung bei Mangalam Yoga in der sch\u00f6nen Steiermark. Hier durfte ich soviel \u00fcber mich lernen, mich neu entfalten, mein vollstes Potential aussch\u00f6pfen f\u00fcr das wof\u00fcr ich bestimmt bin. Das war der Anfang von etwas ganz Gro\u00dfem!<\/p>\n<p style=\"text-align: left;\">Es ist nie zu sp\u00e4t f\u00fcr Ver\u00e4nderung! Ver\u00e4nderung ist zwar nicht immer leicht und kann auch wirklich Angst machen \u2013 es kann manchmal sogar sehr schmerzhaft sein. Doch Schmerz l\u00e4sst uns zu uns selbst zur\u00fcck kehren \u2013 zu unseren wahren Kern \u2013 und daraus kann Neues entstehen.<\/p>\n<p style=\"text-align: left;\">Heute stelle ich mit ganz viel Liebe g\u00b4sunde shots und schoki her, bin leidenschaftlicher Musiker und Yogalehrer aus \u00dcberzeugung. Ich liebe Eisb\u00e4der und Atemtechniken und durch die vielen Erfahrungen in meinem Leben, wei\u00df ich dass das Leben soviel mehr zu bieten hat!<\/p>\n<p style=\"text-align: left;\">M\u00f6chtest du mehr \u00fcber mich, meine Produkte, unsere Yogaphilosophie oder meine Musik erfahren, dann kontaktiere mich gerne!<\/p>\n<p style=\"text-align: left;\">Alles Liebe, Erich<\/p>\n<p>&nbsp;<\/p>\n<p style=\"text-align: left;\"><strong>Weiterbildungen bisher<\/strong><br \/>2021 Entspannte Wirbels\u00e4ule und innere Ausrichtung<br \/>2021 Wim Hof Fundamental Workshop<br \/>2022 Wim Hof Advanced Workshop<br \/>2022 Access Bars\u00ae Practitioner<br \/>2022 Flow Yogalehrer (mit Zertifizierung)<br \/>2023 Nuad Thai Yoga Bodyworker \u2013 Level I<\/p>\n<p>[\/et_pb_text][\/et_pb_column][\/et_pb_row][\/et_pb_section]<\/p>\n","protected":false},"excerpt":{"rendered":"<p>seeds of life &#8211; \u00dcber mich &#8211; Erich Leitgeb<br \/>\nH\u00f6r auf Dein Herz, was es dir zu sagen hat, und du bist immer am richtigen Weg! <\/p>\n","protected":false},"author":1,"featured_media":0,"parent":0,"menu_order":0,"comment_status":"closed","ping_status":"closed","template":"","meta":{"_et_pb_use_builder":"on","_et_pb_old_content":"","_et_gb_content_width":"","footnotes":""},"class_list":["post-205","page","type-page","status-publish","hentry"],"_links":{"self":[{"href":"https:\/\/www.alloflife.at\/seeds\/wp-json\/wp\/v2\/pages\/205","targetHints":{"allow":["GET"]}}],"collection":[{"href":"https:\/\/www.alloflife.at\/seeds\/wp-json\/wp\/v2\/pages"}],"about":[{"href":"https:\/\/www.alloflife.at\/seeds\/wp-json\/wp\/v2\/types\/page"}],"author":[{"embeddable":true,"href":"https:\/\/www.alloflife.at\/seeds\/wp-json\/wp\/v2\/users\/1"}],"replies":[{"embeddable":true,"href":"https:\/\/www.alloflife.at\/seeds\/wp-json\/wp\/v2\/comments?post=205"}],"version-history":[{"count":16,"href":"https:\/\/www.alloflife.at\/seeds\/wp-json\/wp\/v2\/pages\/205\/revisions"}],"predecessor-version":[{"id":239268,"href":"https:\/\/www.alloflife.at\/seeds\/wp-json\/wp\/v2\/pages\/205\/revisions\/239268"}],"wp:attachment":[{"href":"https:\/\/www.alloflife.at\/seeds\/wp-json\/wp\/v2\/media?parent=205"}],"curies":[{"name":"wp","href":"https:\/\/api.w.org\/{rel}","templated":true}]}}