{"id":322,"date":"2023-09-12T11:52:29","date_gmt":"2023-09-12T09:52:29","guid":{"rendered":"https:\/\/www.alloflife.at\/seeds\/?page_id=322"},"modified":"2024-01-15T08:50:17","modified_gmt":"2024-01-15T07:50:17","slug":"gsunde-zutaten","status":"publish","type":"page","link":"https:\/\/www.alloflife.at\/seeds\/gsunde-zutaten\/","title":{"rendered":"g\u00b4sunde Zutaten"},"content":{"rendered":"<p>[et_pb_section fb_built=&#8220;1&#8243; _builder_version=&#8220;4.21.0&#8243; _module_preset=&#8220;4c6eb534-2e98-458f-afbb-81ed982f9245&#8243; background_image=&#8220;https:\/\/www.alloflife.at\/seeds\/wp-content\/uploads\/2023\/10\/DSC05665-Bearbeitet.jpg&#8220; background_position=&#8220;top_center&#8220; background_vertical_offset=&#8220;35%&#8220; height=&#8220;55vh&#8220; height_tablet=&#8220;55vh&#8220; height_phone=&#8220;55vh&#8220; height_last_edited=&#8220;on|phone&#8220; global_colors_info=&#8220;{}&#8220;][\/et_pb_section][et_pb_section fb_built=&#8220;1&#8243; _builder_version=&#8220;4.21.0&#8243; _module_preset=&#8220;df738318-f6ba-4873-8b5a-727c6c119adc&#8220; custom_padding=&#8220;20px||23px||false|false&#8220; global_colors_info=&#8220;{}&#8220;][et_pb_row _builder_version=&#8220;4.21.0&#8243; _module_preset=&#8220;e9cabd9a-e930-4e79-9265-6014df6f2f40&#8243; global_colors_info=&#8220;{}&#8220;][et_pb_column type=&#8220;4_4&#8243; _builder_version=&#8220;4.21.0&#8243; _module_preset=&#8220;default&#8220; global_colors_info=&#8220;{}&#8220;][et_pb_text _builder_version=&#8220;4.21.0&#8243; _module_preset=&#8220;d70c465d-d061-4a82-887c-ca84b4af45c4&#8243; custom_margin=&#8220;||21px|||&#8220; global_colors_info=&#8220;{}&#8220;]<\/p>\n<h1>g\u00b4sunde zutaten<\/h1>\n<h4>bio &amp; regional<\/h4>\n<p>[\/et_pb_text][\/et_pb_column][\/et_pb_row][et_pb_row _builder_version=&#8220;4.21.0&#8243; _module_preset=&#8220;e9cabd9a-e930-4e79-9265-6014df6f2f40&#8243; width=&#8220;53%&#8220; width_tablet=&#8220;80%&#8220; width_phone=&#8220;90%&#8220; custom_margin=&#8220;|auto|3px|auto||&#8220; custom_padding=&#8220;2px|||||&#8220; locked=&#8220;off&#8220; global_colors_info=&#8220;{}&#8220;][et_pb_column type=&#8220;4_4&#8243; _builder_version=&#8220;4.21.0&#8243; _module_preset=&#8220;default&#8220; global_colors_info=&#8220;{}&#8220;][et_pb_text _builder_version=&#8220;4.21.0&#8243; _module_preset=&#8220;default&#8220; global_colors_info=&#8220;{}&#8220;]ich lege gro\u00dfen Wert auf Bio Qualit\u00e4t und nach M\u00f6glichkeit auch Regionalit\u00e4t \u2013 nach Verf\u00fcgbarkeit kommen auch heimischer Ingwer, Sanddorn und Rosmarin zur Verarbeitung. Zugekaufte Produkte kommen nur mit Bio Siegel in meine Ertschinga K\u00fcche :-)[\/et_pb_text][et_pb_accordion open_toggle_text_color=&#8220;#542A7E&#8220; closed_toggle_background_color=&#8220;#EEEEEE&#8220; toggle_icon=&#8220;&#x45;||divi||400&#8243; _builder_version=&#8220;4.21.0&#8243; _module_preset=&#8220;default&#8220; toggle_text_color=&#8220;#542A7E&#8220; toggle_font=&#8220;Source Sans Pro||||||||&#8220; toggle_font_size=&#8220;14px&#8220; closed_toggle_font=&#8220;Source Sans Pro||||||||&#8220; closed_toggle_font_size=&#8220;14px&#8220; body_font=&#8220;Source Sans Pro||||||||&#8220; custom_margin=&#8220;67px||||false|false&#8220; custom_padding=&#8220;19px||||false|false&#8220; hover_transition_duration=&#8220;50ms&#8220; border_radii=&#8220;on|25px|25px|25px|25px&#8220; global_colors_info=&#8220;{}&#8220;][et_pb_accordion_item title=&#8220;Acerola&#8220; open=&#8220;on&#8220; _builder_version=&#8220;4.21.0&#8243; _module_preset=&#8220;2256f455-04f4-4e43-87af-04d83160de75&#8243; global_colors_info=&#8220;{}&#8220;]<\/p>\n<p>enth\u00e4lt Vitamin C und andere Antioxidantien, unterst\u00fctzt das Immunsystem, entz\u00fcndungshemmende Eigenschaften, Verbesserung der Hautgesundheit und Unterst\u00fctzung der Augengesundheit, kann den Blutdruck senken<\/p>\n<p>[\/et_pb_accordion_item][et_pb_accordion_item title=&#8220;Agavendicksaft&#8220; _builder_version=&#8220;4.21.0&#8243; _module_preset=&#8220;default&#8220; global_colors_info=&#8220;{}&#8220; open=&#8220;off&#8220;]l\u00e4sst den Blutzuckerspiegel deutlich langsamer steigen als zb. Haushaltszucker, in Ma\u00dfen deshalb auch f\u00fcr Diabetiker geeignet[\/et_pb_accordion_item][et_pb_accordion_item title=&#8220;Ahornsirup&#8220; _builder_version=&#8220;4.21.0&#8243; _module_preset=&#8220;default&#8220; global_colors_info=&#8220;{}&#8220; open=&#8220;off&#8220;]wirkt entz\u00fcndungshemmend, enth\u00e4lt Antioxidantien, Niedriger GL (glyk\u00e4mischer Last) Wert[\/et_pb_accordion_item][et_pb_accordion_item title=&#8220;Amaranth&#8220; _builder_version=&#8220;4.21.0&#8243; _module_preset=&#8220;default&#8220; global_colors_info=&#8220;{}&#8220; open=&#8220;off&#8220;]hochwertige Eiwei\u00dfquelle, leicht verf\u00fcgbare Kohlenhydrate, enth\u00e4lt Calcium, Magnesium und Eisen und kann den Cholesterinspiegel positiv beeinflussen[\/et_pb_accordion_item][et_pb_accordion_item title=&#8220;Ananas&#8220; _builder_version=&#8220;4.21.0&#8243; _module_preset=&#8220;default&#8220; global_colors_info=&#8220;{}&#8220; open=&#8220;off&#8220;]st\u00e4rkt dank Vitamin C das Immunsystem, hellt nat\u00fcrlich die Stimmung auf, wirkt gegen Entz\u00fcndungen und Schwellungen, Bromelain optimiert die Proteinaufnahme[\/et_pb_accordion_item][et_pb_accordion_item title=&#8220;Cashewmus&#8220; _builder_version=&#8220;4.21.0&#8243; _module_preset=&#8220;default&#8220; global_colors_info=&#8220;{}&#8220; open=&#8220;off&#8220;]enth\u00e4lt Vitamine, Mineralstoffe, Magnesium und Phosphor, hoher Anteil an B-Vitaminen (Nervennahrung)[\/et_pb_accordion_item][et_pb_accordion_item title=&#8220;Cranberry&#8220; _builder_version=&#8220;4.21.0&#8243; _module_preset=&#8220;default&#8220; global_colors_info=&#8220;{}&#8220; open=&#8220;off&#8220;]enth\u00e4lt OPC, Vitamin C, A und K, Kalium und Natrium, Antioxidative Eigenschaft, hilft bei der Vorbeugung gegen Asteriosklerose, Krebs u. Bluthochdruck, kr\u00e4ftigt das Immunsystems[\/et_pb_accordion_item][et_pb_accordion_item title=&#8220;Datteln&#8220; _builder_version=&#8220;4.21.0&#8243; _module_preset=&#8220;default&#8220; global_colors_info=&#8220;{}&#8220; open=&#8220;off&#8220;]stecken voller N\u00e4hrstoffe wie Vitamin A, Eisen, Kupfer, Magnesium, Selen, Zink, Kalium und B-Vitaminen, besitzt eine beruhigende Wirkung auf die Nerven[\/et_pb_accordion_item][et_pb_accordion_item title=&#8220;Erdnussmus&#8220; _builder_version=&#8220;4.21.0&#8243; _module_preset=&#8220;default&#8220; global_colors_info=&#8220;{}&#8220; open=&#8220;off&#8220;]ist eine wunderbare Quelle f\u00fcr Proteine, Vitamine und Mineralstoffe, liefert gesunde Fetts\u00e4uren und ist reich an Mikron\u00e4hrstoffen \u2013 versorgt dich mit Vitamin E [\/et_pb_accordion_item][et_pb_accordion_item title=&#8220;GGGGGAAAAANNNNNZZZZ viel Liebe \u2764&#8220; _builder_version=&#8220;4.21.0&#8243; _module_preset=&#8220;default&#8220; global_colors_info=&#8220;{}&#8220; open=&#8220;off&#8220;]st\u00e4rkt die k\u00f6rpereigenen Abwehrkr\u00e4fte, senkt den Blutdruck und Cholesterinwerte, bewahrt vor \u00dcbergewicht, sch\u00fctzt vor \u00c4ngsten und Depressionen[\/et_pb_accordion_item][et_pb_accordion_item title=&#8220;Guarana&#8220; _builder_version=&#8220;4.21.0&#8243; _module_preset=&#8220;default&#8220; global_colors_info=&#8220;{}&#8220; open=&#8220;off&#8220;]nat\u00fcrliches Koffein aus Pflanzensamen<br \/>\nspendet Energie, macht wach und steigert die Leistungsf\u00e4higkeit, das enthaltene Koffein wird nach und nach abgegeben und verbleibt l\u00e4nger, im Allgemeinen besser vertr\u00e4glich als Koffein[\/et_pb_accordion_item][et_pb_accordion_item title=&#8220;Haferflocken&#8220; _builder_version=&#8220;4.21.0&#8243; _module_preset=&#8220;default&#8220; global_colors_info=&#8220;{}&#8220; open=&#8220;off&#8220;]bieten besondere Ballaststoffe f\u00fcr den Darm, reich an Antioxidantien, k\u00f6nnen den Cholesterinspiegel und Blutdruck senken[\/et_pb_accordion_item][et_pb_accordion_item title=&#8220;Himbeeren&#8220; _builder_version=&#8220;4.21.0&#8243; _module_preset=&#8220;default&#8220; global_colors_info=&#8220;{}&#8220; open=&#8220;off&#8220;]besonders viel Vitamin C, wirkt antioxidativ, st\u00e4rkt die Abwehrkr\u00e4fte[\/et_pb_accordion_item][et_pb_accordion_item title=&#8220;Ingwer&#8220; _builder_version=&#8220;4.21.0&#8243; _module_preset=&#8220;2256f455-04f4-4e43-87af-04d83160de75&#8243; global_colors_info=&#8220;{}&#8220; open=&#8220;off&#8220;]<\/p>\n<p>eine wohlbekannte Wunderknolle \u2013 das beste Hausmittel gegen Erk\u00e4ltungen, senkt auf nat\u00fcrliche Weise den Blutdruck, wirkt schleiml\u00f6send und lindert Entz\u00fcndungen, die Scharfstoffe regen den Stoffwechsel an<\/p>\n<p>[\/et_pb_accordion_item][et_pb_accordion_item title=&#8220;Kakaobutter&#8220; _builder_version=&#8220;4.21.0&#8243; _module_preset=&#8220;default&#8220; global_colors_info=&#8220;{}&#8220; open=&#8220;off&#8220;]hoher Anteil an ges\u00e4ttigten und unges\u00e4ttigten Fetts\u00e4uren, zahlreiche Vitamine, Mineralstoffe und Antioxidantien st\u00e4rken die Zellen und versorgen sie mit Feuchtigkeit[\/et_pb_accordion_item][et_pb_accordion_item title=&#8220;Kakaopulver&#8220; _builder_version=&#8220;4.21.0&#8243; _module_preset=&#8220;default&#8220; global_colors_info=&#8220;{}&#8220; open=&#8220;off&#8220;]senkt den Cholesterinspiegel, hilft das Herz zu sch\u00fctzen und den Blutzuckerspiegel zu senken, enth\u00e4lt Antioxidantien, die uns vor freien Radikalen sch\u00fctzen [\/et_pb_accordion_item][et_pb_accordion_item title=&#8220;Kakaomasse&#8220; _builder_version=&#8220;4.21.0&#8243; _module_preset=&#8220;default&#8220; global_colors_info=&#8220;{}&#8220; open=&#8220;off&#8220;]Kakaomasse wird aus fein gemahlenen Kakaokernen hergestellt, sie enth\u00e4lt jede Menge Vitamine, Calcium, Eisen und vor allem Magnesium  [\/et_pb_accordion_item][et_pb_accordion_item title=&#8220;Karotte&#8220; _builder_version=&#8220;4.21.0&#8243; _module_preset=&#8220;default&#8220; global_colors_info=&#8220;{}&#8220; open=&#8220;off&#8220;]<\/p>\n<p>gut f\u00fcr Haut und Herz, jede Menge Spurenelemente, eine der wertvollsten Gem\u00fcsearten<\/p>\n<p>[\/et_pb_accordion_item][et_pb_accordion_item title=&#8220;Kurkuma&#8220; _builder_version=&#8220;4.21.0&#8243; _module_preset=&#8220;default&#8220; global_colors_info=&#8220;{}&#8220; open=&#8220;off&#8220;]sch\u00fctzt die K\u00f6rperzellen, f\u00f6rdert die Verdauung, hilft dem Herzen und beruhigt die Nerven, f\u00f6rdert die Durchblutung und hemmt Entz\u00fcndungen[\/et_pb_accordion_item][et_pb_accordion_item title=&#8220;Mandelmus&#8220; _builder_version=&#8220;4.21.0&#8243; _module_preset=&#8220;default&#8220; global_colors_info=&#8220;{}&#8220; open=&#8220;off&#8220;]gro\u00dfe Menge an Magnesium, Vitamin E, Ballaststoffe die f\u00fcr Muskeln und Knochen gesund sind, und dir helfen fit zu bleiben[\/et_pb_accordion_item][et_pb_accordion_item title=&#8220;Pistazienmus&#8220; _builder_version=&#8220;4.21.0&#8243; _module_preset=&#8220;default&#8220; global_colors_info=&#8220;{}&#8220; open=&#8220;off&#8220;]guten Einfluss auf Darmmikroben, hoher Gehalt an gesunden Fetten, gut f\u00fcr Herz- und Cholesterinspiegel[\/et_pb_accordion_item][et_pb_accordion_item title=&#8220;Rosmarin&#8220; _builder_version=&#8220;4.21.0&#8243; _module_preset=&#8220;default&#8220; global_colors_info=&#8220;{}&#8220; open=&#8220;off&#8220;]durchblutungsf\u00f6rdernde und erw\u00e4rmende Wirkung, kurbelt den Kreislauf an, f\u00f6rdert die Verdauung und Konzentration, reduziert M\u00fcdigkeit, enth\u00e4lt Antioxidantien [\/et_pb_accordion_item][et_pb_accordion_item title=&#8220;Sanddorn&#8220; _builder_version=&#8220;4.21.0&#8243; _module_preset=&#8220;default&#8220; global_colors_info=&#8220;{}&#8220; open=&#8220;off&#8220;]eine fast unbekannte heimische Wunderbeere<br \/>\nwird auch Zitrone des Nordens genannt, weil sie einen sehr hohen Vitamin C Gehalt hat, verbeugend bei Erk\u00e4ltung, unterst\u00fctzend in der Genesungsphase einer Krankheit, besitzt entz\u00fcndungshemmende Wirkung[\/et_pb_accordion_item][et_pb_accordion_item title=&#8220;schwarzer Tee&#8220; _builder_version=&#8220;4.21.0&#8243; _module_preset=&#8220;default&#8220; global_colors_info=&#8220;{}&#8220; open=&#8220;off&#8220;]wirkt beruhigend auf den Magen Darm Trakt, f\u00f6rdert die Heilung von Wunden, enth\u00e4lt wichtige N\u00e4hrstoffe, kann anregend aber auch beruhigend wirken[\/et_pb_accordion_item][et_pb_accordion_item title=&#8220;Scoby Pilz&#8220; _builder_version=&#8220;4.21.0&#8243; _module_preset=&#8220;default&#8220; global_colors_info=&#8220;{}&#8220; open=&#8220;off&#8220;]ist eine symbiotische Kolonie aus Bakterien und Hefen, st\u00e4rkt das Immunsystem, verbessert die Darmfunktion, blutreinigend[\/et_pb_accordion_item][et_pb_accordion_item title=&#8220;Zimt&#8220; _builder_version=&#8220;4.21.0&#8243; _module_preset=&#8220;default&#8220; global_colors_info=&#8220;{}&#8220; open=&#8220;off&#8220;]enth\u00e4lt sekund\u00e4re Pflanzenstoffe, die den Blutzuckerspiegel senken k\u00f6nnen, ist entz\u00fcndungshemmend, ist reich an N\u00e4hrstoffen, kann dem Herzen gut tun[\/et_pb_accordion_item][et_pb_accordion_item title=&#8220;Zitronensaft&#8220; _builder_version=&#8220;4.21.0&#8243; _module_preset=&#8220;default&#8220; global_colors_info=&#8220;{}&#8220; open=&#8220;off&#8220;]antibakterielle Wirkung, enth\u00e4lt Vitamin C, st\u00e4rkt das Immunsystem, hilft bei der Eisenaufnahme[\/et_pb_accordion_item][\/et_pb_accordion][\/et_pb_column][\/et_pb_row][et_pb_row _builder_version=&#8220;4.21.0&#8243; _module_preset=&#8220;e9cabd9a-e930-4e79-9265-6014df6f2f40&#8243; width=&#8220;25%&#8220; width_tablet=&#8220;46%&#8220; width_phone=&#8220;90%&#8220; global_colors_info=&#8220;{}&#8220;][et_pb_column type=&#8220;4_4&#8243; _builder_version=&#8220;4.21.0&#8243; _module_preset=&#8220;default&#8220; custom_css_main_element=&#8220;display: grid;||grid-template-columns: repeat(2,1fr);||gap: 20px;&#8220; global_colors_info=&#8220;{}&#8220;][et_pb_button button_url=&#8220;https:\/\/www.alloflife.at\/seeds\/?page_id=352&#8243; button_text=&#8220;zur Preisliste&#8220; button_alignment=&#8220;center&#8220; _builder_version=&#8220;4.21.0&#8243; _module_preset=&#8220;5fdd9bd3-fdcd-413a-b85e-b69f2319c382&#8243; global_colors_info=&#8220;{}&#8220;][\/et_pb_button][et_pb_button button_url=&#8220;mailto:erich@alloflife.at&#8220; button_text=&#8220;jetzt bestellen&#8220; button_alignment=&#8220;center&#8220; _builder_version=&#8220;4.21.0&#8243; _module_preset=&#8220;5fdd9bd3-fdcd-413a-b85e-b69f2319c382&#8243; button_text_color=&#8220;#FFFFFF&#8220; button_bg_color=&#8220;#542A7E&#8220; global_colors_info=&#8220;{}&#8220; button_bg_color__hover=&#8220;#FFFFFF&#8220; button_text_color__hover=&#8220;#939393&#8243;][\/et_pb_button][\/et_pb_column][\/et_pb_row][\/et_pb_section][et_pb_section fb_built=&#8220;1&#8243; _builder_version=&#8220;4.21.0&#8243; _module_preset=&#8220;df738318-f6ba-4873-8b5a-727c6c119adc&#8220; custom_margin=&#8220;0px||0px||false|false&#8220; custom_padding=&#8220;0px||0px||false|false&#8220; global_colors_info=&#8220;{}&#8220;][et_pb_row _builder_version=&#8220;4.21.0&#8243; _module_preset=&#8220;0a30a36d-ba70-4f2a-a856-811c434e463d&#8220; width=&#8220;100%&#8220; max_width=&#8220;2000px&#8220; custom_padding=&#8220;0px||0px||false|false&#8220; global_colors_info=&#8220;{}&#8220;][et_pb_column type=&#8220;4_4&#8243; _builder_version=&#8220;4.21.0&#8243; _module_preset=&#8220;default&#8220; global_colors_info=&#8220;{}&#8220;][et_pb_slider show_arrows=&#8220;off&#8220; _builder_version=&#8220;4.23.1&#8243; _module_preset=&#8220;default&#8220; background_enable_image=&#8220;off&#8220; background_position=&#8220;top_center&#8220; background_vertical_offset=&#8220;70%&#8220; max_width=&#8220;2000%&#8220; module_alignment=&#8220;center&#8220; min_height=&#8220;50vh&#8220; height=&#8220;500px&#8220; auto=&#8220;on&#8220; auto_speed=&#8220;5000&#8243; hover_enabled=&#8220;0&#8243; global_colors_info=&#8220;{}&#8220; sticky_enabled=&#8220;0&#8243;][et_pb_slide _builder_version=&#8220;4.23.1&#8243; _module_preset=&#8220;default&#8220; background_color=&#8220;RGBA(255,255,255,0)&#8220; background_enable_color=&#8220;on&#8220; background_image=&#8220;https:\/\/www.alloflife.at\/seeds\/wp-content\/uploads\/2023\/11\/DSC05625.jpg&#8220; background_enable_image=&#8220;on&#8220; background_position=&#8220;bottom_center&#8220; global_colors_info=&#8220;{}&#8220; sticky_transition=&#8220;on&#8220;][\/et_pb_slide][et_pb_slide _builder_version=&#8220;4.23.1&#8243; _module_preset=&#8220;default&#8220; background_color=&#8220;RGBA(255,255,255,0)&#8220; background_enable_color=&#8220;on&#8220; background_image=&#8220;https:\/\/www.alloflife.at\/seeds\/wp-content\/uploads\/2024\/01\/DSC05658-scaled.jpg&#8220; background_enable_image=&#8220;on&#8220; background_position=&#8220;bottom_center&#8220; global_colors_info=&#8220;{}&#8220; sticky_transition=&#8220;on&#8220;][\/et_pb_slide][et_pb_slide _builder_version=&#8220;4.23.1&#8243; _module_preset=&#8220;default&#8220; background_color=&#8220;RGBA(255,255,255,0)&#8220; background_enable_color=&#8220;on&#8220; background_image=&#8220;https:\/\/www.alloflife.at\/seeds\/wp-content\/uploads\/2023\/09\/DSC06004_web.jpg&#8220; background_enable_image=&#8220;on&#8220; background_position=&#8220;bottom_center&#8220; background_vertical_offset=&#8220;17%&#8220; hover_enabled=&#8220;0&#8243; global_colors_info=&#8220;{}&#8220; sticky_transition=&#8220;on&#8220; sticky_enabled=&#8220;0&#8243;][\/et_pb_slide][\/et_pb_slider][\/et_pb_column][\/et_pb_row][\/et_pb_section]<\/p>\n","protected":false},"excerpt":{"rendered":"<p>bio &#038; regional &#8211; von A wie Acerola bis Z wie Zitronensaft. Bio Qualit\u00e4t und nach M\u00f6glichkeit Regionalit\u00e4t werden bei seeds of life gro\u00df geschrieben. <\/p>\n","protected":false},"author":1,"featured_media":0,"parent":0,"menu_order":0,"comment_status":"closed","ping_status":"closed","template":"","meta":{"_et_pb_use_builder":"on","_et_pb_old_content":"","_et_gb_content_width":"","footnotes":""},"class_list":["post-322","page","type-page","status-publish","hentry"],"_links":{"self":[{"href":"https:\/\/www.alloflife.at\/seeds\/wp-json\/wp\/v2\/pages\/322","targetHints":{"allow":["GET"]}}],"collection":[{"href":"https:\/\/www.alloflife.at\/seeds\/wp-json\/wp\/v2\/pages"}],"about":[{"href":"https:\/\/www.alloflife.at\/seeds\/wp-json\/wp\/v2\/types\/page"}],"author":[{"embeddable":true,"href":"https:\/\/www.alloflife.at\/seeds\/wp-json\/wp\/v2\/users\/1"}],"replies":[{"embeddable":true,"href":"https:\/\/www.alloflife.at\/seeds\/wp-json\/wp\/v2\/comments?post=322"}],"version-history":[{"count":12,"href":"https:\/\/www.alloflife.at\/seeds\/wp-json\/wp\/v2\/pages\/322\/revisions"}],"predecessor-version":[{"id":239160,"href":"https:\/\/www.alloflife.at\/seeds\/wp-json\/wp\/v2\/pages\/322\/revisions\/239160"}],"wp:attachment":[{"href":"https:\/\/www.alloflife.at\/seeds\/wp-json\/wp\/v2\/media?parent=322"}],"curies":[{"name":"wp","href":"https:\/\/api.w.org\/{rel}","templated":true}]}}