{"id":332,"date":"2023-09-12T14:06:33","date_gmt":"2023-09-12T12:06:33","guid":{"rendered":"https:\/\/www.alloflife.at\/seeds\/?page_id=332"},"modified":"2024-02-14T20:11:29","modified_gmt":"2024-02-14T19:11:29","slug":"musik","status":"publish","type":"page","link":"https:\/\/www.alloflife.at\/seeds\/musik\/","title":{"rendered":"Musik"},"content":{"rendered":"<p>[et_pb_section fb_built=&#8220;1&#8243; _builder_version=&#8220;4.23.1&#8243; _module_preset=&#8220;dd1be15f-ab08-40c9-999c-12912079b9b2&#8243; background_image=&#8220;https:\/\/www.alloflife.at\/seeds\/wp-content\/uploads\/2023\/08\/DSC00391-4_low-scaled.jpg&#8220; background_position=&#8220;bottom_center&#8220; background_vertical_offset=&#8220;27%&#8220; min_height_tablet=&#8220;&#8220; min_height_phone=&#8220;250px&#8220; min_height_last_edited=&#8220;on|phone&#8220; height=&#8220;55vh&#8220; height_tablet=&#8220;36vh&#8220; height_phone=&#8220;36vh&#8220; height_last_edited=&#8220;on|phone&#8220; global_colors_info=&#8220;{}&#8220;][\/et_pb_section][et_pb_section fb_built=&#8220;1&#8243; _builder_version=&#8220;4.21.0&#8243; _module_preset=&#8220;8e6cea6f-579e-4748-9cd5-a37477857402&#8243; custom_padding=&#8220;20px||23px||false|false&#8220; global_colors_info=&#8220;{}&#8220;][et_pb_row _builder_version=&#8220;4.21.0&#8243; _module_preset=&#8220;e9cabd9a-e930-4e79-9265-6014df6f2f40&#8243; width_phone=&#8220;90%&#8220; global_colors_info=&#8220;{}&#8220;][et_pb_column type=&#8220;4_4&#8243; _builder_version=&#8220;4.21.0&#8243; _module_preset=&#8220;default&#8220; global_colors_info=&#8220;{}&#8220;][et_pb_text _builder_version=&#8220;4.21.0&#8243; _module_preset=&#8220;6f241738-bb2e-493c-a0b9-4c5430072f88&#8243; custom_margin=&#8220;||71px|||&#8220; global_colors_info=&#8220;{}&#8220;]<\/p>\n<h1>musik<\/h1>\n<h4>music is my life \u2013 the lyrics are my story<\/h4>\n<h5 style=\"text-align: left;\"><\/h5>\n<h5 style=\"text-align: left;\"><\/h5>\n<h5 style=\"text-align: left;\">Musik ist mein Leben \u2013 die Texte sind meine Geschichten<\/h5>\n<p style=\"text-align: left;\">Zur Musik f\u00fchlte ich mich schon immer hingezogen, wobei es als Kind mit dem von meiner Mutter ausgew\u00e4hlten Musikinstrument Fl\u00f6te nicht so richtig funktionierte \ud83d\ude42<br \/>Bald fand ich Gefallen an lauter Gitarrenmusik \u2013 zuerst blieb es bei unz\u00e4hligen Konzerten und ich versuchte mein Talent als S\u00e4nger in einer Band, welche sich 1 \u00bd Jahre sp\u00e4ter wieder aufl\u00f6ste.<\/p>\n<p style=\"text-align: left;\">Mit 28 Jahren beschloss ich mir selber Gitarre spielen beizubringen, wobei aller Anfang schwer ist\u2026 Aber ich wollte es unbedingt k\u00f6nnen und nicht immer von anderen abh\u00e4ngig sein, die mich beim Gesang begleiten k\u00f6nnten. Langsam begann ich die Gitarre mit Gesang zu kombinieren und eigene Songs zu komponieren.<\/p>\n<p style=\"text-align: left;\">Heute stehe ich hier und schreibe \u00fcber das, was ich bin und was mich besch\u00e4ftigt. Stories aus meinem Leben, verpackt in gef\u00fchlvolle Melodien.<br \/>Musikstil w\u00fcrde ich als Acoustic \/ Soul \/ Rock Music bezeichnen, weil ich meine Seele in meiner Musik zum Ausdruck bringe.<\/p>\n<h5 style=\"text-align: left;\"><\/h5>\n<h5 style=\"text-align: left;\"><\/h5>\n<h5 style=\"text-align: left;\">Meine Musik m\u00f6chte Dich im Herzen ber\u00fchren<\/h5>\n<p style=\"text-align: left;\">ich freue mich, wenn ich meine Herzensmusik live unter die Menschen bringen darf \u2013 verschiedene Konzerte \/ Auftritte sind in Planung \u2013 w\u00fcrde mich freuen, wenn Du mal dabei bist!<\/p>\n<p style=\"text-align: left;\">Weiters biete ich auch ganz pers\u00f6nliche Lieder f\u00fcr DICH an, die in Abstimmung mit dir mit Text und Melodie in eine wundersch\u00f6ne Klangstruktur gepackt werden \u2013 gerne f\u00fcr spezielle Anl\u00e4sse (z.B. <strong>Geburtstage, Hochzeitssong, Beerdigungen, Jubil\u00e4um<\/strong>, \u2026 ) \u2013 ich bin kein Hochzeits- \/ Geburtstagsunterhaltungss\u00e4nger, sondern ich biete Dir die M\u00f6glichkeit <strong>einen ganz pers\u00f6nlichen Song f\u00fcr DICH oder eine dir nahestehende Person<\/strong> zu komponieren, den ich dann auch gerne live spiele oder dir als Musikdatei zur Verf\u00fcgung stelle. Gerne in Englisch, Deutsch und Mundart.<\/p>\n<p style=\"text-align: left;\">Melde dich, wenn du Fragen dazu hast &#8211; Preis nach Absprache.<\/p>\n<p>[\/et_pb_text][et_pb_text _builder_version=&#8220;4.23.1&#8243; _module_preset=&#8220;6f241738-bb2e-493c-a0b9-4c5430072f88&#8243; header_5_font=&#8220;||on||||||&#8220; header_5_font_size=&#8220;26px&#8220; header_5_line_height=&#8220;1.5em&#8220; custom_padding=&#8220;20px||20px||true|false&#8220; custom_padding_tablet=&#8220;10px||0px||false|false&#8220; custom_padding_phone=&#8220;10px||0px||false|false&#8220; custom_padding_last_edited=&#8220;on|phone&#8220; hover_enabled=&#8220;0&#8243; header_5_line_height_tablet=&#8220;1.5em&#8220; header_5_line_height_phone=&#8220;1.5em&#8220; header_5_line_height_last_edited=&#8220;on|desktop&#8220; global_colors_info=&#8220;{}&#8220; sticky_enabled=&#8220;0&#8243;]<\/p>\n<h5>&#8222;Musik ist magisch. Musik bringt die Uhr zum Stillstand. F\u00fcr einen kurzen Moment wird man zum Herrscher \u00fcber Raum und Zeit&#8220;<\/h5>\n<p>Bruce Springsteen<\/p>\n<p>[\/et_pb_text][et_pb_video src=&#8220;https:\/\/www.youtube.com\/watch?v=U9HKlcfQvY8&#8243; _builder_version=&#8220;4.23.1&#8243; _module_preset=&#8220;default&#8220; width=&#8220;51%&#8220; width_tablet=&#8220;90%&#8220; width_phone=&#8220;90%&#8220; width_last_edited=&#8220;on|phone&#8220; module_alignment=&#8220;center&#8220; custom_margin=&#8220;62px||62px||true|false&#8220; hover_enabled=&#8220;0&#8243; global_colors_info=&#8220;{}&#8220; sticky_enabled=&#8220;0&#8243;][\/et_pb_video][et_pb_video src=&#8220;https:\/\/www.youtube.com\/watch?v=VfU5epXOSew&#8220; _builder_version=&#8220;4.23.1&#8243; _module_preset=&#8220;default&#8220; width=&#8220;51%&#8220; width_tablet=&#8220;90%&#8220; width_phone=&#8220;90%&#8220; width_last_edited=&#8220;on|phone&#8220; module_alignment=&#8220;center&#8220; custom_margin=&#8220;62px||62px||true|false&#8220; hover_enabled=&#8220;0&#8243; global_colors_info=&#8220;{}&#8220; sticky_enabled=&#8220;0&#8243;][\/et_pb_video][et_pb_video src=&#8220;https:\/\/www.youtube.com\/watch?v=wQ5JSB5Sgqc&#8220; _builder_version=&#8220;4.23.1&#8243; _module_preset=&#8220;default&#8220; width=&#8220;51%&#8220; width_tablet=&#8220;90%&#8220; width_phone=&#8220;90%&#8220; width_last_edited=&#8220;on|phone&#8220; module_alignment=&#8220;center&#8220; custom_margin=&#8220;62px||62px||true|false&#8220; global_colors_info=&#8220;{}&#8220;][\/et_pb_video][et_pb_text _builder_version=&#8220;4.23.1&#8243; _module_preset=&#8220;default&#8220; text_font_size=&#8220;20px&#8220; header_4_font_size=&#8220;32px&#8220; custom_margin=&#8220;11vh||0px||false|false&#8220; global_colors_info=&#8220;{}&#8220;]<\/p>\n<h4>Folge mir auf Youtube!<\/h4>\n<p>[\/et_pb_text][et_pb_social_media_follow follow_button=&#8220;on&#8220; _builder_version=&#8220;4.23.1&#8243; _module_preset=&#8220;default&#8220; custom_button=&#8220;on&#8220; button_text_size=&#8220;27px&#8220; button_text_color=&#8220;#542A7E&#8220; button_bg_color=&#8220;#939393&#8243; text_orientation=&#8220;center&#8220; global_colors_info=&#8220;{}&#8220;][et_pb_social_media_follow_network social_network=&#8220;youtube&#8220; url=&#8220;https:\/\/www.youtube.com\/@Ertschi&#8220; use_icon_font_size=&#8220;on&#8220; icon_font_size=&#8220;26px&#8220; _builder_version=&#8220;4.23.1&#8243; _module_preset=&#8220;default&#8220; background_color=&#8220;#a82400&#8243; custom_button=&#8220;on&#8220; button_text_size=&#8220;22px&#8220; button_text_color=&#8220;#a80000&#8243; button_bg_color=&#8220;RGBA(255,255,255,0)&#8220; button_border_width=&#8220;2px&#8220; button_border_color=&#8220;RGBA(255,255,255,0)&#8220; button_font=&#8220;Source Sans Pro||||||||&#8220; global_colors_info=&#8220;{}&#8220; follow_button=&#8220;on&#8220; url_new_window=&#8220;on&#8220;]youtube[\/et_pb_social_media_follow_network][\/et_pb_social_media_follow][\/et_pb_column][\/et_pb_row][\/et_pb_section]<\/p>\n","protected":false},"excerpt":{"rendered":"<p>Musik ist mein Leben \u2013 die Texte sind meine Geschichten. Ich freue mich dich auf meinen Konzerten zu begr\u00fc\u00dfen. Gerne komponiere ich auch einen ganz pers\u00f6nlichen Song f\u00fcr dich oder eine dir lieben Person. <\/p>\n","protected":false},"author":1,"featured_media":0,"parent":0,"menu_order":0,"comment_status":"closed","ping_status":"closed","template":"","meta":{"_et_pb_use_builder":"on","_et_pb_old_content":"","_et_gb_content_width":"","footnotes":""},"class_list":["post-332","page","type-page","status-publish","hentry"],"_links":{"self":[{"href":"https:\/\/www.alloflife.at\/seeds\/wp-json\/wp\/v2\/pages\/332","targetHints":{"allow":["GET"]}}],"collection":[{"href":"https:\/\/www.alloflife.at\/seeds\/wp-json\/wp\/v2\/pages"}],"about":[{"href":"https:\/\/www.alloflife.at\/seeds\/wp-json\/wp\/v2\/types\/page"}],"author":[{"embeddable":true,"href":"https:\/\/www.alloflife.at\/seeds\/wp-json\/wp\/v2\/users\/1"}],"replies":[{"embeddable":true,"href":"https:\/\/www.alloflife.at\/seeds\/wp-json\/wp\/v2\/comments?post=332"}],"version-history":[{"count":14,"href":"https:\/\/www.alloflife.at\/seeds\/wp-json\/wp\/v2\/pages\/332\/revisions"}],"predecessor-version":[{"id":239218,"href":"https:\/\/www.alloflife.at\/seeds\/wp-json\/wp\/v2\/pages\/332\/revisions\/239218"}],"wp:attachment":[{"href":"https:\/\/www.alloflife.at\/seeds\/wp-json\/wp\/v2\/media?parent=332"}],"curies":[{"name":"wp","href":"https:\/\/api.w.org\/{rel}","templated":true}]}}