{"id":362,"date":"2023-09-12T15:13:34","date_gmt":"2023-09-12T13:13:34","guid":{"rendered":"https:\/\/www.alloflife.at\/seeds\/?page_id=362"},"modified":"2024-01-13T18:55:48","modified_gmt":"2024-01-13T17:55:48","slug":"deep-relax","status":"publish","type":"page","link":"https:\/\/www.alloflife.at\/seeds\/deep-relax\/","title":{"rendered":"Deep Relax"},"content":{"rendered":"<p>[et_pb_section fb_built=&#8220;1&#8243; _builder_version=&#8220;4.23.1&#8243; _module_preset=&#8220;4de3440a-effc-48df-85cb-df16410712a7&#8243; background_image=&#8220;https:\/\/www.alloflife.at\/seeds\/wp-content\/uploads\/2024\/01\/IMG_20210806_055259-scaled.jpg&#8220; background_position=&#8220;bottom_center&#8220; background_vertical_offset=&#8220;21%&#8220; height_phone=&#8220;36vh&#8220; hover_enabled=&#8220;0&#8243; global_colors_info=&#8220;{}&#8220; title_text=&#8220;IMG_20210806_055259&#8243; sticky_enabled=&#8220;0&#8243;][\/et_pb_section][et_pb_section fb_built=&#8220;1&#8243; _builder_version=&#8220;4.21.0&#8243; _module_preset=&#8220;2a1a466c-9ae3-4576-89dd-38b2a88fcaaf&#8220; custom_padding=&#8220;20px||23px||false|false&#8220; global_colors_info=&#8220;{}&#8220;][et_pb_row _builder_version=&#8220;4.21.0&#8243; _module_preset=&#8220;4713130e-567b-4025-8a94-241307a31ddc&#8220; global_colors_info=&#8220;{}&#8220;][et_pb_column type=&#8220;4_4&#8243; _builder_version=&#8220;4.21.0&#8243; _module_preset=&#8220;default&#8220; global_colors_info=&#8220;{}&#8220;][et_pb_text _builder_version=&#8220;4.21.0&#8243; _module_preset=&#8220;e240b715-4ece-4549-b561-9d0d22abad7f&#8220; custom_margin=&#8220;||71px|||&#8220; custom_padding=&#8220;||0px||false|false&#8220; header_2_font_size_tablet=&#8220;79px&#8220; header_4_line_height_tablet=&#8220;2.1em&#8220; global_colors_info=&#8220;{}&#8220;]<\/p>\n<h1>deep relax<\/h1>\n<h4>Zeit um Kontrolle loszulassen und tiefste Entspannung zu erfahren<\/h4>\n<p style=\"text-align: left;\">\n<p style=\"text-align: left;\">\n<p style=\"text-align: left;\">Deep Relax ist an Nuad Thai Yoga angelehnt, wobei es sich dabei nicht um Yoga im klassischen Sinn handelt sondern um eine passive ganz tiefen entspannende K\u00f6rperarbeit, die wir so benannt haben, wie wir sie erfahren durften \u2013 als absolut beruhigend, entspannend und tiefgehend.<\/p>\n<p style=\"text-align: left;\">Bei Deep Relax wird auf einer 2m x 2,40m gro\u00dfen Matte am Boden gearbeitet, Du kommst in bequemer Kleidung und darfst es dir nach einem Einf\u00fchrungsgespr\u00e4ch so richtig bequem auf der Matte machen. F\u00fcr dich gibt es jetzt nichts mehr zu tun, als zu versuchen Kontrolle abzugeben (was meist der schwierigste Teil bei Deep Relax ist :-)) , und dich der Musik und der Ber\u00fchrung hinzugeben. Du bleibst dabei total passiv \u2013 ich \/ wir bringen dich ganz sanft in K\u00f6rperhaltungen, die dich zum Entspannen, Loslassen und Wohlf\u00fchlen einladen.<\/p>\n<p style=\"text-align: left;\">Ich \/ wir arbeiten sehr intuitiv oder Du sagst uns, was Dein K\u00f6rper genau heute braucht. Die K\u00f6rperhaltungen k\u00f6nnen in R\u00fccken-, Bauch- und Seitenlage ausgef\u00fchrt werden \u2013 immer in Abstimmung mit Dir was f\u00fcr Dich angenehm, wohltuend und stimmig ist.<br \/>Es k\u00f6nnen sich Verspannungen l\u00f6sen, deine Flexibilit\u00e4t wird gef\u00f6rdert, man kommt in einen ruhigen sehr entspannten Zustand und verliert meist jegliches Zeitgef\u00fchl\u2026 Die h\u00e4ufigste R\u00fcckmeldung war: was schon vorbei?! Ich mag noch l\u00e4nger liegen bleiben\u2026 \ud83d\ude42<\/p>\n<p style=\"text-align: left;\">G\u00f6nne dir diese spezielle Auszeit f\u00fcr mehr Entspannung und Leichtigkeit \u2013 nicht nur k\u00f6rperlich, sondern auf allen Ebenen deines Seins!<\/p>\n<p>&nbsp;<\/p>\n<p style=\"text-align: left;\">Dauer: 90 min<br \/>deine Investition in Dich: EUR 85,-<\/p>\n<p style=\"text-align: left;\"><strong>Double Deep Relax<\/strong><span>\u00a0<\/span>(wir arbeiten zu zweit mit Dir)<br \/>Dauer: 90 min<br \/>deine Investition in Dich: EUR 160,-<\/p>\n<p style=\"text-align: left;\">Du kannst auch gerne eine l\u00e4ngere Sitzung buchen \u2013 Preis nach Absprache<\/p>\n<p style=\"text-align: left;\">Auch <strong>Paarsitzungen<\/strong> m\u00f6glich<br \/>Dauer: 90 min<br \/>deine Investition in Euch: EUR 85,- pro Person<\/p>\n<p>[\/et_pb_text][et_pb_button button_url=&#8220;mailto:erich@alloflife.at&#8220; button_text=&#8220;jetzt Termin vereinbaren&#8220; button_alignment=&#8220;center&#8220; button_alignment_tablet=&#8220;center&#8220; _builder_version=&#8220;4.21.0&#8243; _module_preset=&#8220;5fdd9bd3-fdcd-413a-b85e-b69f2319c382&#8243; button_text_color=&#8220;#FFFFFF&#8220; button_bg_color=&#8220;#542A7E&#8220; custom_margin=&#8220;||63px||false|false&#8220; global_colors_info=&#8220;{}&#8220; button_bg_color__hover=&#8220;RGBA(255,255,255,0)&#8220; button_text_color__hover=&#8220;#939393&#8243;][\/et_pb_button][et_pb_text _builder_version=&#8220;4.21.0&#8243; _module_preset=&#8220;e240b715-4ece-4549-b561-9d0d22abad7f&#8220; header_5_font=&#8220;||on||||||&#8220; header_5_font_size=&#8220;26px&#8220; header_5_line_height=&#8220;1.5em&#8220; min_height=&#8220;151.8px&#8220; custom_padding=&#8220;20px||20px||true|false&#8220; custom_padding_tablet=&#8220;10px||0px||false|false&#8220; custom_padding_phone=&#8220;10px||0px||false|false&#8220; custom_padding_last_edited=&#8220;on|phone&#8220; header_2_font_size_tablet=&#8220;79px&#8220; header_4_line_height_tablet=&#8220;2.1em&#8220; header_5_line_height_tablet=&#8220;1.5em&#8220; header_5_line_height_phone=&#8220;1.5em&#8220; header_5_line_height_last_edited=&#8220;on|desktop&#8220; global_colors_info=&#8220;{}&#8220;]<\/p>\n<h5>&#8222;Lasse alles los, was dich schwer sein l\u00e4sst und tauche ein in die Leichtigkeit des F\u00fchlens&#8220;<\/h5>\n<p>Erich Leitgeb[\/et_pb_text][\/et_pb_column][\/et_pb_row][et_pb_row _builder_version=&#8220;4.21.0&#8243; _module_preset=&#8220;4713130e-567b-4025-8a94-241307a31ddc&#8220; custom_padding=&#8220;0px||0px||false|false&#8220; border_radii=&#8220;on|25px|25px|25px|25px&#8220; global_colors_info=&#8220;{}&#8220;][et_pb_column type=&#8220;4_4&#8243; _builder_version=&#8220;4.21.0&#8243; _module_preset=&#8220;default&#8220; global_colors_info=&#8220;{}&#8220;][et_pb_slider show_arrows=&#8220;off&#8220; _builder_version=&#8220;4.23.1&#8243; _module_preset=&#8220;default&#8220; max_width=&#8220;1080px&#8220; module_alignment=&#8220;center&#8220; min_height=&#8220;50vh&#8220; height=&#8220;500px&#8220; auto=&#8220;on&#8220; auto_speed=&#8220;5000&#8243; hover_enabled=&#8220;0&#8243; global_colors_info=&#8220;{}&#8220; sticky_enabled=&#8220;0&#8243;][et_pb_slide _builder_version=&#8220;4.23.1&#8243; _module_preset=&#8220;default&#8220; background_color=&#8220;RGBA(255,255,255,0)&#8220; background_enable_color=&#8220;on&#8220; background_image=&#8220;https:\/\/www.alloflife.at\/seeds\/wp-content\/uploads\/2023\/09\/unbenannt-1-453_web.jpg&#8220; background_enable_image=&#8220;on&#8220; hover_enabled=&#8220;0&#8243; global_colors_info=&#8220;{}&#8220; sticky_transition=&#8220;on&#8220; sticky_enabled=&#8220;0&#8243;][\/et_pb_slide][et_pb_slide _builder_version=&#8220;4.23.1&#8243; _module_preset=&#8220;default&#8220; background_color=&#8220;RGBA(255,255,255,0)&#8220; background_enable_color=&#8220;on&#8220; background_image=&#8220;https:\/\/www.alloflife.at\/seeds\/wp-content\/uploads\/2023\/08\/DSC06274_web-1.jpg&#8220; background_enable_image=&#8220;on&#8220; hover_enabled=&#8220;0&#8243; global_colors_info=&#8220;{}&#8220; sticky_transition=&#8220;on&#8220; title_text=&#8220;DSC06274_web-1&#8243; sticky_enabled=&#8220;0&#8243;][\/et_pb_slide][et_pb_slide _builder_version=&#8220;4.23.1&#8243; _module_preset=&#8220;default&#8220; background_color=&#8220;RGBA(255,255,255,0)&#8220; background_enable_color=&#8220;on&#8220; background_image=&#8220;https:\/\/www.alloflife.at\/seeds\/wp-content\/uploads\/2024\/01\/DSC06268-Bearbeitet-scaled.jpg&#8220; background_enable_image=&#8220;on&#8220; hover_enabled=&#8220;0&#8243; global_colors_info=&#8220;{}&#8220; sticky_transition=&#8220;on&#8220; title_text=&#8220;DSC06268-Bearbeitet&#8220; background_position=&#8220;top_center&#8220; sticky_enabled=&#8220;0&#8243;][\/et_pb_slide][\/et_pb_slider][\/et_pb_column][\/et_pb_row][\/et_pb_section][et_pb_section fb_built=&#8220;1&#8243; _builder_version=&#8220;4.21.0&#8243; _module_preset=&#8220;2a1a466c-9ae3-4576-89dd-38b2a88fcaaf&#8220; custom_margin=&#8220;0px||0px||false|false&#8220; custom_padding=&#8220;0px||0px||false|false&#8220; global_colors_info=&#8220;{}&#8220;][\/et_pb_section]<\/p>\n","protected":false},"excerpt":{"rendered":"<p>Zeit um loszulassen und tiefe Entspannung zu erfahren. Deine ganz spezielle Auszeit f\u00fcr mehr Entspannung und Leichtigkeit auf allen Ebenen des Seins. Wir freuen uns auf dich!<\/p>\n","protected":false},"author":1,"featured_media":0,"parent":0,"menu_order":0,"comment_status":"closed","ping_status":"closed","template":"","meta":{"_et_pb_use_builder":"on","_et_pb_old_content":"","_et_gb_content_width":"","footnotes":""},"class_list":["post-362","page","type-page","status-publish","hentry"],"_links":{"self":[{"href":"https:\/\/www.alloflife.at\/seeds\/wp-json\/wp\/v2\/pages\/362","targetHints":{"allow":["GET"]}}],"collection":[{"href":"https:\/\/www.alloflife.at\/seeds\/wp-json\/wp\/v2\/pages"}],"about":[{"href":"https:\/\/www.alloflife.at\/seeds\/wp-json\/wp\/v2\/types\/page"}],"author":[{"embeddable":true,"href":"https:\/\/www.alloflife.at\/seeds\/wp-json\/wp\/v2\/users\/1"}],"replies":[{"embeddable":true,"href":"https:\/\/www.alloflife.at\/seeds\/wp-json\/wp\/v2\/comments?post=362"}],"version-history":[{"count":6,"href":"https:\/\/www.alloflife.at\/seeds\/wp-json\/wp\/v2\/pages\/362\/revisions"}],"predecessor-version":[{"id":239105,"href":"https:\/\/www.alloflife.at\/seeds\/wp-json\/wp\/v2\/pages\/362\/revisions\/239105"}],"wp:attachment":[{"href":"https:\/\/www.alloflife.at\/seeds\/wp-json\/wp\/v2\/media?parent=362"}],"curies":[{"name":"wp","href":"https:\/\/api.w.org\/{rel}","templated":true}]}}