{"id":55,"date":"2023-08-28T15:49:13","date_gmt":"2023-08-28T13:49:13","guid":{"rendered":"https:\/\/www.alloflife.at\/seeds\/?page_id=55"},"modified":"2026-01-16T12:16:21","modified_gmt":"2026-01-16T11:16:21","slug":"yoga","status":"publish","type":"page","link":"https:\/\/www.alloflife.at\/seeds\/yoga\/","title":{"rendered":"Yoga"},"content":{"rendered":"<p>[et_pb_section fb_built=&#8220;1&#8243; _builder_version=&#8220;4.23.1&#8243; _module_preset=&#8220;dd1be15f-ab08-40c9-999c-12912079b9b2&#8243; background_image=&#8220;https:\/\/www.alloflife.at\/seeds\/wp-content\/uploads\/2024\/01\/DSC00224-scaled.jpg&#8220; background_position=&#8220;top_center&#8220; background_vertical_offset=&#8220;59%&#8220; min_height_tablet=&#8220;&#8220; min_height_phone=&#8220;250px&#8220; min_height_last_edited=&#8220;on|phone&#8220; height=&#8220;55vh&#8220; height_tablet=&#8220;36vh&#8220; height_phone=&#8220;36vh&#8220; height_last_edited=&#8220;on|phone&#8220; global_colors_info=&#8220;{}&#8220;][\/et_pb_section][et_pb_section fb_built=&#8220;1&#8243; _builder_version=&#8220;4.21.0&#8243; _module_preset=&#8220;8e6cea6f-579e-4748-9cd5-a37477857402&#8243; custom_padding=&#8220;20px||23px||false|false&#8220; global_colors_info=&#8220;{}&#8220;][et_pb_row _builder_version=&#8220;4.21.0&#8243; _module_preset=&#8220;99c95a53-ab1e-4e61-8667-35210b924cde&#8220; width_phone=&#8220;90%&#8220; global_colors_info=&#8220;{}&#8220;][et_pb_column type=&#8220;4_4&#8243; _builder_version=&#8220;4.21.0&#8243; _module_preset=&#8220;default&#8220; global_colors_info=&#8220;{}&#8220;][et_pb_text _builder_version=&#8220;4.23.1&#8243; _module_preset=&#8220;6f241738-bb2e-493c-a0b9-4c5430072f88&#8243; custom_margin=&#8220;||71px|||&#8220; global_colors_info=&#8220;{}&#8220;]<\/p>\n<h1>flow yoga<\/h1>\n<h4>eine Meditation in Bewegung<\/h4>\n<p style=\"text-align: left;\">\n<p style=\"text-align: left;\">Welches Bild oder welche Vorstellung hast Du von Yoga? Sind das immer total gelenkige Menschen die sich in die unglaublichsten K\u00f6rperhaltungen verbiegen? Oder sind es Menschen die stundenlang regungslos meditieren? Lass uns Dir ein ganz anderes Bild von Yoga vermitteln \ud83d\ude42<\/p>\n<p style=\"text-align: left;\">Wir haben nach unserer Meinung, in einer der besten \u00f6sterreichischen Yogaschulen unsere Ausbildung gemacht (Mangalam Yoga \/ Gleisdorf) und wissen, das Yoga soviel mehr ist, als in der allgemeinen begrenzenden Ansicht. Wir lieben und leben Yoga und es ist ein ganz wichtiger Teil in unserem Leben, und trotzdem legen wir sehr viel Wert auf Freude und Leichtigkeit in unseren Stunden! Bei uns wird viel gelacht, auch ernste Themen kommen nicht zu kurz und vor allem nehmen wir jeden Yogi in seiner ganz eigenen pers\u00f6nlichen momentanen k\u00f6rperlichen Verfassung, Anatomie und Lebenssituation liebevoll in unserer Gruppe auf.<\/p>\n<p style=\"text-align: left;\">Wir unterrichten gesundheitsorientiertes Yoga f\u00fcr ALLE und wollen Dir helfen Deinen K\u00f6rper m\u00f6glichst lange gesund zu erhalten und Yoga auf allen Ebenen zu erfahren. Da wir uns immer wieder weiterbilden und verschiedene Yogastile, Meditations- und Atemtechniken in unsere Stunden integrieren, sind sie immer abwechslungsreich \u2013 auch f\u00fcr erfahrene Yogis. Wir geben Dir auch immer wieder kleine Anregungen, Ideen und Werkzeuge f\u00fcr Deinen Alltag mit, die man wirklich leicht umsetzen kann und dir helfen k\u00f6nnen, mehr Gesundheit, Gelassenheit und Freude zu empfinden!<\/p>\n<p>[\/et_pb_text][et_pb_text _builder_version=&#8220;4.23.1&#8243; _module_preset=&#8220;6f241738-bb2e-493c-a0b9-4c5430072f88&#8243; custom_margin=&#8220;||8vh||false|false&#8220; global_colors_info=&#8220;{}&#8220;]<\/p>\n<p>&nbsp;<\/p>\n<h3>erste Schnupperstunde gratis!<\/h3>\n<p><strong><\/strong><\/p>\n<p>Dauer: 75 min<br \/>Euro 20,- Einzeleinheit<br \/>in der Gruppe 10er Block Euro 165,- (Preise variieren nach Ort des Kurses)<strong><\/strong><\/p>\n<p>10er Bl\u00f6cke sind an allen Orten g\u00fcltig\u00a0 (Eisenstadt &amp; St\u00f6ttera mit Zuzahlung) \u2013 nimm dir die Freiheit deine Yogapraxis ganz nach deinen Bed\u00fcrfnissen anzupassen.<br \/>Es ist gen\u00fcgend Yogaequipment vorhanden, der Raum wird von uns schon liebevoll hergerichtet \u2013 du brauchst nur noch deine Zeit \ud83d\ude42<br \/>Nat\u00fcrlich kannst Du aber auch gerne dein eigenes Equipment mitbringen!<\/p>\n<p><strong>BEGRENZTE TEILNEHMERZAHL<\/strong><br \/>BITTE UM ANMELDUNG BIS SP\u00c4TESTENS 12.00 UHR DES VORTAGES PER LINK, WHATS APP ODER TELEFONISCH.<br \/>Erich: 0660\/1767133<br \/>Gabi: 0664\/1952200<\/p>\n<p>Dankesch\u00f6n!<\/p>\n<p>WIR FREUEN UNS AUF DICH!<\/p>\n<p>[\/et_pb_text][et_pb_text _builder_version=&#8220;4.21.0&#8243; _module_preset=&#8220;6f241738-bb2e-493c-a0b9-4c5430072f88&#8243; header_5_font=&#8220;||on||||||&#8220; header_5_font_size=&#8220;26px&#8220; header_5_line_height=&#8220;1.5em&#8220; custom_padding=&#8220;20px||20px||true|false&#8220; custom_padding_tablet=&#8220;10px||0px||false|false&#8220; custom_padding_phone=&#8220;10px||0px||false|false&#8220; custom_padding_last_edited=&#8220;on|phone&#8220; header_5_line_height_tablet=&#8220;1.5em&#8220; header_5_line_height_phone=&#8220;1.5em&#8220; header_5_line_height_last_edited=&#8220;on|desktop&#8220; global_colors_info=&#8220;{}&#8220;]<\/p>\n<h5>&#8222;Yoga ist wie Musik: Der Rhythmus des K\u00f6rpers, die Melodie des Geistes und die Harmonie der Seele erschaffen die Symphonie des Lebens&#8220;<\/h5>\n<p>B.K.S. Iyengar<\/p>\n<p>[\/et_pb_text][\/et_pb_column][\/et_pb_row][et_pb_row make_equal=&#8220;on&#8220; custom_padding_last_edited=&#8220;on|phone&#8220; _builder_version=&#8220;4.21.0&#8243; _module_preset=&#8220;99c95a53-ab1e-4e61-8667-35210b924cde&#8220; background_color=&#8220;#542A7E&#8220; width=&#8220;100%&#8220; width_tablet=&#8220;100%&#8220; width_phone=&#8220;100%&#8220; max_width=&#8220;1904px&#8220; module_alignment=&#8220;center&#8220; custom_margin=&#8220;||50px||false|false&#8220; custom_margin_tablet=&#8220;||50px||false|false&#8220; custom_margin_phone=&#8220;||50px||false|false&#8220; custom_margin_last_edited=&#8220;on|phone&#8220; custom_padding=&#8220;92px||92px||true|false&#8220; custom_padding_tablet=&#8220;64px||64px||true|false&#8220; custom_padding_phone=&#8220;79px||79px||true|false&#8220; global_colors_info=&#8220;{}&#8220;][et_pb_column type=&#8220;4_4&#8243; _builder_version=&#8220;4.21.0&#8243; _module_preset=&#8220;default&#8220; global_colors_info=&#8220;{}&#8220;][et_pb_text _builder_version=&#8220;4.21.0&#8243; _module_preset=&#8220;6f241738-bb2e-493c-a0b9-4c5430072f88&#8243; text_text_color=&#8220;#EEEEEE&#8220; header_4_text_color=&#8220;#EEEEEE&#8220; header_4_line_height=&#8220;1.5em&#8220; width=&#8220;80%&#8220; width_tablet=&#8220;90%&#8220; width_phone=&#8220;89%&#8220; width_last_edited=&#8220;on|phone&#8220; max_width=&#8220;1080px&#8220; max_width_tablet=&#8220;1080px&#8220; max_width_phone=&#8220;1080px&#8220; max_width_last_edited=&#8220;on|desktop&#8220; custom_margin=&#8220;||||false|false&#8220; custom_margin_tablet=&#8220;||||false|false&#8220; custom_margin_phone=&#8220;||||false|false&#8220; custom_margin_last_edited=&#8220;on|phone&#8220; global_colors_info=&#8220;{}&#8220;]<\/p>\n<h4>Wir bieten auch immer wieder Yin Yoga meets live music Abende, Workshops, Mantren- und Meditationsabende an \u2013 trag dich gern in unseren Newsletter ein oder schau bei unseren <a href=\"https:\/\/www.alloflife.at\/seeds\/?page_id=349\" target=\"_blank\" rel=\"noopener\" title=\"Events\">Events<\/a>!<\/h4>\n<p>[\/et_pb_text][\/et_pb_column][\/et_pb_row][\/et_pb_section][et_pb_section fb_built=&#8220;1&#8243; _builder_version=&#8220;4.21.0&#8243; _module_preset=&#8220;8e6cea6f-579e-4748-9cd5-a37477857402&#8243; custom_margin=&#8220;0px||0px||false|false&#8220; custom_padding=&#8220;0px||0px||false|false&#8220; global_colors_info=&#8220;{}&#8220;][et_pb_row _builder_version=&#8220;4.21.0&#8243; _module_preset=&#8220;99c95a53-ab1e-4e61-8667-35210b924cde&#8220; width_phone=&#8220;90%&#8220; global_colors_info=&#8220;{}&#8220;][et_pb_column type=&#8220;4_4&#8243; _builder_version=&#8220;4.21.0&#8243; _module_preset=&#8220;default&#8220; global_colors_info=&#8220;{}&#8220;][et_pb_text _builder_version=&#8220;4.21.0&#8243; _module_preset=&#8220;6f241738-bb2e-493c-a0b9-4c5430072f88&#8243; custom_margin=&#8220;||43px|||&#8220; global_colors_info=&#8220;{}&#8220;]<\/p>\n<h1>aktuelle yogakurse<\/h1>\n<p>[\/et_pb_text][\/et_pb_column][\/et_pb_row][et_pb_row column_structure=&#8220;1_2,1_2&#8243; _builder_version=&#8220;4.21.0&#8243; _module_preset=&#8220;99c95a53-ab1e-4e61-8667-35210b924cde&#8220; width=&#8220;60%&#8220; width_tablet=&#8220;60%&#8220; width_phone=&#8220;90%&#8220; custom_margin=&#8220;0px|auto|0px|auto|false|false&#8220; custom_padding=&#8220;0px|0px|50px|0px|false|false&#8220; global_colors_info=&#8220;{}&#8220;][et_pb_column type=&#8220;1_2&#8243; _builder_version=&#8220;4.21.0&#8243; _module_preset=&#8220;default&#8220; global_colors_info=&#8220;{}&#8220;][et_pb_image src=&#8220;https:\/\/www.alloflife.at\/seeds\/wp-content\/uploads\/2024\/01\/IMG_20230607_074147-1-scaled.jpg&#8220; alt=&#8220;Gabi Stricker&#8220; title_text=&#8220;IMG_20230607_074147&#8243; _builder_version=&#8220;4.23.1&#8243; _module_preset=&#8220;d33c2ddd-e46d-4c62-975f-dc2adf4c205e&#8220; border_radii=&#8220;on|39px|39px|39px|39px&#8220; global_colors_info=&#8220;{}&#8220;][\/et_pb_image][\/et_pb_column][et_pb_column type=&#8220;1_2&#8243; _builder_version=&#8220;4.21.0&#8243; _module_preset=&#8220;default&#8220; global_colors_info=&#8220;{}&#8220;][et_pb_text _builder_version=&#8220;4.23.1&#8243; _module_preset=&#8220;6f241738-bb2e-493c-a0b9-4c5430072f88&#8243; header_4_text_align=&#8220;left&#8220; text_orientation=&#8220;left&#8220; global_colors_info=&#8220;{}&#8220;]<\/p>\n<h4>Yoga for men mit Erich<\/h4>\n<p>ein Herzensprojekt von Erich &#8211; ein offener Yogakurs nur f\u00fcr M\u00e4nner &#8211; Einstieg jederzeit m\u00f6glich. Exklusive Kleingruppe!<\/p>\n<p>Verschiedene Variationen der Asanas (\u00dcbungen) machen diesen Kurs f\u00fcr Anf\u00e4nger und Fortgeschrittene gleicherma\u00dfen m\u00f6glich.<\/p>\n<p>&nbsp;<\/p>\n<p>Wann &amp; Wo:<br \/><strong>jeden Dienstag<\/strong>\u00a0 18.30 bis 19.15 Uhr<\/p>\n<p>entspannt in den Abend<\/p>\n<p>All of life Yoga, Theresienberg 14, 7212 Forchtenstein<\/p>\n<p>[\/et_pb_text][et_pb_button button_url=&#8220;mailto:erich@alloflife.at&#8220; button_text=&#8220;zum Kurs anmelden&#8220; _builder_version=&#8220;4.23.1&#8243; _module_preset=&#8220;8e902f2d-fccc-4ae5-883a-aa15aac95455&#8243; global_colors_info=&#8220;{}&#8220;][\/et_pb_button][\/et_pb_column][\/et_pb_row][et_pb_row column_structure=&#8220;1_2,1_2&#8243; _builder_version=&#8220;4.21.0&#8243; _module_preset=&#8220;99c95a53-ab1e-4e61-8667-35210b924cde&#8220; width=&#8220;60%&#8220; width_tablet=&#8220;60%&#8220; width_phone=&#8220;90%&#8220; custom_margin=&#8220;0px|auto|0px|auto|false|false&#8220; custom_padding=&#8220;0px|0px|50px|0px|false|false&#8220; global_colors_info=&#8220;{}&#8220;][et_pb_column type=&#8220;1_2&#8243; _builder_version=&#8220;4.21.0&#8243; _module_preset=&#8220;default&#8220; global_colors_info=&#8220;{}&#8220;][et_pb_image src=&#8220;https:\/\/www.alloflife.at\/seeds\/wp-content\/uploads\/2026\/01\/WhatsApp-Image-2026-01-14-at-20.35.29.jpeg&#8220; alt=&#8220;Gabi Stricker&#8220; title_text=&#8220;WhatsApp Image 2026-01-14 at 20.35.29&#8243; _builder_version=&#8220;4.23.1&#8243; _module_preset=&#8220;d33c2ddd-e46d-4c62-975f-dc2adf4c205e&#8220; hover_enabled=&#8220;0&#8243; border_radii=&#8220;on|39px|39px|39px|39px&#8220; global_colors_info=&#8220;{}&#8220; sticky_enabled=&#8220;0&#8243;][\/et_pb_image][\/et_pb_column][et_pb_column type=&#8220;1_2&#8243; _builder_version=&#8220;4.21.0&#8243; _module_preset=&#8220;default&#8220; global_colors_info=&#8220;{}&#8220;][et_pb_text _builder_version=&#8220;4.23.1&#8243; _module_preset=&#8220;6f241738-bb2e-493c-a0b9-4c5430072f88&#8243; header_4_text_align=&#8220;left&#8220; text_orientation=&#8220;left&#8220; custom_padding=&#8220;||14px||false|false&#8220; global_colors_info=&#8220;{}&#8220;]<\/p>\n<h4>Yoga for men mit Erich im Mae Terra<\/h4>\n<p>eine weitere M\u00f6glichkeit wo M\u00e4nner unter sich Yoga praktizieren k\u00f6nnen \u2013 im wundervollen Yogaraum Mae Terra in Schattendorf \u2013 Exklusive Kleingruppe!<\/p>\n<p>Verschiedene Variationen der Asanas (\u00dcbungen) machen diesen Kurs f\u00fcr Anf\u00e4nger und Fortgeschrittene gleicherma\u00dfen m\u00f6glich.<\/p>\n<p>&nbsp;<\/p>\n<p>Wann &amp; Wo:<br \/><strong>jeden Mittwoch<\/strong>\u00a0 18.30 bis 19.15 Uhr<\/p>\n<p>entspannt in den Abend<\/p>\n<p>Mae Terra, Vorstadt 8a, 7022 Schattendorf<\/p>\n<p>[\/et_pb_text][et_pb_button button_url=&#8220;mailto:erich@alloflife.at&#8220; button_text=&#8220;zum Kurs anmelden&#8220; _builder_version=&#8220;4.23.1&#8243; _module_preset=&#8220;8e902f2d-fccc-4ae5-883a-aa15aac95455&#8243; global_colors_info=&#8220;{}&#8220;][\/et_pb_button][\/et_pb_column][\/et_pb_row][et_pb_row column_structure=&#8220;1_2,1_2&#8243; _builder_version=&#8220;4.21.0&#8243; _module_preset=&#8220;99c95a53-ab1e-4e61-8667-35210b924cde&#8220; width=&#8220;60%&#8220; width_tablet=&#8220;60%&#8220; width_phone=&#8220;90%&#8220; custom_margin=&#8220;0px|auto|0px|auto|false|false&#8220; custom_padding=&#8220;0px|0px|50px|0px|false|false&#8220; global_colors_info=&#8220;{}&#8220;][et_pb_column type=&#8220;1_2&#8243; _builder_version=&#8220;4.21.0&#8243; _module_preset=&#8220;default&#8220; global_colors_info=&#8220;{}&#8220;][et_pb_image src=&#8220;https:\/\/www.alloflife.at\/seeds\/wp-content\/uploads\/2023\/08\/yogaalloflife_450x380px.jpg&#8220; alt=&#8220;Gabi Stricker&#8220; title_text=&#8220;yogaalloflife_450x380px&#8220; _builder_version=&#8220;4.21.0&#8243; _module_preset=&#8220;d33c2ddd-e46d-4c62-975f-dc2adf4c205e&#8220; border_radii=&#8220;on|39px|39px|39px|39px&#8220; global_colors_info=&#8220;{}&#8220;][\/et_pb_image][\/et_pb_column][et_pb_column type=&#8220;1_2&#8243; _builder_version=&#8220;4.21.0&#8243; _module_preset=&#8220;default&#8220; global_colors_info=&#8220;{}&#8220;][et_pb_text _builder_version=&#8220;4.23.1&#8243; _module_preset=&#8220;6f241738-bb2e-493c-a0b9-4c5430072f88&#8243; header_4_text_align=&#8220;left&#8220; text_orientation=&#8220;left&#8220; global_colors_info=&#8220;{}&#8220;]<\/p>\n<h4>Yoga mit Gabi &amp; Erich<\/h4>\n<p>gesundheitsorientiertes Yoga f\u00fcr Einsteiger und Fortgeschrittene. Wir arbeiten immer in kleineren Gruppen, damit wir jedem Yogi die gleiche Aufmerksamkeit schenken k\u00f6nnen.<\/p>\n<p>Wann &amp; Wo:<br \/><strong>jeden Mittwoch<\/strong> 8.00 bis 9.45 mit Energie in den Tag &amp; 18.00 bis 19.15 Uhr entspannt in den Abend<br \/><strong>jeden Freitag<\/strong> 18.00 bis 19.15 Uhr entspannt in den Abend<\/p>\n<p>All of life Yoga, Theresienberg 14, 7212 Forchtenstein<\/p>\n<p>[\/et_pb_text][et_pb_button button_url=&#8220;mailto:erich@alloflife.at&#8220; button_text=&#8220;zum Kurs anmelden&#8220; _builder_version=&#8220;4.23.1&#8243; _module_preset=&#8220;8e902f2d-fccc-4ae5-883a-aa15aac95455&#8243; global_colors_info=&#8220;{}&#8220;][\/et_pb_button][\/et_pb_column][\/et_pb_row][et_pb_row column_structure=&#8220;1_2,1_2&#8243; _builder_version=&#8220;4.21.0&#8243; _module_preset=&#8220;99c95a53-ab1e-4e61-8667-35210b924cde&#8220; width=&#8220;60%&#8220; width_tablet=&#8220;60%&#8220; width_phone=&#8220;90%&#8220; custom_margin=&#8220;0px|auto|0px|auto|false|false&#8220; custom_padding=&#8220;0px|0px|50px|0px|false|false&#8220; global_colors_info=&#8220;{}&#8220;][et_pb_column type=&#8220;1_2&#8243; _builder_version=&#8220;4.21.0&#8243; _module_preset=&#8220;default&#8220; global_colors_info=&#8220;{}&#8220;][et_pb_image src=&#8220;https:\/\/www.alloflife.at\/seeds\/wp-content\/uploads\/2024\/01\/IMG_20231028_113404_882-scaled.jpg&#8220; alt=&#8220;Gabi Stricker&#8220; title_text=&#8220;IMG_20231028_113404_882&#8243; _builder_version=&#8220;4.23.1&#8243; _module_preset=&#8220;d33c2ddd-e46d-4c62-975f-dc2adf4c205e&#8220; border_radii=&#8220;on|39px|39px|39px|39px&#8220; global_colors_info=&#8220;{}&#8220;][\/et_pb_image][\/et_pb_column][et_pb_column type=&#8220;1_2&#8243; _builder_version=&#8220;4.21.0&#8243; _module_preset=&#8220;default&#8220; global_colors_info=&#8220;{}&#8220;][et_pb_text _builder_version=&#8220;4.23.1&#8243; _module_preset=&#8220;6f241738-bb2e-493c-a0b9-4c5430072f88&#8243; header_4_text_align=&#8220;left&#8220; text_orientation=&#8220;left&#8220; global_colors_info=&#8220;{}&#8220;]<\/p>\n<h4>Yoga in der Salzgrotte<\/h4>\n<p>Wann &amp; Wo:<br \/><strong>jeden Freitag<\/strong> 8.30 bis 9.45 Uhr mit Energie in den Tag<\/p>\n<p>Yogaraum Salzgrotte Wulkatal, Waldstr. 8, 7023 St\u00f6ttera<\/p>\n<p>[\/et_pb_text][et_pb_button button_url=&#8220;mailto:erich@alloflife.at&#8220; button_text=&#8220;zum Kurs anmelden&#8220; _builder_version=&#8220;4.23.1&#8243; _module_preset=&#8220;8e902f2d-fccc-4ae5-883a-aa15aac95455&#8243; global_colors_info=&#8220;{}&#8220;][\/et_pb_button][\/et_pb_column][\/et_pb_row][et_pb_row column_structure=&#8220;1_2,1_2&#8243; _builder_version=&#8220;4.21.0&#8243; _module_preset=&#8220;99c95a53-ab1e-4e61-8667-35210b924cde&#8220; width=&#8220;60%&#8220; width_tablet=&#8220;60%&#8220; width_phone=&#8220;90%&#8220; custom_margin=&#8220;0px|auto|0px|auto|false|false&#8220; custom_padding=&#8220;0px|0px|50px|0px|false|false&#8220; global_colors_info=&#8220;{}&#8220;][et_pb_column type=&#8220;1_2&#8243; _builder_version=&#8220;4.21.0&#8243; _module_preset=&#8220;default&#8220; global_colors_info=&#8220;{}&#8220;][et_pb_image src=&#8220;https:\/\/www.alloflife.at\/seeds\/wp-content\/uploads\/2024\/02\/IMG_20240205_141303-scaled.jpg&#8220; alt=&#8220;Gabi Stricker&#8220; title_text=&#8220;IMG_20240205_141303&#8243; _builder_version=&#8220;4.23.1&#8243; _module_preset=&#8220;d33c2ddd-e46d-4c62-975f-dc2adf4c205e&#8220; border_radii=&#8220;on|39px|39px|39px|39px&#8220; global_colors_info=&#8220;{}&#8220;][\/et_pb_image][\/et_pb_column][et_pb_column type=&#8220;1_2&#8243; _builder_version=&#8220;4.21.0&#8243; _module_preset=&#8220;default&#8220; global_colors_info=&#8220;{}&#8220;][et_pb_text _builder_version=&#8220;4.23.1&#8243; _module_preset=&#8220;6f241738-bb2e-493c-a0b9-4c5430072f88&#8243; header_4_text_align=&#8220;left&#8220; text_orientation=&#8220;left&#8220; global_colors_info=&#8220;{}&#8220;]<\/p>\n<h4>Yoga im Therapiezentrum beim Schloss \/ Eisenstadt<\/h4>\n<p>Wann &amp; Wo:<\/p>\n<p><strong>jeden Montag\u00a0\u00a0 <\/strong>18.30 bis 19.45 Uhr entspannt in den Abend<\/p>\n<p>Yogaraum Therapiezentrum beim Schloss (Dachgeschoss) , Hauptstr. 6, 7000 Eisenstadt<\/p>\n<p>[\/et_pb_text][et_pb_button button_url=&#8220;mailto:erich@alloflife.at&#8220; button_text=&#8220;zum Kurs anmelden&#8220; _builder_version=&#8220;4.23.1&#8243; _module_preset=&#8220;8e902f2d-fccc-4ae5-883a-aa15aac95455&#8243; global_colors_info=&#8220;{}&#8220;][\/et_pb_button][\/et_pb_column][\/et_pb_row][et_pb_row _builder_version=&#8220;4.23.1&#8243; _module_preset=&#8220;99c95a53-ab1e-4e61-8667-35210b924cde&#8220; width_phone=&#8220;90%&#8220; custom_margin=&#8220;2vh||7vh||false|false&#8220; global_colors_info=&#8220;{}&#8220;][et_pb_column type=&#8220;4_4&#8243; _builder_version=&#8220;4.21.0&#8243; _module_preset=&#8220;default&#8220; global_colors_info=&#8220;{}&#8220;][et_pb_text _builder_version=&#8220;4.23.1&#8243; _module_preset=&#8220;6f241738-bb2e-493c-a0b9-4c5430072f88&#8243; custom_margin=&#8220;1px||0px||false|false&#8220; custom_margin_tablet=&#8220;||20px||false|false&#8220; custom_margin_phone=&#8220;||20px||false|false&#8220; custom_margin_last_edited=&#8220;on|phone&#8220; global_colors_info=&#8220;{}&#8220;]<\/p>\n<h3>Yoga<\/h3>\n<p>Gerne in Gruppen- oder pers\u00f6nlichen Einzeleinheiten \u2013 so wie du es f\u00fcr DICH brauchst!<\/p>\n<p>Dauer: 75 min<br \/>Euro 20,- Einzeleinheit<\/p>\n<p>in der Gruppe 10er Block Euro 165,- (Preise variieren nach Ort des Kurses)<\/p>\n<p>pers\u00f6nliche Einzeleinheiten bei uns oder bei Dir vor Ort<br \/>Dauer: 75min<br \/>Euro 65,- (ohne Anfahrtskosten)<\/p>\n<p><strong>DU KANNST UNS AUCH GERNE F\u00dcR FIRMEN- ODER PRIVATE GRUPPEN STUNDEN KONTAKTIEREN!<\/strong><\/p>\n<p>So haben wir schon Yin Yoga specials f\u00fcr Firmen und Privat angeboten und auch laufend w\u00f6chentliche Stunden f\u00fcr Firmen abgehalten &#8211; wir freuen uns, gemeinsam mit dir einen Teil zur Gesunderhaltung deiner Mitarbeiter beizutragen. Oder einfach als Familie oder Freunde eine gemeinsame Yoga Auszeit zu genie\u00dfen (Preis nach Vereinbarung).<\/p>\n<h4><\/h4>\n<p>[\/et_pb_text][\/et_pb_column][\/et_pb_row][et_pb_row _builder_version=&#8220;4.21.0&#8243; _module_preset=&#8220;8cfc5dd8-d8e7-4913-bb88-10ad01941913&#8243; custom_padding=&#8220;0px||0px||false|false&#8220; border_radii=&#8220;on|25px|25px|25px|25px&#8220; locked=&#8220;off&#8220; global_colors_info=&#8220;{}&#8220;][et_pb_column type=&#8220;4_4&#8243; _builder_version=&#8220;4.21.0&#8243; _module_preset=&#8220;default&#8220; global_colors_info=&#8220;{}&#8220;][et_pb_slider show_arrows=&#8220;off&#8220; _builder_version=&#8220;4.23.1&#8243; _module_preset=&#8220;default&#8220; max_width=&#8220;1080px&#8220; module_alignment=&#8220;center&#8220; min_height=&#8220;50vh&#8220; height=&#8220;500px&#8220; auto=&#8220;on&#8220; auto_speed=&#8220;4000&#8243; global_colors_info=&#8220;{}&#8220;][et_pb_slide _builder_version=&#8220;4.23.1&#8243; _module_preset=&#8220;default&#8220; background_color=&#8220;RGBA(255,255,255,0)&#8220; background_enable_color=&#8220;on&#8220; background_image=&#8220;https:\/\/www.alloflife.at\/seeds\/wp-content\/uploads\/2024\/01\/IMG_20240113_183229-scaled.jpg&#8220; background_enable_image=&#8220;on&#8220; global_colors_info=&#8220;{}&#8220; sticky_transition=&#8220;on&#8220;][\/et_pb_slide][et_pb_slide _builder_version=&#8220;4.23.1&#8243; _module_preset=&#8220;default&#8220; background_color=&#8220;RGBA(255,255,255,0)&#8220; background_enable_color=&#8220;on&#8220; background_image=&#8220;https:\/\/www.alloflife.at\/seeds\/wp-content\/uploads\/2024\/01\/IMG_20231014_072443-scaled.jpg&#8220; background_enable_image=&#8220;on&#8220; global_colors_info=&#8220;{}&#8220; sticky_transition=&#8220;on&#8220;][\/et_pb_slide][et_pb_slide _builder_version=&#8220;4.23.1&#8243; _module_preset=&#8220;default&#8220; background_color=&#8220;RGBA(255,255,255,0)&#8220; background_enable_color=&#8220;on&#8220; background_image=&#8220;https:\/\/www.alloflife.at\/seeds\/wp-content\/uploads\/2024\/01\/DSC00217-Bearbeitet-4-1-scaled.jpg&#8220; background_enable_image=&#8220;on&#8220; global_colors_info=&#8220;{}&#8220; sticky_transition=&#8220;on&#8220;][\/et_pb_slide][et_pb_slide _builder_version=&#8220;4.23.1&#8243; _module_preset=&#8220;default&#8220; background_color=&#8220;RGBA(255,255,255,0)&#8220; background_enable_color=&#8220;on&#8220; background_image=&#8220;https:\/\/www.alloflife.at\/seeds\/wp-content\/uploads\/2024\/01\/IMG_20230914_173301-scaled.jpg&#8220; background_enable_image=&#8220;on&#8220; background_position=&#8220;bottom_center&#8220; global_colors_info=&#8220;{}&#8220; sticky_transition=&#8220;on&#8220;][\/et_pb_slide][et_pb_slide _builder_version=&#8220;4.23.1&#8243; _module_preset=&#8220;default&#8220; background_color=&#8220;RGBA(255,255,255,0)&#8220; background_enable_color=&#8220;on&#8220; background_image=&#8220;https:\/\/www.alloflife.at\/seeds\/wp-content\/uploads\/2024\/01\/DSC00482-Bearbeitet-scaled.jpg&#8220; background_enable_image=&#8220;on&#8220; global_colors_info=&#8220;{}&#8220; sticky_transition=&#8220;on&#8220;][\/et_pb_slide][\/et_pb_slider][\/et_pb_column][\/et_pb_row][\/et_pb_section]<\/p>\n","protected":false},"excerpt":{"rendered":"<p>eine Meditation in Bewegung &#8211; von Flow \u00fcber Meridian Yoga bis hin zu atemgef\u00fchrten Stunden findest du bei uns vielf\u00e4ltige Yoga-Angebote. Wir freuen uns auf dich! <\/p>\n","protected":false},"author":1,"featured_media":0,"parent":0,"menu_order":0,"comment_status":"closed","ping_status":"closed","template":"","meta":{"_et_pb_use_builder":"on","_et_pb_old_content":"","_et_gb_content_width":"","footnotes":""},"class_list":["post-55","page","type-page","status-publish","hentry"],"_links":{"self":[{"href":"https:\/\/www.alloflife.at\/seeds\/wp-json\/wp\/v2\/pages\/55","targetHints":{"allow":["GET"]}}],"collection":[{"href":"https:\/\/www.alloflife.at\/seeds\/wp-json\/wp\/v2\/pages"}],"about":[{"href":"https:\/\/www.alloflife.at\/seeds\/wp-json\/wp\/v2\/types\/page"}],"author":[{"embeddable":true,"href":"https:\/\/www.alloflife.at\/seeds\/wp-json\/wp\/v2\/users\/1"}],"replies":[{"embeddable":true,"href":"https:\/\/www.alloflife.at\/seeds\/wp-json\/wp\/v2\/comments?post=55"}],"version-history":[{"count":36,"href":"https:\/\/www.alloflife.at\/seeds\/wp-json\/wp\/v2\/pages\/55\/revisions"}],"predecessor-version":[{"id":239365,"href":"https:\/\/www.alloflife.at\/seeds\/wp-json\/wp\/v2\/pages\/55\/revisions\/239365"}],"wp:attachment":[{"href":"https:\/\/www.alloflife.at\/seeds\/wp-json\/wp\/v2\/media?parent=55"}],"curies":[{"name":"wp","href":"https:\/\/api.w.org\/{rel}","templated":true}]}}